{"id":22694,"date":"2023-11-29T02:35:38","date_gmt":"2023-11-29T02:35:38","guid":{"rendered":"https:\/\/www.tomatomonterosa.com\/monterosa-collection\/"},"modified":"2024-04-09T14:12:32","modified_gmt":"2024-04-09T14:12:32","slug":"monterosa-collection","status":"publish","type":"page","link":"https:\/\/www.tomatomonterosa.com\/pt-pt\/monterosa-collection\/","title":{"rendered":"Monterosa Collection"},"content":{"rendered":"\t\t<div data-elementor-type=\"wp-page\" data-elementor-id=\"22694\" class=\"elementor elementor-22694 elementor-17230\" data-elementor-post-type=\"page\">\n\t\t\t\t<div data-particle_enable=\"false\" data-particle-mobile-disabled=\"false\" class=\"elementor-element elementor-element-1983056d wd-section-stretch-content e-flex e-con-boxed e-con e-parent\" data-id=\"1983056d\" data-element_type=\"container\" data-settings=\"{&quot;background_background&quot;:&quot;classic&quot;}\">\n\t\t\t\t\t<div class=\"e-con-inner\">\n\t\t\t\t<div class=\"elementor-element elementor-element-75ba55b3 elementor-widget__width-inherit elementor-absolute elementor-widget elementor-widget-heading\" data-id=\"75ba55b3\" data-element_type=\"widget\" data-settings=\"{&quot;_position&quot;:&quot;absolute&quot;}\" data-widget_type=\"heading.default\">\n\t\t\t\t<div class=\"elementor-widget-container\">\n\t\t\t\t\t<h1 class=\"elementor-heading-title elementor-size-default\">Descubra as <br> nossas <br> novas <br> variedades com <br> novas cores, <br> texturas e <br> sabores.<\/h1>\t\t\t\t<\/div>\n\t\t\t\t<\/div>\n\t\t\t\t\t<\/div>\n\t\t\t\t<\/div>\n\t\t\t\t<section data-particle_enable=\"false\" data-particle-mobile-disabled=\"false\" class=\"wd-negative-gap elementor-section elementor-top-section elementor-element elementor-element-7b9e7cd4 wd-section-stretch-content elementor-section-boxed elementor-section-height-default elementor-section-height-default\" data-id=\"7b9e7cd4\" data-element_type=\"section\" data-settings=\"{&quot;background_background&quot;:&quot;classic&quot;}\">\n\t\t\t\t\t\t<div class=\"elementor-container elementor-column-gap-no\">\n\t\t\t\t\t<div class=\"elementor-column elementor-col-50 elementor-top-column elementor-element elementor-element-603afd2b\" data-id=\"603afd2b\" data-element_type=\"column\">\n\t\t\t<div class=\"elementor-widget-wrap\">\n\t\t\t\t\t\t\t<\/div>\n\t\t<\/div>\n\t\t\t\t<div class=\"elementor-column elementor-col-50 elementor-top-column elementor-element elementor-element-1b41d73\" data-id=\"1b41d73\" data-element_type=\"column\" data-settings=\"{&quot;background_background&quot;:&quot;classic&quot;}\">\n\t\t\t<div class=\"elementor-widget-wrap elementor-element-populated\">\n\t\t\t\t\t\t<div class=\"elementor-element elementor-element-33f3f8bb elementor-widget__width-initial elementor-widget elementor-widget-heading\" data-id=\"33f3f8bb\" data-element_type=\"widget\" data-widget_type=\"heading.default\">\n\t\t\t\t<div class=\"elementor-widget-container\">\n\t\t\t\t\t<h2 class=\"elementor-heading-title elementor-size-default\">Uma cole\u00e7ao <br>cheia de <br>possibilidades<\/h2>\t\t\t\t<\/div>\n\t\t\t\t<\/div>\n\t\t\t\t<div class=\"elementor-element elementor-element-50b0b433 elementor-widget__width-initial elementor-widget elementor-widget-wd_text_block\" data-id=\"50b0b433\" data-element_type=\"widget\" data-widget_type=\"wd_text_block.default\">\n\t\t\t\t<div class=\"elementor-widget-container\">\n\t\t\t\t\t\t\t<div class=\"wd-text-block reset-last-child text-left\">\n\t\t\t\n\t\t\t<p>\u201cDe todos os ingredientes que usamos nas<br \/> nossas cozinhas, o tomate \u00e9 certamente um <br \/>dos mais m\u00e1gicos e apaixonantes. O Monterosa <br \/>despertou a criatividade de muitos amantes da <br \/>cozinha. <strong><span style=\"color: #a60a3d;\">Ahora Collection, faz com que as <br \/>possibilidades cres^am exponencialmente: <\/span><\/strong>as suas cores, <br \/>texturas, sabores e frescura, trazemnos um <br \/>mundo novo de propostas culin\u00e1rias absolutamente <br \/>tentadoras e inovadoras\u201d.<\/p>\n<p><strong><span style=\"color: #a60a3d;\">Chef David Andr\u00e9s<\/span><\/strong><\/p>\n<p>3 anos melhor cozinheiro jovem de Espanha e Portugal <br \/>Finalista certame San Pelegrino World Young Chef <br \/>Chef do restaurante com estrela Michel\u00edn Via Veneto <br \/>Chef do restaurante Somiatruites<\/p>\n\n\t\t\t\t\t<\/div>\n\t\t\t\t\t\t<\/div>\n\t\t\t\t<\/div>\n\t\t\t\t\t<\/div>\n\t\t<\/div>\n\t\t\t\t\t<\/div>\n\t\t<\/section>\n\t\t\t\t<section data-particle_enable=\"false\" data-particle-mobile-disabled=\"false\" class=\"wd-negative-gap elementor-section elementor-top-section elementor-element elementor-element-15b9b0d wd-section-stretch-content elementor-section-content-middle elementor-section-boxed elementor-section-height-default elementor-section-height-default\" data-id=\"15b9b0d\" data-element_type=\"section\">\n\t\t\t\t\t\t<div class=\"elementor-container elementor-column-gap-no\">\n\t\t\t\t\t<div class=\"elementor-column elementor-col-50 elementor-top-column elementor-element elementor-element-9eaecd8\" data-id=\"9eaecd8\" data-element_type=\"column\">\n\t\t\t<div class=\"elementor-widget-wrap elementor-element-populated\">\n\t\t\t\t\t\t<div class=\"elementor-element elementor-element-95cc5c3 elementor-widget elementor-widget-image\" data-id=\"95cc5c3\" data-element_type=\"widget\" data-widget_type=\"image.default\">\n\t\t\t\t<div class=\"elementor-widget-container\">\n\t\t\t\t\t\t\t\t\t\t\t\t\t\t\t<img decoding=\"async\" width=\"594\" height=\"442\" src=\"https:\/\/www.tomatomonterosa.com\/wp-content\/uploads\/2023\/08\/tomate-monterosa-amarillo.jpg\" class=\"attachment-full size-full wp-image-19863\" alt=\"Monterosa Collection. Una collecion de tomates llena de posibilidades.\" srcset=\"https:\/\/www.tomatomonterosa.com\/wp-content\/uploads\/2023\/08\/tomate-monterosa-amarillo.jpg 594w, https:\/\/www.tomatomonterosa.com\/wp-content\/uploads\/2023\/08\/tomate-monterosa-amarillo-300x223.jpg 300w, https:\/\/www.tomatomonterosa.com\/wp-content\/uploads\/2023\/08\/tomate-monterosa-amarillo-150x112.jpg 150w\" sizes=\"(max-width: 594px) 100vw, 594px\" title=\"\">\t\t\t\t\t\t\t\t\t\t\t\t\t\t\t<\/div>\n\t\t\t\t<\/div>\n\t\t\t\t\t<\/div>\n\t\t<\/div>\n\t\t\t\t<div class=\"elementor-column elementor-col-50 elementor-top-column elementor-element elementor-element-4dc9b28\" data-id=\"4dc9b28\" data-element_type=\"column\" data-settings=\"{&quot;background_background&quot;:&quot;classic&quot;}\">\n\t\t\t<div class=\"elementor-widget-wrap elementor-element-populated\">\n\t\t\t\t\t<div class=\"elementor-background-overlay\"><\/div>\n\t\t\t\t\t\t<div class=\"elementor-element elementor-element-7d9bc17 elementor-widget__width-initial elementor-widget elementor-widget-heading\" data-id=\"7d9bc17\" data-element_type=\"widget\" data-widget_type=\"heading.default\">\n\t\t\t\t<div class=\"elementor-widget-container\">\n\t\t\t\t\t<h2 class=\"elementor-heading-title elementor-size-default\">Amarelo<\/h2>\t\t\t\t<\/div>\n\t\t\t\t<\/div>\n\t\t\t\t<div class=\"elementor-element elementor-element-f14defd color-scheme-inherit text-left elementor-widget elementor-widget-text-editor\" data-id=\"f14defd\" data-element_type=\"widget\" data-widget_type=\"text-editor.default\">\n\t\t\t\t<div class=\"elementor-widget-container\">\n\t\t\t\t\t\t\t\t\t<p>Nota de prova<\/p>\n\t\t\t\t\t\t\t\t<\/div>\n\t\t\t\t<\/div>\n\t\t\t\t<div class=\"elementor-element elementor-element-d1b896b color-scheme-inherit text-left elementor-widget elementor-widget-text-editor\" data-id=\"d1b896b\" data-element_type=\"widget\" data-widget_type=\"text-editor.default\">\n\t\t\t\t<div class=\"elementor-widget-container\">\n\t\t\t\t\t\t\t\t\t<p><span style=\"font-weight: 400;\">De cor amarelo perolado brilhante, a sua textura \u00e9 suave e diluise facilmente na<br \/>\nboca com uma sensa\u00e7ao muito refrescante. Proporciona um sabor muito equilibrado em<br \/>\ndo\u00e7ura e um sabor que no fim revela notas ex\u00f3ticas e herb\u00e1ceas.<\/span><\/p>\n\t\t\t\t\t\t\t\t<\/div>\n\t\t\t\t<\/div>\n\t\t\t\t<div class=\"elementor-element elementor-element-81534d4 color-scheme-inherit text-left elementor-widget elementor-widget-text-editor\" data-id=\"81534d4\" data-element_type=\"widget\" data-widget_type=\"text-editor.default\">\n\t\t\t\t<div class=\"elementor-widget-container\">\n\t\t\t\t\t\t\t\t\t<p>Propriedades nutricionais<\/p>\n\t\t\t\t\t\t\t\t<\/div>\n\t\t\t\t<\/div>\n\t\t\t\t<div class=\"elementor-element elementor-element-c1bb6b2 color-scheme-inherit text-left elementor-widget elementor-widget-text-editor\" data-id=\"c1bb6b2\" data-element_type=\"widget\" data-widget_type=\"text-editor.default\">\n\t\t\t\t<div class=\"elementor-widget-container\">\n\t\t\t\t\t\t\t\t\tFornece um teor superior de vitamina C comparado com outros tomates e tem a presenta\r\nde maltotriose, um purificador natural do h\u00e1lito\t\t\t\t\t\t\t\t<\/div>\n\t\t\t\t<\/div>\n\t\t\t\t\t<\/div>\n\t\t<\/div>\n\t\t\t\t\t<\/div>\n\t\t<\/section>\n\t\t\t\t<section data-particle_enable=\"false\" data-particle-mobile-disabled=\"false\" class=\"wd-negative-gap elementor-section elementor-top-section elementor-element elementor-element-0fb5d75 wd-section-stretch-content elementor-section-content-middle elementor-section-boxed elementor-section-height-default elementor-section-height-default\" data-id=\"0fb5d75\" data-element_type=\"section\">\n\t\t\t\t\t\t<div class=\"elementor-container elementor-column-gap-no\">\n\t\t\t\t\t<div class=\"elementor-column elementor-col-50 elementor-top-column elementor-element elementor-element-81a9b3c\" data-id=\"81a9b3c\" data-element_type=\"column\">\n\t\t\t<div class=\"elementor-widget-wrap elementor-element-populated\">\n\t\t\t\t\t\t<div class=\"elementor-element elementor-element-0b328f0 elementor-widget elementor-widget-image\" data-id=\"0b328f0\" data-element_type=\"widget\" data-widget_type=\"image.default\">\n\t\t\t\t<div class=\"elementor-widget-container\">\n\t\t\t\t\t\t\t\t\t\t\t\t\t\t\t<img decoding=\"async\" width=\"597\" height=\"441\" src=\"https:\/\/www.tomatomonterosa.com\/wp-content\/uploads\/2023\/08\/tomate-monterosa-chocolate.jpg\" class=\"attachment-full size-full wp-image-19867\" alt=\"Monterosa Collection Chocolate. Una collecion de tomates llena de posibilidades. Foto del tomate hecha desde arriba.\" srcset=\"https:\/\/www.tomatomonterosa.com\/wp-content\/uploads\/2023\/08\/tomate-monterosa-chocolate.jpg 597w, https:\/\/www.tomatomonterosa.com\/wp-content\/uploads\/2023\/08\/tomate-monterosa-chocolate-300x222.jpg 300w, https:\/\/www.tomatomonterosa.com\/wp-content\/uploads\/2023\/08\/tomate-monterosa-chocolate-150x111.jpg 150w\" sizes=\"(max-width: 597px) 100vw, 597px\" title=\"\">\t\t\t\t\t\t\t\t\t\t\t\t\t\t\t<\/div>\n\t\t\t\t<\/div>\n\t\t\t\t\t<\/div>\n\t\t<\/div>\n\t\t\t\t<div class=\"elementor-column elementor-col-50 elementor-top-column elementor-element elementor-element-5ce3e3a\" data-id=\"5ce3e3a\" data-element_type=\"column\" data-settings=\"{&quot;background_background&quot;:&quot;classic&quot;}\">\n\t\t\t<div class=\"elementor-widget-wrap elementor-element-populated\">\n\t\t\t\t\t<div class=\"elementor-background-overlay\"><\/div>\n\t\t\t\t\t\t<div class=\"elementor-element elementor-element-abb71bf elementor-widget__width-initial elementor-widget elementor-widget-heading\" data-id=\"abb71bf\" data-element_type=\"widget\" data-widget_type=\"heading.default\">\n\t\t\t\t<div class=\"elementor-widget-container\">\n\t\t\t\t\t<h3 class=\"elementor-heading-title elementor-size-default\">Chocolate<\/h3>\t\t\t\t<\/div>\n\t\t\t\t<\/div>\n\t\t\t\t<div class=\"elementor-element elementor-element-76a8d30 color-scheme-inherit text-left elementor-widget elementor-widget-text-editor\" data-id=\"76a8d30\" data-element_type=\"widget\" data-widget_type=\"text-editor.default\">\n\t\t\t\t<div class=\"elementor-widget-container\">\n\t\t\t\t\t\t\t\t\t<p>Nota de prova<\/p>\n\t\t\t\t\t\t\t\t<\/div>\n\t\t\t\t<\/div>\n\t\t\t\t<div class=\"elementor-element elementor-element-cb6cea2 color-scheme-inherit text-left elementor-widget elementor-widget-text-editor\" data-id=\"cb6cea2\" data-element_type=\"widget\" data-widget_type=\"text-editor.default\">\n\t\t\t\t<div class=\"elementor-widget-container\">\n\t\t\t\t\t\t\t\t\t<p><span style=\"font-weight: 400;\">De uma cor que mistura o vermelho e o chocolate, tem uma carne macia e suculenta quando se<br \/>\nmorde. Quando<br \/>\no degustamos, reparamos no seu sabor adocicado que se sobrepoe a uma baixa acidez. Na sua passagem final pela boca, surgem notas tostadas.<\/span><\/p>\n\t\t\t\t\t\t\t\t<\/div>\n\t\t\t\t<\/div>\n\t\t\t\t<div class=\"elementor-element elementor-element-574f99d color-scheme-inherit text-left elementor-widget elementor-widget-text-editor\" data-id=\"574f99d\" data-element_type=\"widget\" data-widget_type=\"text-editor.default\">\n\t\t\t\t<div class=\"elementor-widget-container\">\n\t\t\t\t\t\t\t\t\t<p>Propriedades nutricionais<\/p>\n\t\t\t\t\t\t\t\t<\/div>\n\t\t\t\t<\/div>\n\t\t\t\t<div class=\"elementor-element elementor-element-7f8683c color-scheme-inherit text-left elementor-widget elementor-widget-text-editor\" data-id=\"7f8683c\" data-element_type=\"widget\" data-widget_type=\"text-editor.default\">\n\t\t\t\t<div class=\"elementor-widget-container\">\n\t\t\t\t\t\t\t\t\t<p>Presenta de vitamina B6 e muitos antioxidantes.<\/p>\n\t\t\t\t\t\t\t\t<\/div>\n\t\t\t\t<\/div>\n\t\t\t\t\t<\/div>\n\t\t<\/div>\n\t\t\t\t\t<\/div>\n\t\t<\/section>\n\t\t\t\t<section data-particle_enable=\"false\" data-particle-mobile-disabled=\"false\" class=\"wd-negative-gap elementor-section elementor-top-section elementor-element elementor-element-47e89f8 wd-section-stretch-content elementor-section-content-middle elementor-section-boxed elementor-section-height-default elementor-section-height-default\" data-id=\"47e89f8\" data-element_type=\"section\">\n\t\t\t\t\t\t<div class=\"elementor-container elementor-column-gap-no\">\n\t\t\t\t\t<div class=\"elementor-column elementor-col-50 elementor-top-column elementor-element elementor-element-f700fbb\" data-id=\"f700fbb\" data-element_type=\"column\">\n\t\t\t<div class=\"elementor-widget-wrap elementor-element-populated\">\n\t\t\t\t\t\t<div class=\"elementor-element elementor-element-f9f4489 elementor-widget elementor-widget-image\" data-id=\"f9f4489\" data-element_type=\"widget\" data-widget_type=\"image.default\">\n\t\t\t\t<div class=\"elementor-widget-container\">\n\t\t\t\t\t\t\t\t\t\t\t\t\t\t\t<img decoding=\"async\" width=\"598\" height=\"442\" src=\"https:\/\/www.tomatomonterosa.com\/wp-content\/uploads\/2023\/08\/tomate-monterosa-naranja.jpg\" class=\"attachment-full size-full wp-image-19875\" alt=\"Monterosa Collection Naranja. Una collecion de tomates llena de posibilidades. Foto del tomate hecha desde arriba.\" srcset=\"https:\/\/www.tomatomonterosa.com\/wp-content\/uploads\/2023\/08\/tomate-monterosa-naranja.jpg 598w, https:\/\/www.tomatomonterosa.com\/wp-content\/uploads\/2023\/08\/tomate-monterosa-naranja-300x222.jpg 300w, https:\/\/www.tomatomonterosa.com\/wp-content\/uploads\/2023\/08\/tomate-monterosa-naranja-150x111.jpg 150w\" sizes=\"(max-width: 598px) 100vw, 598px\" title=\"\">\t\t\t\t\t\t\t\t\t\t\t\t\t\t\t<\/div>\n\t\t\t\t<\/div>\n\t\t\t\t\t<\/div>\n\t\t<\/div>\n\t\t\t\t<div class=\"elementor-column elementor-col-50 elementor-top-column elementor-element elementor-element-1cc13a2\" data-id=\"1cc13a2\" data-element_type=\"column\" data-settings=\"{&quot;background_background&quot;:&quot;classic&quot;}\">\n\t\t\t<div class=\"elementor-widget-wrap elementor-element-populated\">\n\t\t\t\t\t<div class=\"elementor-background-overlay\"><\/div>\n\t\t\t\t\t\t<div class=\"elementor-element elementor-element-7da8573 elementor-widget__width-initial elementor-widget elementor-widget-heading\" data-id=\"7da8573\" data-element_type=\"widget\" data-widget_type=\"heading.default\">\n\t\t\t\t<div class=\"elementor-widget-container\">\n\t\t\t\t\t<h3 class=\"elementor-heading-title elementor-size-default\">Laranja<\/h3>\t\t\t\t<\/div>\n\t\t\t\t<\/div>\n\t\t\t\t<div class=\"elementor-element elementor-element-b3afa1a color-scheme-inherit text-left elementor-widget elementor-widget-text-editor\" data-id=\"b3afa1a\" data-element_type=\"widget\" data-widget_type=\"text-editor.default\">\n\t\t\t\t<div class=\"elementor-widget-container\">\n\t\t\t\t\t\t\t\t\t<p>Nota de prova<\/p>\n\t\t\t\t\t\t\t\t<\/div>\n\t\t\t\t<\/div>\n\t\t\t\t<div class=\"elementor-element elementor-element-fbf9e06 color-scheme-inherit text-left elementor-widget elementor-widget-text-editor\" data-id=\"fbf9e06\" data-element_type=\"widget\" data-widget_type=\"text-editor.default\">\n\t\t\t\t<div class=\"elementor-widget-container\">\n\t\t\t\t\t\t\t\t\tDe cor laranja ex\u00f3tico tem uma textura ligeiramente crocante que liberta uma grande\r\nsuculencia. O seu sabor \u00e9 um primeiro momento, sabor intenso a tomate e depois com\r\naromas frutados e frescos.\t\t\t\t\t\t\t\t<\/div>\n\t\t\t\t<\/div>\n\t\t\t\t<div class=\"elementor-element elementor-element-313ea2f color-scheme-inherit text-left elementor-widget elementor-widget-text-editor\" data-id=\"313ea2f\" data-element_type=\"widget\" data-widget_type=\"text-editor.default\">\n\t\t\t\t<div class=\"elementor-widget-container\">\n\t\t\t\t\t\t\t\t\t<p>Propriedades nutricionais<\/p>\n\t\t\t\t\t\t\t\t<\/div>\n\t\t\t\t<\/div>\n\t\t\t\t<div class=\"elementor-element elementor-element-bc3738e color-scheme-inherit text-left elementor-widget elementor-widget-text-editor\" data-id=\"bc3738e\" data-element_type=\"widget\" data-widget_type=\"text-editor.default\">\n\t\t\t\t<div class=\"elementor-widget-container\">\n\t\t\t\t\t\t\t\t\t<p>Rico em \u00e1cido cal\u00e9ndico fonte de \u00f3mega 6 e presente na cal\u00e9ndula.<\/p>\n\t\t\t\t\t\t\t\t<\/div>\n\t\t\t\t<\/div>\n\t\t\t\t\t<\/div>\n\t\t<\/div>\n\t\t\t\t\t<\/div>\n\t\t<\/section>\n\t\t\t\t<section data-particle_enable=\"false\" data-particle-mobile-disabled=\"false\" class=\"wd-negative-gap elementor-section elementor-top-section elementor-element elementor-element-6b50d85 wd-section-stretch-content elementor-section-content-middle elementor-section-boxed elementor-section-height-default elementor-section-height-default\" data-id=\"6b50d85\" data-element_type=\"section\">\n\t\t\t\t\t\t<div class=\"elementor-container elementor-column-gap-no\">\n\t\t\t\t\t<div class=\"elementor-column elementor-col-50 elementor-top-column elementor-element elementor-element-7610126\" data-id=\"7610126\" data-element_type=\"column\">\n\t\t\t<div class=\"elementor-widget-wrap elementor-element-populated\">\n\t\t\t\t\t\t<div class=\"elementor-element elementor-element-e03425f elementor-widget elementor-widget-image\" data-id=\"e03425f\" data-element_type=\"widget\" data-widget_type=\"image.default\">\n\t\t\t\t<div class=\"elementor-widget-container\">\n\t\t\t\t\t\t\t\t\t\t\t\t\t\t\t<img decoding=\"async\" width=\"598\" height=\"440\" src=\"https:\/\/www.tomatomonterosa.com\/wp-content\/uploads\/2023\/08\/tomate-monterosa-rosa.jpg\" class=\"attachment-full size-full wp-image-19883\" alt=\"Monterosa Collection Rosa. Una collecion de tomates llena de posibilidades. Foto del tomate hecha desde arriba.\" srcset=\"https:\/\/www.tomatomonterosa.com\/wp-content\/uploads\/2023\/08\/tomate-monterosa-rosa.jpg 598w, https:\/\/www.tomatomonterosa.com\/wp-content\/uploads\/2023\/08\/tomate-monterosa-rosa-300x221.jpg 300w, https:\/\/www.tomatomonterosa.com\/wp-content\/uploads\/2023\/08\/tomate-monterosa-rosa-150x110.jpg 150w\" sizes=\"(max-width: 598px) 100vw, 598px\" title=\"\">\t\t\t\t\t\t\t\t\t\t\t\t\t\t\t<\/div>\n\t\t\t\t<\/div>\n\t\t\t\t\t<\/div>\n\t\t<\/div>\n\t\t\t\t<div class=\"elementor-column elementor-col-50 elementor-top-column elementor-element elementor-element-5df25b9\" data-id=\"5df25b9\" data-element_type=\"column\" data-settings=\"{&quot;background_background&quot;:&quot;classic&quot;}\">\n\t\t\t<div class=\"elementor-widget-wrap elementor-element-populated\">\n\t\t\t\t\t<div class=\"elementor-background-overlay\"><\/div>\n\t\t\t\t\t\t<div class=\"elementor-element elementor-element-46d4cbf elementor-widget__width-initial elementor-widget elementor-widget-heading\" data-id=\"46d4cbf\" data-element_type=\"widget\" data-widget_type=\"heading.default\">\n\t\t\t\t<div class=\"elementor-widget-container\">\n\t\t\t\t\t<h3 class=\"elementor-heading-title elementor-size-default\">Rosa<\/h3>\t\t\t\t<\/div>\n\t\t\t\t<\/div>\n\t\t\t\t<div class=\"elementor-element elementor-element-1b43f00 color-scheme-inherit text-left elementor-widget elementor-widget-text-editor\" data-id=\"1b43f00\" data-element_type=\"widget\" data-widget_type=\"text-editor.default\">\n\t\t\t\t<div class=\"elementor-widget-container\">\n\t\t\t\t\t\t\t\t\t<p>Nota de prova<\/p>\n\t\t\t\t\t\t\t\t<\/div>\n\t\t\t\t<\/div>\n\t\t\t\t<div class=\"elementor-element elementor-element-f0b6a35 color-scheme-inherit text-left elementor-widget elementor-widget-text-editor\" data-id=\"f0b6a35\" data-element_type=\"widget\" data-widget_type=\"text-editor.default\">\n\t\t\t\t<div class=\"elementor-widget-container\">\n\t\t\t\t\t\t\t\t\t<p>Caracter\u00edstico vermelho rosado, surpreende-nos pela sua textura compacta e elevada<br \/>\nsucul\u00e9ncia. Quando o degustamos, oferece-nos um sabor intenso a tomate com toques frutados e<br \/>\nvegetativos.<\/p>\n\t\t\t\t\t\t\t\t<\/div>\n\t\t\t\t<\/div>\n\t\t\t\t<div class=\"elementor-element elementor-element-d787ce7 color-scheme-inherit text-left elementor-widget elementor-widget-text-editor\" data-id=\"d787ce7\" data-element_type=\"widget\" data-widget_type=\"text-editor.default\">\n\t\t\t\t<div class=\"elementor-widget-container\">\n\t\t\t\t\t\t\t\t\t<p>Propriedades nutricionais<\/p>\n\t\t\t\t\t\t\t\t<\/div>\n\t\t\t\t<\/div>\n\t\t\t\t<div class=\"elementor-element elementor-element-3ad07a3 color-scheme-inherit text-left elementor-widget elementor-widget-text-editor\" data-id=\"3ad07a3\" data-element_type=\"widget\" data-widget_type=\"text-editor.default\">\n\t\t\t\t<div class=\"elementor-widget-container\">\n\t\t\t\t\t\t\t\t\t<p>Fonte de Vitamina B1 e antioxidantes.<\/p>\n\t\t\t\t\t\t\t\t<\/div>\n\t\t\t\t<\/div>\n\t\t\t\t\t<\/div>\n\t\t<\/div>\n\t\t\t\t\t<\/div>\n\t\t<\/section>\n\t\t\t\t<\/div>\n\t\t","protected":false},"excerpt":{"rendered":"<p>Descubra as nossas novas variedades com novas cores, texturas e sabores. Uma cole\u00e7ao cheia de possibilidades \u201cDe todos os ingredientes<\/p>\n","protected":false},"author":1,"featured_media":0,"parent":0,"menu_order":0,"comment_status":"closed","ping_status":"closed","template":"","meta":{"_acf_changed":false,"footnotes":""},"class_list":["post-22694","page","type-page","status-publish","hentry"],"acf":[],"_links":{"self":[{"href":"https:\/\/www.tomatomonterosa.com\/pt-pt\/wp-json\/wp\/v2\/pages\/22694","targetHints":{"allow":["GET"]}}],"collection":[{"href":"https:\/\/www.tomatomonterosa.com\/pt-pt\/wp-json\/wp\/v2\/pages"}],"about":[{"href":"https:\/\/www.tomatomonterosa.com\/pt-pt\/wp-json\/wp\/v2\/types\/page"}],"author":[{"embeddable":true,"href":"https:\/\/www.tomatomonterosa.com\/pt-pt\/wp-json\/wp\/v2\/users\/1"}],"replies":[{"embeddable":true,"href":"https:\/\/www.tomatomonterosa.com\/pt-pt\/wp-json\/wp\/v2\/comments?post=22694"}],"version-history":[{"count":0,"href":"https:\/\/www.tomatomonterosa.com\/pt-pt\/wp-json\/wp\/v2\/pages\/22694\/revisions"}],"wp:attachment":[{"href":"https:\/\/www.tomatomonterosa.com\/pt-pt\/wp-json\/wp\/v2\/media?parent=22694"}],"curies":[{"name":"wp","href":"https:\/\/api.w.org\/{rel}","templated":true}]}}