{"id":22627,"date":"2023-11-28T00:22:01","date_gmt":"2023-11-28T00:22:01","guid":{"rendered":"https:\/\/www.tomatomonterosa.com\/blog\/"},"modified":"2025-09-23T11:56:51","modified_gmt":"2025-09-23T11:56:51","slug":"blog","status":"publish","type":"page","link":"https:\/\/www.tomatomonterosa.com\/pt-pt\/blog\/","title":{"rendered":"Blog"},"content":{"rendered":"\t\t<div data-elementor-type=\"wp-page\" data-elementor-id=\"22627\" class=\"elementor elementor-22627 elementor-16564\" data-elementor-post-type=\"page\">\n\t\t\t\t<div data-particle_enable=\"false\" data-particle-mobile-disabled=\"false\" class=\"elementor-element elementor-element-2b4a9697 wd-section-stretch-content e-flex e-con-boxed e-con e-parent\" data-id=\"2b4a9697\" data-element_type=\"container\" data-settings=\"{&quot;background_background&quot;:&quot;classic&quot;}\">\n\t\t\t\t\t<div class=\"e-con-inner\">\n\t\t\t\t<div class=\"elementor-element elementor-element-6bf42eee elementor-widget__width-inherit elementor-absolute elementor-widget elementor-widget-heading\" data-id=\"6bf42eee\" data-element_type=\"widget\" data-settings=\"{&quot;_position&quot;:&quot;absolute&quot;}\" data-widget_type=\"heading.default\">\n\t\t\t\t<div class=\"elementor-widget-container\">\n\t\t\t\t\t<h1 class=\"elementor-heading-title elementor-size-default\">Blog<\/h1>\t\t\t\t<\/div>\n\t\t\t\t<\/div>\n\t\t\t\t\t<\/div>\n\t\t\t\t<\/div>\n\t\t<div data-particle_enable=\"false\" data-particle-mobile-disabled=\"false\" class=\"wd-negative-gap elementor-element elementor-element-03f6701 e-flex e-con-boxed e-con e-parent\" data-id=\"03f6701\" data-element_type=\"container\">\n\t\t\t\t\t<div class=\"e-con-inner\">\n\t\t\t\t<div class=\"elementor-element elementor-element-b69e57e elementor-grid-3 elementor-grid-tablet-2 elementor-grid-mobile-1 elementor-posts--thumbnail-top elementor-card-shadow-yes elementor-posts__hover-gradient elementor-widget elementor-widget-posts\" data-id=\"b69e57e\" data-element_type=\"widget\" data-settings=\"{&quot;pagination_type&quot;:&quot;load_more_infinite_scroll&quot;,&quot;cards_columns&quot;:&quot;3&quot;,&quot;cards_columns_tablet&quot;:&quot;2&quot;,&quot;cards_columns_mobile&quot;:&quot;1&quot;,&quot;cards_row_gap&quot;:{&quot;unit&quot;:&quot;px&quot;,&quot;size&quot;:35,&quot;sizes&quot;:[]},&quot;cards_row_gap_widescreen&quot;:{&quot;unit&quot;:&quot;px&quot;,&quot;size&quot;:&quot;&quot;,&quot;sizes&quot;:[]},&quot;cards_row_gap_laptop&quot;:{&quot;unit&quot;:&quot;px&quot;,&quot;size&quot;:&quot;&quot;,&quot;sizes&quot;:[]},&quot;cards_row_gap_tablet&quot;:{&quot;unit&quot;:&quot;px&quot;,&quot;size&quot;:&quot;&quot;,&quot;sizes&quot;:[]},&quot;cards_row_gap_mobile&quot;:{&quot;unit&quot;:&quot;px&quot;,&quot;size&quot;:&quot;&quot;,&quot;sizes&quot;:[]},&quot;load_more_spinner&quot;:{&quot;value&quot;:&quot;fas fa-spinner&quot;,&quot;library&quot;:&quot;fa-solid&quot;}}\" data-widget_type=\"posts.cards\">\n\t\t\t\t<div class=\"elementor-widget-container\">\n\t\t\t\t\t\t\t<div class=\"elementor-posts-container elementor-posts elementor-posts--skin-cards elementor-grid\" role=\"list\">\n\t\t\t\t<article class=\"elementor-post elementor-grid-item post-23332 post type-post status-publish format-standard has-post-thumbnail hentry category-sem-categoria\" role=\"listitem\">\n\t\t\t<div class=\"elementor-post__card\">\n\t\t\t\t<a class=\"elementor-post__thumbnail__link\" href=\"https:\/\/www.tomatomonterosa.com\/pt-pt\/sabias-que\/\" tabindex=\"-1\" ><div class=\"elementor-post__thumbnail\"><img decoding=\"async\" width=\"1440\" height=\"924\" src=\"https:\/\/www.tomatomonterosa.com\/wp-content\/uploads\/2023\/08\/sabias-que-curiosidades-tomate-monterosa.jpg\" class=\"attachment-full size-full wp-image-21060\" alt=\"Tartar de tomate Monterosa con fresas. En la imagen la mano de una persona acerc\u00e1ndose al plato y un libro de fondo. Tartar en un plato elegante.\" srcset=\"https:\/\/www.tomatomonterosa.com\/wp-content\/uploads\/2023\/08\/sabias-que-curiosidades-tomate-monterosa.jpg 1440w, https:\/\/www.tomatomonterosa.com\/wp-content\/uploads\/2023\/08\/sabias-que-curiosidades-tomate-monterosa-300x193.jpg 300w, https:\/\/www.tomatomonterosa.com\/wp-content\/uploads\/2023\/08\/sabias-que-curiosidades-tomate-monterosa-1024x657.jpg 1024w, https:\/\/www.tomatomonterosa.com\/wp-content\/uploads\/2023\/08\/sabias-que-curiosidades-tomate-monterosa-150x96.jpg 150w, https:\/\/www.tomatomonterosa.com\/wp-content\/uploads\/2023\/08\/sabias-que-curiosidades-tomate-monterosa-768x493.jpg 768w, https:\/\/www.tomatomonterosa.com\/wp-content\/uploads\/2023\/08\/sabias-que-curiosidades-tomate-monterosa-600x385.jpg 600w\" sizes=\"(max-width: 1440px) 100vw, 1440px\" title=\"\"><\/div><\/a>\n\t\t\t\t<div class=\"elementor-post__text\">\n\t\t\t\t<h2 class=\"elementor-post__title\">\n\t\t\t<a href=\"https:\/\/www.tomatomonterosa.com\/pt-pt\/sabias-que\/\" >\n\t\t\t\tSabias que\u2026\t\t\t<\/a>\n\t\t<\/h2>\n\t\t\t\t<div class=\"elementor-post__excerpt\">\n\t\t\t<p>Todas as plantas t\u00eam sexo, mas em fun\u00e7\u00e3o do tipo de planta que se trate, reproduzir-se-\u00e1 por meio de mecanismos assexuais ou sexuais.<\/p>\n\t\t<\/div>\n\t\t\t\t\t<div class=\"elementor-post__read-more-wrapper\">\n\t\t\n\t\t<a class=\"elementor-post__read-more\" href=\"https:\/\/www.tomatomonterosa.com\/pt-pt\/sabias-que\/\" aria-label=\"Read more about Sabias que\u2026\" tabindex=\"-1\" >\n\t\t\tLer mais \u00bb\t\t<\/a>\n\n\t\t\t\t\t<\/div>\n\t\t\t\t<\/div>\n\t\t\t\t<div class=\"elementor-post__meta-data\">\n\t\t\t\t\t<span class=\"elementor-post-date\">\n\t\t\t30 Novembro, 2023\t\t<\/span>\n\t\t\t\t<span class=\"elementor-post-avatar\">\n\t\t\tSem coment\u00e1rios\t\t<\/span>\n\t\t\t\t<\/div>\n\t\t\t\t\t<\/div>\n\t\t<\/article>\n\t\t\t\t<article class=\"elementor-post elementor-grid-item post-23324 post type-post status-publish format-standard has-post-thumbnail hentry category-sem-categoria\" role=\"listitem\">\n\t\t\t<div class=\"elementor-post__card\">\n\t\t\t\t<a class=\"elementor-post__thumbnail__link\" href=\"https:\/\/www.tomatomonterosa.com\/pt-pt\/o-que-e-o-tomate\/\" tabindex=\"-1\" ><div class=\"elementor-post__thumbnail\"><img decoding=\"async\" width=\"1440\" height=\"924\" src=\"https:\/\/www.tomatomonterosa.com\/wp-content\/uploads\/2023\/08\/que-es-el-tomate-curiosidades-monterosa.jpg\" class=\"attachment-full size-full wp-image-21051\" alt=\"En la imagen una mano sosteniendo un rico y sabroso tomate Monterosa. La chica lleva las u\u00f1as rojas a juego con el detalle del tomate.\" srcset=\"https:\/\/www.tomatomonterosa.com\/wp-content\/uploads\/2023\/08\/que-es-el-tomate-curiosidades-monterosa.jpg 1440w, https:\/\/www.tomatomonterosa.com\/wp-content\/uploads\/2023\/08\/que-es-el-tomate-curiosidades-monterosa-300x193.jpg 300w, https:\/\/www.tomatomonterosa.com\/wp-content\/uploads\/2023\/08\/que-es-el-tomate-curiosidades-monterosa-1024x657.jpg 1024w, https:\/\/www.tomatomonterosa.com\/wp-content\/uploads\/2023\/08\/que-es-el-tomate-curiosidades-monterosa-150x96.jpg 150w, https:\/\/www.tomatomonterosa.com\/wp-content\/uploads\/2023\/08\/que-es-el-tomate-curiosidades-monterosa-768x493.jpg 768w, https:\/\/www.tomatomonterosa.com\/wp-content\/uploads\/2023\/08\/que-es-el-tomate-curiosidades-monterosa-600x385.jpg 600w\" sizes=\"(max-width: 1440px) 100vw, 1440px\" title=\"\"><\/div><\/a>\n\t\t\t\t<div class=\"elementor-post__text\">\n\t\t\t\t<h2 class=\"elementor-post__title\">\n\t\t\t<a href=\"https:\/\/www.tomatomonterosa.com\/pt-pt\/o-que-e-o-tomate\/\" >\n\t\t\t\tO que \u00e9 o tomate?\t\t\t<\/a>\n\t\t<\/h2>\n\t\t\t\t<div class=\"elementor-post__excerpt\">\n\t\t\t<p>Sabemos o que significa a palavra tomate?<br \/>\nDe onde vem o termo?<\/p>\n\t\t<\/div>\n\t\t\t\t\t<div class=\"elementor-post__read-more-wrapper\">\n\t\t\n\t\t<a class=\"elementor-post__read-more\" href=\"https:\/\/www.tomatomonterosa.com\/pt-pt\/o-que-e-o-tomate\/\" aria-label=\"Read more about O que \u00e9 o tomate?\" tabindex=\"-1\" >\n\t\t\tLer mais \u00bb\t\t<\/a>\n\n\t\t\t\t\t<\/div>\n\t\t\t\t<\/div>\n\t\t\t\t<div class=\"elementor-post__meta-data\">\n\t\t\t\t\t<span class=\"elementor-post-date\">\n\t\t\t30 Novembro, 2023\t\t<\/span>\n\t\t\t\t<span class=\"elementor-post-avatar\">\n\t\t\tSem coment\u00e1rios\t\t<\/span>\n\t\t\t\t<\/div>\n\t\t\t\t\t<\/div>\n\t\t<\/article>\n\t\t\t\t<article class=\"elementor-post elementor-grid-item post-23312 post type-post status-publish format-standard has-post-thumbnail hentry category-sem-categoria\" role=\"listitem\">\n\t\t\t<div class=\"elementor-post__card\">\n\t\t\t\t<a class=\"elementor-post__thumbnail__link\" href=\"https:\/\/www.tomatomonterosa.com\/pt-pt\/calorias-do-tomate-nutricao-e-sabor-em-cada-pedaco\/\" tabindex=\"-1\" ><div class=\"elementor-post__thumbnail\"><img decoding=\"async\" width=\"1440\" height=\"924\" src=\"https:\/\/www.tomatomonterosa.com\/wp-content\/uploads\/2023\/08\/tomate-nutricion-sabor-en-cada-bocado-monterosa.jpg\" class=\"attachment-full size-full wp-image-21042\" alt=\"Imagen de tomates Monterosa en un cesto, alguno fuera de ella. Uno de ellos esta partido para poder ver en detalle como son por dentro. Es una imagen para enlazar a donde explicamos lo bien que son para la nutricion y como es su sabor.\" srcset=\"https:\/\/www.tomatomonterosa.com\/wp-content\/uploads\/2023\/08\/tomate-nutricion-sabor-en-cada-bocado-monterosa.jpg 1440w, https:\/\/www.tomatomonterosa.com\/wp-content\/uploads\/2023\/08\/tomate-nutricion-sabor-en-cada-bocado-monterosa-300x193.jpg 300w, https:\/\/www.tomatomonterosa.com\/wp-content\/uploads\/2023\/08\/tomate-nutricion-sabor-en-cada-bocado-monterosa-1024x657.jpg 1024w, https:\/\/www.tomatomonterosa.com\/wp-content\/uploads\/2023\/08\/tomate-nutricion-sabor-en-cada-bocado-monterosa-150x96.jpg 150w, https:\/\/www.tomatomonterosa.com\/wp-content\/uploads\/2023\/08\/tomate-nutricion-sabor-en-cada-bocado-monterosa-768x493.jpg 768w, https:\/\/www.tomatomonterosa.com\/wp-content\/uploads\/2023\/08\/tomate-nutricion-sabor-en-cada-bocado-monterosa-600x385.jpg 600w\" sizes=\"(max-width: 1440px) 100vw, 1440px\" title=\"\"><\/div><\/a>\n\t\t\t\t<div class=\"elementor-post__text\">\n\t\t\t\t<h2 class=\"elementor-post__title\">\n\t\t\t<a href=\"https:\/\/www.tomatomonterosa.com\/pt-pt\/calorias-do-tomate-nutricao-e-sabor-em-cada-pedaco\/\" >\n\t\t\t\tCalorias do Tomate: Nutri\u00e7\u00e3o e Sabor em Cada Peda\u00e7o\t\t\t<\/a>\n\t\t<\/h2>\n\t\t\t\t<div class=\"elementor-post__excerpt\">\n\t\t\t<p>Na procura de uma alimenta\u00e7\u00e3o equilibrada e saud\u00e1vel, conhecer o conte\u00fado cal\u00f3rico dos alimentos, \u00e9 essencial. O tomate, esse fruto vibrante e vers\u00e1til que d\u00e1 sabor a imensos pratos, \u00e9 uma op\u00e7\u00e3o popular em muitas cozinhas.<\/p>\n\t\t<\/div>\n\t\t\t\t\t<div class=\"elementor-post__read-more-wrapper\">\n\t\t\n\t\t<a class=\"elementor-post__read-more\" href=\"https:\/\/www.tomatomonterosa.com\/pt-pt\/calorias-do-tomate-nutricao-e-sabor-em-cada-pedaco\/\" aria-label=\"Read more about Calorias do Tomate: Nutri\u00e7\u00e3o e Sabor em Cada Peda\u00e7o\" tabindex=\"-1\" >\n\t\t\tLer mais \u00bb\t\t<\/a>\n\n\t\t\t\t\t<\/div>\n\t\t\t\t<\/div>\n\t\t\t\t<div class=\"elementor-post__meta-data\">\n\t\t\t\t\t<span class=\"elementor-post-date\">\n\t\t\t30 Novembro, 2023\t\t<\/span>\n\t\t\t\t<span class=\"elementor-post-avatar\">\n\t\t\tSem coment\u00e1rios\t\t<\/span>\n\t\t\t\t<\/div>\n\t\t\t\t\t<\/div>\n\t\t<\/article>\n\t\t\t\t<article class=\"elementor-post elementor-grid-item post-23304 post type-post status-publish format-standard has-post-thumbnail hentry category-sem-categoria\" role=\"listitem\">\n\t\t\t<div class=\"elementor-post__card\">\n\t\t\t\t<a class=\"elementor-post__thumbnail__link\" href=\"https:\/\/www.tomatomonterosa.com\/pt-pt\/o-estranho-destino-do-tomate-de-veneno-a-elixir-da-juventude\/\" tabindex=\"-1\" ><div class=\"elementor-post__thumbnail\"><img decoding=\"async\" width=\"1440\" height=\"924\" src=\"https:\/\/www.tomatomonterosa.com\/wp-content\/uploads\/2023\/08\/tomate-de-veneno-a-elixir-curiosidades-monterosa.jpg\" class=\"attachment-full size-full wp-image-21032\" alt=\"Imagen de tomates Monterosa en un cesto, alguno fuera de ella. Es una imagen con aire r\u00fastico que enfoca con detalle el tomate.\" srcset=\"https:\/\/www.tomatomonterosa.com\/wp-content\/uploads\/2023\/08\/tomate-de-veneno-a-elixir-curiosidades-monterosa.jpg 1440w, https:\/\/www.tomatomonterosa.com\/wp-content\/uploads\/2023\/08\/tomate-de-veneno-a-elixir-curiosidades-monterosa-300x193.jpg 300w, https:\/\/www.tomatomonterosa.com\/wp-content\/uploads\/2023\/08\/tomate-de-veneno-a-elixir-curiosidades-monterosa-1024x657.jpg 1024w, https:\/\/www.tomatomonterosa.com\/wp-content\/uploads\/2023\/08\/tomate-de-veneno-a-elixir-curiosidades-monterosa-150x96.jpg 150w, https:\/\/www.tomatomonterosa.com\/wp-content\/uploads\/2023\/08\/tomate-de-veneno-a-elixir-curiosidades-monterosa-768x493.jpg 768w, https:\/\/www.tomatomonterosa.com\/wp-content\/uploads\/2023\/08\/tomate-de-veneno-a-elixir-curiosidades-monterosa-600x385.jpg 600w\" sizes=\"(max-width: 1440px) 100vw, 1440px\" title=\"\"><\/div><\/a>\n\t\t\t\t<div class=\"elementor-post__text\">\n\t\t\t\t<h2 class=\"elementor-post__title\">\n\t\t\t<a href=\"https:\/\/www.tomatomonterosa.com\/pt-pt\/o-estranho-destino-do-tomate-de-veneno-a-elixir-da-juventude\/\" >\n\t\t\t\tO Estranho Destino do Tomate; de Veneno a Elixir da Juventude\t\t\t<\/a>\n\t\t<\/h2>\n\t\t\t\t<div class=\"elementor-post__excerpt\">\n\t\t\t<p>O tomate, esse apreciado ingrediente culin\u00e1rio que deleita as nossas papilas gustativas numa variedade de pratos, tem uma curiosidade pouco conhecida e assombrosa na sua hist\u00f3ria. <\/p>\n\t\t<\/div>\n\t\t\t\t\t<div class=\"elementor-post__read-more-wrapper\">\n\t\t\n\t\t<a class=\"elementor-post__read-more\" href=\"https:\/\/www.tomatomonterosa.com\/pt-pt\/o-estranho-destino-do-tomate-de-veneno-a-elixir-da-juventude\/\" aria-label=\"Read more about O Estranho Destino do Tomate; de Veneno a Elixir da Juventude\" tabindex=\"-1\" >\n\t\t\tLer mais \u00bb\t\t<\/a>\n\n\t\t\t\t\t<\/div>\n\t\t\t\t<\/div>\n\t\t\t\t<div class=\"elementor-post__meta-data\">\n\t\t\t\t\t<span class=\"elementor-post-date\">\n\t\t\t30 Novembro, 2023\t\t<\/span>\n\t\t\t\t<span class=\"elementor-post-avatar\">\n\t\t\tSem coment\u00e1rios\t\t<\/span>\n\t\t\t\t<\/div>\n\t\t\t\t\t<\/div>\n\t\t<\/article>\n\t\t\t\t<article class=\"elementor-post elementor-grid-item post-23297 post type-post status-publish format-standard has-post-thumbnail hentry category-sem-categoria\" role=\"listitem\">\n\t\t\t<div class=\"elementor-post__card\">\n\t\t\t\t<a class=\"elementor-post__thumbnail__link\" href=\"https:\/\/www.tomatomonterosa.com\/pt-pt\/a-historia-colorida-e-saborosa-do-tomate-desde-a-mesoamerica-ate-ao-teu-prato\/\" tabindex=\"-1\" ><div class=\"elementor-post__thumbnail\"><img decoding=\"async\" width=\"1440\" height=\"924\" src=\"https:\/\/www.tomatomonterosa.com\/wp-content\/uploads\/2023\/08\/historia-colorida-sabrosa-tomate-conoce-monterosa.jpg\" class=\"attachment-full size-full wp-image-21023\" alt=\"Imagen de una balda de madera con cinco tomates Monterosa posados sobre ella imagen con aire r\u00fastico, Tomates grandes y sabrosos.\" srcset=\"https:\/\/www.tomatomonterosa.com\/wp-content\/uploads\/2023\/08\/historia-colorida-sabrosa-tomate-conoce-monterosa.jpg 1440w, https:\/\/www.tomatomonterosa.com\/wp-content\/uploads\/2023\/08\/historia-colorida-sabrosa-tomate-conoce-monterosa-300x193.jpg 300w, https:\/\/www.tomatomonterosa.com\/wp-content\/uploads\/2023\/08\/historia-colorida-sabrosa-tomate-conoce-monterosa-1024x657.jpg 1024w, https:\/\/www.tomatomonterosa.com\/wp-content\/uploads\/2023\/08\/historia-colorida-sabrosa-tomate-conoce-monterosa-150x96.jpg 150w, https:\/\/www.tomatomonterosa.com\/wp-content\/uploads\/2023\/08\/historia-colorida-sabrosa-tomate-conoce-monterosa-768x493.jpg 768w, https:\/\/www.tomatomonterosa.com\/wp-content\/uploads\/2023\/08\/historia-colorida-sabrosa-tomate-conoce-monterosa-600x385.jpg 600w\" sizes=\"(max-width: 1440px) 100vw, 1440px\" title=\"\"><\/div><\/a>\n\t\t\t\t<div class=\"elementor-post__text\">\n\t\t\t\t<h2 class=\"elementor-post__title\">\n\t\t\t<a href=\"https:\/\/www.tomatomonterosa.com\/pt-pt\/a-historia-colorida-e-saborosa-do-tomate-desde-a-mesoamerica-ate-ao-teu-prato\/\" >\n\t\t\t\tA Hist\u00f3ria Colorida e Saborosa do Tomate: Desde a Mesoam\u00e9rica at\u00e9 ao teu prato.\t\t\t<\/a>\n\t\t<\/h2>\n\t\t\t\t<div class=\"elementor-post__excerpt\">\n\t\t\t<p>O tomate, esse fruto vibrante e vers\u00e1til que d\u00e1 um toque de frescura e de sabor a inumer\u00e1veis pratos \u00e0 volta do mundo, tem uma hist\u00f3ria fascinante que remonta a milhares de anos atr\u00e1s.<\/p>\n\t\t<\/div>\n\t\t\t\t\t<div class=\"elementor-post__read-more-wrapper\">\n\t\t\n\t\t<a class=\"elementor-post__read-more\" href=\"https:\/\/www.tomatomonterosa.com\/pt-pt\/a-historia-colorida-e-saborosa-do-tomate-desde-a-mesoamerica-ate-ao-teu-prato\/\" aria-label=\"Read more about A Hist\u00f3ria Colorida e Saborosa do Tomate: Desde a Mesoam\u00e9rica at\u00e9 ao teu prato.\" tabindex=\"-1\" >\n\t\t\tLer mais \u00bb\t\t<\/a>\n\n\t\t\t\t\t<\/div>\n\t\t\t\t<\/div>\n\t\t\t\t<div class=\"elementor-post__meta-data\">\n\t\t\t\t\t<span class=\"elementor-post-date\">\n\t\t\t30 Novembro, 2023\t\t<\/span>\n\t\t\t\t<span class=\"elementor-post-avatar\">\n\t\t\tSem coment\u00e1rios\t\t<\/span>\n\t\t\t\t<\/div>\n\t\t\t\t\t<\/div>\n\t\t<\/article>\n\t\t\t\t<article class=\"elementor-post elementor-grid-item post-23287 post type-post status-publish format-standard has-post-thumbnail hentry category-sem-categoria\" role=\"listitem\">\n\t\t\t<div class=\"elementor-post__card\">\n\t\t\t\t<a class=\"elementor-post__thumbnail__link\" href=\"https:\/\/www.tomatomonterosa.com\/pt-pt\/a-historia-do-tomate\/\" tabindex=\"-1\" ><div class=\"elementor-post__thumbnail\"><img decoding=\"async\" width=\"1440\" height=\"924\" src=\"https:\/\/www.tomatomonterosa.com\/wp-content\/uploads\/2023\/08\/monterosa-la-historia-del-tomate.jpg\" class=\"attachment-full size-full wp-image-20945\" alt=\"Tomates monterosa apilados unos encima de otros. Por su forma y color est\u00e1n muy apetecibles.\" srcset=\"https:\/\/www.tomatomonterosa.com\/wp-content\/uploads\/2023\/08\/monterosa-la-historia-del-tomate.jpg 1440w, https:\/\/www.tomatomonterosa.com\/wp-content\/uploads\/2023\/08\/monterosa-la-historia-del-tomate-300x193.jpg 300w, https:\/\/www.tomatomonterosa.com\/wp-content\/uploads\/2023\/08\/monterosa-la-historia-del-tomate-1024x657.jpg 1024w, https:\/\/www.tomatomonterosa.com\/wp-content\/uploads\/2023\/08\/monterosa-la-historia-del-tomate-150x96.jpg 150w, https:\/\/www.tomatomonterosa.com\/wp-content\/uploads\/2023\/08\/monterosa-la-historia-del-tomate-768x493.jpg 768w, https:\/\/www.tomatomonterosa.com\/wp-content\/uploads\/2023\/08\/monterosa-la-historia-del-tomate-600x385.jpg 600w\" sizes=\"(max-width: 1440px) 100vw, 1440px\" title=\"\"><\/div><\/a>\n\t\t\t\t<div class=\"elementor-post__text\">\n\t\t\t\t<h2 class=\"elementor-post__title\">\n\t\t\t<a href=\"https:\/\/www.tomatomonterosa.com\/pt-pt\/a-historia-do-tomate\/\" >\n\t\t\t\tA hist\u00f3ria do tomate.\t\t\t<\/a>\n\t\t<\/h2>\n\t\t\t\t<div class=\"elementor-post__excerpt\">\n\t\t\t<p>Deve haver milhares de pratos nos quais o tomate \u00e9 o principal ingrediente ou o elemento-chave. Devido \u00e0 sua cor, sabor e variedade, o tomate percorreu um longo caminho desde as antigas civiliza\u00e7\u00f5es aztecas, at\u00e9 se converter num elemento quase imprescind\u00edvel nas cozinhas de hoje.<\/p>\n\t\t<\/div>\n\t\t\t\t\t<div class=\"elementor-post__read-more-wrapper\">\n\t\t\n\t\t<a class=\"elementor-post__read-more\" href=\"https:\/\/www.tomatomonterosa.com\/pt-pt\/a-historia-do-tomate\/\" aria-label=\"Read more about A hist\u00f3ria do tomate.\" tabindex=\"-1\" >\n\t\t\tLer mais \u00bb\t\t<\/a>\n\n\t\t\t\t\t<\/div>\n\t\t\t\t<\/div>\n\t\t\t\t<div class=\"elementor-post__meta-data\">\n\t\t\t\t\t<span class=\"elementor-post-date\">\n\t\t\t30 Novembro, 2023\t\t<\/span>\n\t\t\t\t<span class=\"elementor-post-avatar\">\n\t\t\tSem coment\u00e1rios\t\t<\/span>\n\t\t\t\t<\/div>\n\t\t\t\t\t<\/div>\n\t\t<\/article>\n\t\t\t\t<\/div>\n\t\t\t\t\t<span class=\"e-load-more-spinner\">\n\t\t\t\t<svg aria-hidden=\"true\" class=\"e-font-icon-svg e-fas-spinner\" viewBox=\"0 0 512 512\" xmlns=\"http:\/\/www.w3.org\/2000\/svg\"><path d=\"M304 48c0 26.51-21.49 48-48 48s-48-21.49-48-48 21.49-48 48-48 48 21.49 48 48zm-48 368c-26.51 0-48 21.49-48 48s21.49 48 48 48 48-21.49 48-48-21.49-48-48-48zm208-208c-26.51 0-48 21.49-48 48s21.49 48 48 48 48-21.49 48-48-21.49-48-48-48zM96 256c0-26.51-21.49-48-48-48S0 229.49 0 256s21.49 48 48 48 48-21.49 48-48zm12.922 99.078c-26.51 0-48 21.49-48 48s21.49 48 48 48 48-21.49 48-48c0-26.509-21.491-48-48-48zm294.156 0c-26.51 0-48 21.49-48 48s21.49 48 48 48 48-21.49 48-48c0-26.509-21.49-48-48-48zM108.922 60.922c-26.51 0-48 21.49-48 48s21.49 48 48 48 48-21.49 48-48-21.491-48-48-48z\"><\/path><\/svg>\t\t\t<\/span>\n\t\t\n\t\t\t\t\t\t<\/div>\n\t\t\t\t<\/div>\n\t\t\t\t\t<\/div>\n\t\t\t\t<\/div>\n\t\t\t\t<\/div>\n\t\t","protected":false},"excerpt":{"rendered":"<p>Blog<\/p>\n","protected":false},"author":1,"featured_media":0,"parent":0,"menu_order":0,"comment_status":"closed","ping_status":"closed","template":"","meta":{"_acf_changed":false,"footnotes":""},"class_list":["post-22627","page","type-page","status-publish","hentry"],"acf":[],"_links":{"self":[{"href":"https:\/\/www.tomatomonterosa.com\/pt-pt\/wp-json\/wp\/v2\/pages\/22627","targetHints":{"allow":["GET"]}}],"collection":[{"href":"https:\/\/www.tomatomonterosa.com\/pt-pt\/wp-json\/wp\/v2\/pages"}],"about":[{"href":"https:\/\/www.tomatomonterosa.com\/pt-pt\/wp-json\/wp\/v2\/types\/page"}],"author":[{"embeddable":true,"href":"https:\/\/www.tomatomonterosa.com\/pt-pt\/wp-json\/wp\/v2\/users\/1"}],"replies":[{"embeddable":true,"href":"https:\/\/www.tomatomonterosa.com\/pt-pt\/wp-json\/wp\/v2\/comments?post=22627"}],"version-history":[{"count":3,"href":"https:\/\/www.tomatomonterosa.com\/pt-pt\/wp-json\/wp\/v2\/pages\/22627\/revisions"}],"predecessor-version":[{"id":29028,"href":"https:\/\/www.tomatomonterosa.com\/pt-pt\/wp-json\/wp\/v2\/pages\/22627\/revisions\/29028"}],"wp:attachment":[{"href":"https:\/\/www.tomatomonterosa.com\/pt-pt\/wp-json\/wp\/v2\/media?parent=22627"}],"curies":[{"name":"wp","href":"https:\/\/api.w.org\/{rel}","templated":true}]}}