{"id":22601,"date":"2023-11-27T23:17:16","date_gmt":"2023-11-27T23:17:16","guid":{"rendered":"https:\/\/www.tomatomonterosa.com\/healthy-corner\/"},"modified":"2024-09-24T07:33:03","modified_gmt":"2024-09-24T07:33:03","slug":"healthy-corner","status":"publish","type":"page","link":"https:\/\/www.tomatomonterosa.com\/pt-pt\/healthy-corner\/","title":{"rendered":"HEALTHY CORNER"},"content":{"rendered":"\t\t<div data-elementor-type=\"wp-page\" data-elementor-id=\"22601\" class=\"elementor elementor-22601 elementor-14994\" data-elementor-post-type=\"page\">\n\t\t\t\t<div data-particle_enable=\"false\" data-particle-mobile-disabled=\"false\" class=\"elementor-element elementor-element-10ee1955 wd-section-stretch-content e-flex e-con-boxed e-con e-parent\" data-id=\"10ee1955\" data-element_type=\"container\" data-settings=\"{&quot;background_background&quot;:&quot;classic&quot;}\">\n\t\t\t\t\t<div class=\"e-con-inner\">\n\t\t\t\t<div class=\"elementor-element elementor-element-e1e5f1c elementor-widget__width-inherit elementor-absolute elementor-widget elementor-widget-heading\" data-id=\"e1e5f1c\" data-element_type=\"widget\" data-settings=\"{&quot;_position&quot;:&quot;absolute&quot;}\" data-widget_type=\"heading.default\">\n\t\t\t\t<div class=\"elementor-widget-container\">\n\t\t\t\t\t<h1 class=\"elementor-heading-title elementor-size-default\">Saud\u00e1vel e equilibrado<br>por natureza<\/h1>\t\t\t\t<\/div>\n\t\t\t\t<\/div>\n\t\t\t\t\t<\/div>\n\t\t\t\t<\/div>\n\t\t<div data-particle_enable=\"false\" data-particle-mobile-disabled=\"false\" class=\"wd-negative-gap elementor-element elementor-element-2d2b3cd1 wd-section-stretch-content e-flex e-con-boxed e-con e-parent\" data-id=\"2d2b3cd1\" data-element_type=\"container\" data-settings=\"{&quot;background_background&quot;:&quot;classic&quot;}\">\n\t\t\t\t\t<div class=\"e-con-inner\">\n\t\t\t\t<div class=\"elementor-element elementor-element-9993e97 elementor-widget elementor-widget-heading\" data-id=\"9993e97\" data-element_type=\"widget\" data-widget_type=\"heading.default\">\n\t\t\t\t<div class=\"elementor-widget-container\">\n\t\t\t\t\t<h2 class=\"elementor-heading-title elementor-size-default\">Bem-vindo ao <br>canto saud\u00e1vel <br>da nossa p\u00e1gina web!<\/h2>\t\t\t\t<\/div>\n\t\t\t\t<\/div>\n\t\t\t\t<div class=\"elementor-element elementor-element-66a8cd76 text-center color-scheme-inherit elementor-widget elementor-widget-text-editor\" data-id=\"66a8cd76\" data-element_type=\"widget\" data-widget_type=\"text-editor.default\">\n\t\t\t\t<div class=\"elementor-widget-container\">\n\t\t\t\t\t\t\t\t\t<p>Aqui em Monterosa, convidamos-te a descobrir os segredos <br \/> incr\u00edveis do tomate no nosso emocionante Healthy Corner.<\/p>\n\t\t\t\t\t\t\t\t<\/div>\n\t\t\t\t<\/div>\n\t\t\t\t\t<\/div>\n\t\t\t\t<\/div>\n\t\t\t\t<section data-particle_enable=\"false\" data-particle-mobile-disabled=\"false\" class=\"wd-negative-gap elementor-section elementor-top-section elementor-element elementor-element-1937918a elementor-section-stretched elementor-section-boxed elementor-section-height-default elementor-section-height-default\" data-id=\"1937918a\" data-element_type=\"section\" data-settings=\"{&quot;stretch_section&quot;:&quot;section-stretched&quot;}\">\n\t\t\t\t\t\t<div class=\"elementor-container elementor-column-gap-no\">\n\t\t\t\t\t<div class=\"elementor-column elementor-col-33 elementor-top-column elementor-element elementor-element-205371d\" data-id=\"205371d\" data-element_type=\"column\">\n\t\t\t<div class=\"elementor-widget-wrap elementor-element-populated\">\n\t\t\t\t\t\t<div class=\"elementor-element elementor-element-1307e7f1 elementor-widget elementor-widget-wd_banner\" data-id=\"1307e7f1\" data-element_type=\"widget\" data-widget_type=\"wd_banner.default\">\n\t\t\t\t<div class=\"elementor-widget-container\">\n\t\t\t\t\t\t\t<div class=\"promo-banner-wrapper\">\n\t\t\t<div class=\"promo-banner banner-default banner-hover-parallax color-scheme-light banner-btn-size-default banner-btn-style-link wd-with-link\">\n\t\t\t\t<div class=\"main-wrapp-img\">\n\t\t\t\t\t<div class=\"banner-image wd-without-height\">\n\t\t\t\t\t\t\t\t\t\t\t\t\t\t\t\t\t\t\t\t\t<img decoding=\"async\" width=\"480\" height=\"480\" src=\"https:\/\/www.tomatomonterosa.com\/wp-content\/uploads\/2024\/09\/propiedades-tomate-monterosa.jpg\" class=\"attachment-full size-full\" alt=\"\" srcset=\"https:\/\/www.tomatomonterosa.com\/wp-content\/uploads\/2024\/09\/propiedades-tomate-monterosa.jpg 480w, https:\/\/www.tomatomonterosa.com\/wp-content\/uploads\/2024\/09\/propiedades-tomate-monterosa-300x300.jpg 300w, https:\/\/www.tomatomonterosa.com\/wp-content\/uploads\/2024\/09\/propiedades-tomate-monterosa-150x150.jpg 150w\" sizes=\"(max-width: 480px) 100vw, 480px\" title=\"\">\t\t\t\t\t\t\t\t\t\t\t\t\t\t\t\t\t\t<\/div>\n\t\t\t\t<\/div>\n\n\t\t\t\t<div class=\"wrapper-content-banner wd-fill wd-items-bottom wd-justify-center\">\n\t\t\t\t\t<div class=\"content-banner  text-center\">\n\t\t\t\t\t\t\n\t\t\t\t\t\t\t\t\t\t\t\t\t<h3 class=\"banner-title \" data-elementor-setting-key=\"title\">\n\t\t\t\t\t\t\t\tCalorias<br>do tomate\t\t\t\t\t\t\t<\/h3>\n\t\t\t\t\t\t\n\t\t\t\t\t\t\t\t\t\t\t\t\t<div class=\"banner-inner reset-last-child wd-fontsize-xs\" data-elementor-setting-key=\"content\">\n\t\t\t\t\t\t\t\t<p>Saud\u00e1vel e equilibrado por natureza<\/p>\n\t\t\t\t\t\t\t<\/div>\n\t\t\t\t\t\t\n\t\t\t\t\t\t\n\t\t\t\t\t\t\t\t\t\t\t<\/div>\n\t\t\t\t<\/div>\n\n\t\t\t\t\t\t\t\t\t<a href=\"https:\/\/www.tomatomonterosa.com\/pt-pt\/healthy-corner\/calorias-do-tomate\/\" class=\"wd-promo-banner-link wd-fill\" aria-label=\"Banner link\"><\/a>\n\t\t\t\t\t\t\t<\/div>\n\t\t<\/div>\n\t\t\t\t\t\t<\/div>\n\t\t\t\t<\/div>\n\t\t\t\t\t<\/div>\n\t\t<\/div>\n\t\t\t\t<div class=\"elementor-column elementor-col-33 elementor-top-column elementor-element elementor-element-03ae9ed\" data-id=\"03ae9ed\" data-element_type=\"column\">\n\t\t\t<div class=\"elementor-widget-wrap elementor-element-populated\">\n\t\t\t\t\t\t<div class=\"elementor-element elementor-element-f688114 elementor-widget elementor-widget-wd_banner\" data-id=\"f688114\" data-element_type=\"widget\" data-widget_type=\"wd_banner.default\">\n\t\t\t\t<div class=\"elementor-widget-container\">\n\t\t\t\t\t\t\t<div class=\"promo-banner-wrapper\">\n\t\t\t<div class=\"promo-banner banner-default banner-hover-parallax color-scheme-light banner-btn-size-default banner-btn-style-link wd-with-link\">\n\t\t\t\t<div class=\"main-wrapp-img\">\n\t\t\t\t\t<div class=\"banner-image wd-without-height\">\n\t\t\t\t\t\t\t\t\t\t\t\t\t\t\t\t\t\t\t\t\t<img decoding=\"async\" width=\"480\" height=\"480\" src=\"https:\/\/www.tomatomonterosa.com\/wp-content\/uploads\/2024\/09\/consejos-aprovechar-tomate-monterosa.jpg-.jpg\" class=\"attachment-full size-full\" alt=\"\" srcset=\"https:\/\/www.tomatomonterosa.com\/wp-content\/uploads\/2024\/09\/consejos-aprovechar-tomate-monterosa.jpg-.jpg 480w, https:\/\/www.tomatomonterosa.com\/wp-content\/uploads\/2024\/09\/consejos-aprovechar-tomate-monterosa.jpg--300x300.jpg 300w, https:\/\/www.tomatomonterosa.com\/wp-content\/uploads\/2024\/09\/consejos-aprovechar-tomate-monterosa.jpg--150x150.jpg 150w\" sizes=\"(max-width: 480px) 100vw, 480px\" title=\"\">\t\t\t\t\t\t\t\t\t\t\t\t\t\t\t\t\t\t<\/div>\n\t\t\t\t<\/div>\n\n\t\t\t\t<div class=\"wrapper-content-banner wd-fill wd-items-bottom wd-justify-center\">\n\t\t\t\t\t<div class=\"content-banner  text-center\">\n\t\t\t\t\t\t\n\t\t\t\t\t\t\t\t\t\t\t\t\t<h3 class=\"banner-title \" data-elementor-setting-key=\"title\">\n\t\t\t\t\t\t\t\tConselhos\t\t\t\t\t\t\t<\/h3>\n\t\t\t\t\t\t\n\t\t\t\t\t\t\t\t\t\t\t\t\t<div class=\"banner-inner reset-last-child wd-fontsize-xs\" data-elementor-setting-key=\"content\">\n\t\t\t\t\t\t\t\t<p>Aproveite ao m\u00e1ximo todo o seu sabor<\/p>\n\t\t\t\t\t\t\t<\/div>\n\t\t\t\t\t\t\n\t\t\t\t\t\t\n\t\t\t\t\t\t\t\t\t\t\t<\/div>\n\t\t\t\t<\/div>\n\n\t\t\t\t\t\t\t\t\t<a href=\"https:\/\/www.tomatomonterosa.com\/pt-pt\/healthy-corner\/conselhos\/\" class=\"wd-promo-banner-link wd-fill\" aria-label=\"Banner link\"><\/a>\n\t\t\t\t\t\t\t<\/div>\n\t\t<\/div>\n\t\t\t\t\t\t<\/div>\n\t\t\t\t<\/div>\n\t\t\t\t\t<\/div>\n\t\t<\/div>\n\t\t\t\t<div class=\"elementor-column elementor-col-33 elementor-top-column elementor-element elementor-element-33ccad8\" data-id=\"33ccad8\" data-element_type=\"column\">\n\t\t\t<div class=\"elementor-widget-wrap elementor-element-populated\">\n\t\t\t\t\t\t<div class=\"elementor-element elementor-element-22030cf elementor-widget elementor-widget-wd_banner\" data-id=\"22030cf\" data-element_type=\"widget\" data-widget_type=\"wd_banner.default\">\n\t\t\t\t<div class=\"elementor-widget-container\">\n\t\t\t\t\t\t\t<div class=\"promo-banner-wrapper\">\n\t\t\t<div class=\"promo-banner banner-default banner-hover-parallax color-scheme-light banner-btn-size-default banner-btn-style-link banner-increased-padding wd-with-link\">\n\t\t\t\t<div class=\"main-wrapp-img\">\n\t\t\t\t\t<div class=\"banner-image wd-without-height\">\n\t\t\t\t\t\t\t\t\t\t\t\t\t\t\t\t\t\t\t\t\t<img decoding=\"async\" width=\"480\" height=\"480\" src=\"https:\/\/www.tomatomonterosa.com\/wp-content\/uploads\/2024\/09\/propiedades-tomate-monterosa.jpg\" class=\"attachment-full size-full\" alt=\"\" srcset=\"https:\/\/www.tomatomonterosa.com\/wp-content\/uploads\/2024\/09\/propiedades-tomate-monterosa.jpg 480w, https:\/\/www.tomatomonterosa.com\/wp-content\/uploads\/2024\/09\/propiedades-tomate-monterosa-300x300.jpg 300w, https:\/\/www.tomatomonterosa.com\/wp-content\/uploads\/2024\/09\/propiedades-tomate-monterosa-150x150.jpg 150w\" sizes=\"(max-width: 480px) 100vw, 480px\" title=\"\">\t\t\t\t\t\t\t\t\t\t\t\t\t\t\t\t\t\t<\/div>\n\t\t\t\t<\/div>\n\n\t\t\t\t<div class=\"wrapper-content-banner wd-fill wd-items-bottom wd-justify-center\">\n\t\t\t\t\t<div class=\"content-banner  text-center\">\n\t\t\t\t\t\t\n\t\t\t\t\t\t\t\t\t\t\t\t\t<h3 class=\"banner-title \" data-elementor-setting-key=\"title\">\n\t\t\t\t\t\t\t\tPropriedades <br>do tomate\t\t\t\t\t\t\t<\/h3>\n\t\t\t\t\t\t\n\t\t\t\t\t\t\t\t\t\t\t\t\t<div class=\"banner-inner reset-last-child wd-fontsize-xs\" data-elementor-setting-key=\"content\">\n\t\t\t\t\t\t\t\t<p>Os benef\u00edcios do ingrediente essencial<\/p>\n\t\t\t\t\t\t\t<\/div>\n\t\t\t\t\t\t\n\t\t\t\t\t\t\n\t\t\t\t\t\t\t\t\t\t\t<\/div>\n\t\t\t\t<\/div>\n\n\t\t\t\t\t\t\t\t\t<a href=\"https:\/\/www.tomatomonterosa.com\/pt-pt\/healthy-corner\/propriedades-do-tomate\/\" class=\"wd-promo-banner-link wd-fill\" aria-label=\"Banner link\"><\/a>\n\t\t\t\t\t\t\t<\/div>\n\t\t<\/div>\n\t\t\t\t\t\t<\/div>\n\t\t\t\t<\/div>\n\t\t\t\t\t<\/div>\n\t\t<\/div>\n\t\t\t\t\t<\/div>\n\t\t<\/section>\n\t\t\t\t<\/div>\n\t\t","protected":false},"excerpt":{"rendered":"<p>Saud\u00e1vel e equilibradopor natureza Bem-vindo ao canto saud\u00e1vel da nossa p\u00e1gina web! Aqui em Monterosa, convidamos-te a descobrir os segredos<\/p>\n","protected":false},"author":1,"featured_media":0,"parent":0,"menu_order":0,"comment_status":"open","ping_status":"open","template":"","meta":{"_acf_changed":false,"footnotes":""},"class_list":["post-22601","page","type-page","status-publish","hentry"],"acf":[],"_links":{"self":[{"href":"https:\/\/www.tomatomonterosa.com\/pt-pt\/wp-json\/wp\/v2\/pages\/22601","targetHints":{"allow":["GET"]}}],"collection":[{"href":"https:\/\/www.tomatomonterosa.com\/pt-pt\/wp-json\/wp\/v2\/pages"}],"about":[{"href":"https:\/\/www.tomatomonterosa.com\/pt-pt\/wp-json\/wp\/v2\/types\/page"}],"author":[{"embeddable":true,"href":"https:\/\/www.tomatomonterosa.com\/pt-pt\/wp-json\/wp\/v2\/users\/1"}],"replies":[{"embeddable":true,"href":"https:\/\/www.tomatomonterosa.com\/pt-pt\/wp-json\/wp\/v2\/comments?post=22601"}],"version-history":[{"count":0,"href":"https:\/\/www.tomatomonterosa.com\/pt-pt\/wp-json\/wp\/v2\/pages\/22601\/revisions"}],"wp:attachment":[{"href":"https:\/\/www.tomatomonterosa.com\/pt-pt\/wp-json\/wp\/v2\/media?parent=22601"}],"curies":[{"name":"wp","href":"https:\/\/api.w.org\/{rel}","templated":true}]}}