{"id":22625,"date":"2023-11-28T00:17:27","date_gmt":"2023-11-28T00:17:27","guid":{"rendered":"https:\/\/www.tomatomonterosa.com\/blog\/"},"modified":"2025-09-23T11:55:54","modified_gmt":"2025-09-23T11:55:54","slug":"blog","status":"publish","type":"page","link":"https:\/\/www.tomatomonterosa.com\/it\/blog\/","title":{"rendered":"Blog"},"content":{"rendered":"\t\t<div data-elementor-type=\"wp-page\" data-elementor-id=\"22625\" class=\"elementor elementor-22625 elementor-16564\" data-elementor-post-type=\"page\">\n\t\t\t\t<div data-particle_enable=\"false\" data-particle-mobile-disabled=\"false\" class=\"elementor-element elementor-element-2b4a9697 wd-section-stretch-content e-flex e-con-boxed e-con e-parent\" data-id=\"2b4a9697\" data-element_type=\"container\" data-settings=\"{&quot;background_background&quot;:&quot;classic&quot;}\">\n\t\t\t\t\t<div class=\"e-con-inner\">\n\t\t\t\t<div class=\"elementor-element elementor-element-6bf42eee elementor-widget__width-inherit elementor-absolute elementor-widget elementor-widget-heading\" data-id=\"6bf42eee\" data-element_type=\"widget\" data-settings=\"{&quot;_position&quot;:&quot;absolute&quot;}\" data-widget_type=\"heading.default\">\n\t\t\t\t<div class=\"elementor-widget-container\">\n\t\t\t\t\t<h1 class=\"elementor-heading-title elementor-size-default\">Blog<\/h1>\t\t\t\t<\/div>\n\t\t\t\t<\/div>\n\t\t\t\t\t<\/div>\n\t\t\t\t<\/div>\n\t\t<div data-particle_enable=\"false\" data-particle-mobile-disabled=\"false\" class=\"wd-negative-gap elementor-element elementor-element-03f6701 e-flex e-con-boxed e-con e-parent\" data-id=\"03f6701\" data-element_type=\"container\">\n\t\t\t\t\t<div class=\"e-con-inner\">\n\t\t\t\t<div class=\"elementor-element elementor-element-b69e57e elementor-grid-3 elementor-grid-tablet-2 elementor-grid-mobile-1 elementor-posts--thumbnail-top elementor-card-shadow-yes elementor-posts__hover-gradient elementor-widget elementor-widget-posts\" data-id=\"b69e57e\" data-element_type=\"widget\" data-settings=\"{&quot;pagination_type&quot;:&quot;load_more_infinite_scroll&quot;,&quot;cards_columns&quot;:&quot;3&quot;,&quot;cards_columns_tablet&quot;:&quot;2&quot;,&quot;cards_columns_mobile&quot;:&quot;1&quot;,&quot;cards_row_gap&quot;:{&quot;unit&quot;:&quot;px&quot;,&quot;size&quot;:35,&quot;sizes&quot;:[]},&quot;cards_row_gap_widescreen&quot;:{&quot;unit&quot;:&quot;px&quot;,&quot;size&quot;:&quot;&quot;,&quot;sizes&quot;:[]},&quot;cards_row_gap_laptop&quot;:{&quot;unit&quot;:&quot;px&quot;,&quot;size&quot;:&quot;&quot;,&quot;sizes&quot;:[]},&quot;cards_row_gap_tablet&quot;:{&quot;unit&quot;:&quot;px&quot;,&quot;size&quot;:&quot;&quot;,&quot;sizes&quot;:[]},&quot;cards_row_gap_mobile&quot;:{&quot;unit&quot;:&quot;px&quot;,&quot;size&quot;:&quot;&quot;,&quot;sizes&quot;:[]},&quot;load_more_spinner&quot;:{&quot;value&quot;:&quot;fas fa-spinner&quot;,&quot;library&quot;:&quot;fa-solid&quot;}}\" data-widget_type=\"posts.cards\">\n\t\t\t\t<div class=\"elementor-widget-container\">\n\t\t\t\t\t\t\t<div class=\"elementor-posts-container elementor-posts elementor-posts--skin-cards elementor-grid\" role=\"list\">\n\t\t\t\t<article class=\"elementor-post elementor-grid-item post-23328 post type-post status-publish format-standard has-post-thumbnail hentry category-non-categorizzato\" role=\"listitem\">\n\t\t\t<div class=\"elementor-post__card\">\n\t\t\t\t<a class=\"elementor-post__thumbnail__link\" href=\"https:\/\/www.tomatomonterosa.com\/it\/lo-sapevi-che\/\" tabindex=\"-1\" ><div class=\"elementor-post__thumbnail\"><img decoding=\"async\" width=\"1440\" height=\"924\" src=\"https:\/\/www.tomatomonterosa.com\/wp-content\/uploads\/2023\/08\/sabias-que-curiosidades-tomate-monterosa.jpg\" class=\"attachment-full size-full wp-image-21059\" alt=\"Tartar de tomate Monterosa con fresas. En la imagen la mano de una persona acerc\u00e1ndose al plato y un libro de fondo. Tartar en un plato elegante.\" srcset=\"https:\/\/www.tomatomonterosa.com\/wp-content\/uploads\/2023\/08\/sabias-que-curiosidades-tomate-monterosa.jpg 1440w, https:\/\/www.tomatomonterosa.com\/wp-content\/uploads\/2023\/08\/sabias-que-curiosidades-tomate-monterosa-300x193.jpg 300w, https:\/\/www.tomatomonterosa.com\/wp-content\/uploads\/2023\/08\/sabias-que-curiosidades-tomate-monterosa-1024x657.jpg 1024w, https:\/\/www.tomatomonterosa.com\/wp-content\/uploads\/2023\/08\/sabias-que-curiosidades-tomate-monterosa-150x96.jpg 150w, https:\/\/www.tomatomonterosa.com\/wp-content\/uploads\/2023\/08\/sabias-que-curiosidades-tomate-monterosa-768x493.jpg 768w, https:\/\/www.tomatomonterosa.com\/wp-content\/uploads\/2023\/08\/sabias-que-curiosidades-tomate-monterosa-600x385.jpg 600w\" sizes=\"(max-width: 1440px) 100vw, 1440px\" title=\"\"><\/div><\/a>\n\t\t\t\t<div class=\"elementor-post__text\">\n\t\t\t\t<h2 class=\"elementor-post__title\">\n\t\t\t<a href=\"https:\/\/www.tomatomonterosa.com\/it\/lo-sapevi-che\/\" >\n\t\t\t\tLo sapevi che&#8230;\t\t\t<\/a>\n\t\t<\/h2>\n\t\t\t\t<div class=\"elementor-post__excerpt\">\n\t\t\t<p>Tutte le piante hanno un sesso, ma a seconda del tipo di pianta si riproducono con meccanismi asessuati o sessuati.<\/p>\n\t\t<\/div>\n\t\t\t\t\t<div class=\"elementor-post__read-more-wrapper\">\n\t\t\n\t\t<a class=\"elementor-post__read-more\" href=\"https:\/\/www.tomatomonterosa.com\/it\/lo-sapevi-che\/\" aria-label=\"Read more about Lo sapevi che&#8230;\" tabindex=\"-1\" >\n\t\t\tLeggi di pi\u00f9 \u00bb\"\t\t<\/a>\n\n\t\t\t\t\t<\/div>\n\t\t\t\t<\/div>\n\t\t\t\t<div class=\"elementor-post__meta-data\">\n\t\t\t\t\t<span class=\"elementor-post-date\">\n\t\t\t30 Novembre, 2023\t\t<\/span>\n\t\t\t\t<span class=\"elementor-post-avatar\">\n\t\t\tNessun commento\t\t<\/span>\n\t\t\t\t<\/div>\n\t\t\t\t\t<\/div>\n\t\t<\/article>\n\t\t\t\t<article class=\"elementor-post elementor-grid-item post-23320 post type-post status-publish format-standard has-post-thumbnail hentry category-non-categorizzato\" role=\"listitem\">\n\t\t\t<div class=\"elementor-post__card\">\n\t\t\t\t<a class=\"elementor-post__thumbnail__link\" href=\"https:\/\/www.tomatomonterosa.com\/it\/che-cose-il-pomodoro\/\" tabindex=\"-1\" ><div class=\"elementor-post__thumbnail\"><img decoding=\"async\" width=\"1440\" height=\"924\" src=\"https:\/\/www.tomatomonterosa.com\/wp-content\/uploads\/2023\/08\/que-es-el-tomate-curiosidades-monterosa.jpg\" class=\"attachment-full size-full wp-image-21050\" alt=\"En la imagen una mano sosteniendo un rico y sabroso tomate Monterosa. La chica lleva las u\u00f1as rojas a juego con el detalle del tomate.\" srcset=\"https:\/\/www.tomatomonterosa.com\/wp-content\/uploads\/2023\/08\/que-es-el-tomate-curiosidades-monterosa.jpg 1440w, https:\/\/www.tomatomonterosa.com\/wp-content\/uploads\/2023\/08\/que-es-el-tomate-curiosidades-monterosa-300x193.jpg 300w, https:\/\/www.tomatomonterosa.com\/wp-content\/uploads\/2023\/08\/que-es-el-tomate-curiosidades-monterosa-1024x657.jpg 1024w, https:\/\/www.tomatomonterosa.com\/wp-content\/uploads\/2023\/08\/que-es-el-tomate-curiosidades-monterosa-150x96.jpg 150w, https:\/\/www.tomatomonterosa.com\/wp-content\/uploads\/2023\/08\/que-es-el-tomate-curiosidades-monterosa-768x493.jpg 768w, https:\/\/www.tomatomonterosa.com\/wp-content\/uploads\/2023\/08\/que-es-el-tomate-curiosidades-monterosa-600x385.jpg 600w\" sizes=\"(max-width: 1440px) 100vw, 1440px\" title=\"\"><\/div><\/a>\n\t\t\t\t<div class=\"elementor-post__text\">\n\t\t\t\t<h2 class=\"elementor-post__title\">\n\t\t\t<a href=\"https:\/\/www.tomatomonterosa.com\/it\/che-cose-il-pomodoro\/\" >\n\t\t\t\tChe cos&#8217;\u00e8 il pomodoro?\t\t\t<\/a>\n\t\t<\/h2>\n\t\t\t\t<div class=\"elementor-post__excerpt\">\n\t\t\t<p>Per studiare il pomodoro, dobbiamo iniziare a interrogarci sulle parole: sappiamo cosa significa la parola pomodoro, da dove viene il termine, se ha lo stesso nome nella scienza e nella vita quotidiana?<\/p>\n\t\t<\/div>\n\t\t\t\t\t<div class=\"elementor-post__read-more-wrapper\">\n\t\t\n\t\t<a class=\"elementor-post__read-more\" href=\"https:\/\/www.tomatomonterosa.com\/it\/che-cose-il-pomodoro\/\" aria-label=\"Read more about Che cos&#8217;\u00e8 il pomodoro?\" tabindex=\"-1\" >\n\t\t\tLeggi di pi\u00f9 \u00bb\"\t\t<\/a>\n\n\t\t\t\t\t<\/div>\n\t\t\t\t<\/div>\n\t\t\t\t<div class=\"elementor-post__meta-data\">\n\t\t\t\t\t<span class=\"elementor-post-date\">\n\t\t\t30 Novembre, 2023\t\t<\/span>\n\t\t\t\t<span class=\"elementor-post-avatar\">\n\t\t\tNessun commento\t\t<\/span>\n\t\t\t\t<\/div>\n\t\t\t\t\t<\/div>\n\t\t<\/article>\n\t\t\t\t<article class=\"elementor-post elementor-grid-item post-23309 post type-post status-publish format-standard has-post-thumbnail hentry category-non-categorizzato\" role=\"listitem\">\n\t\t\t<div class=\"elementor-post__card\">\n\t\t\t\t<a class=\"elementor-post__thumbnail__link\" href=\"https:\/\/www.tomatomonterosa.com\/it\/calorie-del-pomodoro-nutrizione-e-sapore-a-ogni-morso\/\" tabindex=\"-1\" ><div class=\"elementor-post__thumbnail\"><img decoding=\"async\" width=\"1440\" height=\"924\" src=\"https:\/\/www.tomatomonterosa.com\/wp-content\/uploads\/2023\/08\/tomate-nutricion-sabor-en-cada-bocado-monterosa.jpg\" class=\"attachment-full size-full wp-image-21041\" alt=\"Imagen de tomates Monterosa en un cesto, alguno fuera de ella. Uno de ellos esta partido para poder ver en detalle como son por dentro. Es una imagen para enlazar a donde explicamos lo bien que son para la nutricion y como es su sabor.\" srcset=\"https:\/\/www.tomatomonterosa.com\/wp-content\/uploads\/2023\/08\/tomate-nutricion-sabor-en-cada-bocado-monterosa.jpg 1440w, https:\/\/www.tomatomonterosa.com\/wp-content\/uploads\/2023\/08\/tomate-nutricion-sabor-en-cada-bocado-monterosa-300x193.jpg 300w, https:\/\/www.tomatomonterosa.com\/wp-content\/uploads\/2023\/08\/tomate-nutricion-sabor-en-cada-bocado-monterosa-1024x657.jpg 1024w, https:\/\/www.tomatomonterosa.com\/wp-content\/uploads\/2023\/08\/tomate-nutricion-sabor-en-cada-bocado-monterosa-150x96.jpg 150w, https:\/\/www.tomatomonterosa.com\/wp-content\/uploads\/2023\/08\/tomate-nutricion-sabor-en-cada-bocado-monterosa-768x493.jpg 768w, https:\/\/www.tomatomonterosa.com\/wp-content\/uploads\/2023\/08\/tomate-nutricion-sabor-en-cada-bocado-monterosa-600x385.jpg 600w\" sizes=\"(max-width: 1440px) 100vw, 1440px\" title=\"\"><\/div><\/a>\n\t\t\t\t<div class=\"elementor-post__text\">\n\t\t\t\t<h2 class=\"elementor-post__title\">\n\t\t\t<a href=\"https:\/\/www.tomatomonterosa.com\/it\/calorie-del-pomodoro-nutrizione-e-sapore-a-ogni-morso\/\" >\n\t\t\t\tCalorie del Pomodoro: Nutrizione e Sapore a Ogni Morso\t\t\t<\/a>\n\t\t<\/h2>\n\t\t\t\t<div class=\"elementor-post__excerpt\">\n\t\t\t<p>Nella ricerca di una dieta sana ed equilibrata, \u00e8 fondamentale conoscere il contenuto calorico degli alimenti. Il pomodoro, frutto vitale e versatile che insaporisce innumerevoli piatti, \u00e8 una scelta diffusa in numerose cucine. <\/p>\n\t\t<\/div>\n\t\t\t\t\t<div class=\"elementor-post__read-more-wrapper\">\n\t\t\n\t\t<a class=\"elementor-post__read-more\" href=\"https:\/\/www.tomatomonterosa.com\/it\/calorie-del-pomodoro-nutrizione-e-sapore-a-ogni-morso\/\" aria-label=\"Read more about Calorie del Pomodoro: Nutrizione e Sapore a Ogni Morso\" tabindex=\"-1\" >\n\t\t\tLeggi di pi\u00f9 \u00bb\"\t\t<\/a>\n\n\t\t\t\t\t<\/div>\n\t\t\t\t<\/div>\n\t\t\t\t<div class=\"elementor-post__meta-data\">\n\t\t\t\t\t<span class=\"elementor-post-date\">\n\t\t\t30 Novembre, 2023\t\t<\/span>\n\t\t\t\t<span class=\"elementor-post-avatar\">\n\t\t\tNessun commento\t\t<\/span>\n\t\t\t\t<\/div>\n\t\t\t\t\t<\/div>\n\t\t<\/article>\n\t\t\t\t<article class=\"elementor-post elementor-grid-item post-23302 post type-post status-publish format-standard has-post-thumbnail hentry category-non-categorizzato\" role=\"listitem\">\n\t\t\t<div class=\"elementor-post__card\">\n\t\t\t\t<a class=\"elementor-post__thumbnail__link\" href=\"https:\/\/www.tomatomonterosa.com\/it\/lo-strano-destino-del-pomodoro-da-veleno-a-elisir-di-giovinezza\/\" tabindex=\"-1\" ><div class=\"elementor-post__thumbnail\"><img decoding=\"async\" width=\"1440\" height=\"924\" src=\"https:\/\/www.tomatomonterosa.com\/wp-content\/uploads\/2023\/08\/tomate-de-veneno-a-elixir-curiosidades-monterosa.jpg\" class=\"attachment-full size-full wp-image-21031\" alt=\"Imagen de tomates Monterosa en un cesto, alguno fuera de ella. Es una imagen con aire r\u00fastico que enfoca con detalle el tomate.\" srcset=\"https:\/\/www.tomatomonterosa.com\/wp-content\/uploads\/2023\/08\/tomate-de-veneno-a-elixir-curiosidades-monterosa.jpg 1440w, https:\/\/www.tomatomonterosa.com\/wp-content\/uploads\/2023\/08\/tomate-de-veneno-a-elixir-curiosidades-monterosa-300x193.jpg 300w, https:\/\/www.tomatomonterosa.com\/wp-content\/uploads\/2023\/08\/tomate-de-veneno-a-elixir-curiosidades-monterosa-1024x657.jpg 1024w, https:\/\/www.tomatomonterosa.com\/wp-content\/uploads\/2023\/08\/tomate-de-veneno-a-elixir-curiosidades-monterosa-150x96.jpg 150w, https:\/\/www.tomatomonterosa.com\/wp-content\/uploads\/2023\/08\/tomate-de-veneno-a-elixir-curiosidades-monterosa-768x493.jpg 768w, https:\/\/www.tomatomonterosa.com\/wp-content\/uploads\/2023\/08\/tomate-de-veneno-a-elixir-curiosidades-monterosa-600x385.jpg 600w\" sizes=\"(max-width: 1440px) 100vw, 1440px\" title=\"\"><\/div><\/a>\n\t\t\t\t<div class=\"elementor-post__text\">\n\t\t\t\t<h2 class=\"elementor-post__title\">\n\t\t\t<a href=\"https:\/\/www.tomatomonterosa.com\/it\/lo-strano-destino-del-pomodoro-da-veleno-a-elisir-di-giovinezza\/\" >\n\t\t\t\tLo Strano Destino del Pomodoro: da Veleno a Elisir di Giovinezza\t\t\t<\/a>\n\t\t<\/h2>\n\t\t\t\t<div class=\"elementor-post__excerpt\">\n\t\t\t<p>Il pomodoro, quel pregiato ingrediente culinario che delizia le nostre papille gustative in un&#8217;ampia variet\u00e0 di piatti, vanta una curiosit\u00e0 poco conosciuta e strabiliante nella sua storia.<\/p>\n\t\t<\/div>\n\t\t\t\t\t<div class=\"elementor-post__read-more-wrapper\">\n\t\t\n\t\t<a class=\"elementor-post__read-more\" href=\"https:\/\/www.tomatomonterosa.com\/it\/lo-strano-destino-del-pomodoro-da-veleno-a-elisir-di-giovinezza\/\" aria-label=\"Read more about Lo Strano Destino del Pomodoro: da Veleno a Elisir di Giovinezza\" tabindex=\"-1\" >\n\t\t\tLeggi di pi\u00f9 \u00bb\"\t\t<\/a>\n\n\t\t\t\t\t<\/div>\n\t\t\t\t<\/div>\n\t\t\t\t<div class=\"elementor-post__meta-data\">\n\t\t\t\t\t<span class=\"elementor-post-date\">\n\t\t\t30 Novembre, 2023\t\t<\/span>\n\t\t\t\t<span class=\"elementor-post-avatar\">\n\t\t\tNessun commento\t\t<\/span>\n\t\t\t\t<\/div>\n\t\t\t\t\t<\/div>\n\t\t<\/article>\n\t\t\t\t<article class=\"elementor-post elementor-grid-item post-23294 post type-post status-publish format-standard has-post-thumbnail hentry category-non-categorizzato\" role=\"listitem\">\n\t\t\t<div class=\"elementor-post__card\">\n\t\t\t\t<a class=\"elementor-post__thumbnail__link\" href=\"https:\/\/www.tomatomonterosa.com\/it\/la-storia-colorata-e-gustosa-del-pomodoro-dalla-mesoamerica-al-tuo-piatto\/\" tabindex=\"-1\" ><div class=\"elementor-post__thumbnail\"><img decoding=\"async\" width=\"1440\" height=\"924\" src=\"https:\/\/www.tomatomonterosa.com\/wp-content\/uploads\/2023\/08\/historia-colorida-sabrosa-tomate-conoce-monterosa.jpg\" class=\"attachment-full size-full wp-image-21022\" alt=\"Imagen de una balda de madera con cinco tomates Monterosa posados sobre ella imagen con aire r\u00fastico, Tomates grandes y sabrosos.\" srcset=\"https:\/\/www.tomatomonterosa.com\/wp-content\/uploads\/2023\/08\/historia-colorida-sabrosa-tomate-conoce-monterosa.jpg 1440w, https:\/\/www.tomatomonterosa.com\/wp-content\/uploads\/2023\/08\/historia-colorida-sabrosa-tomate-conoce-monterosa-300x193.jpg 300w, https:\/\/www.tomatomonterosa.com\/wp-content\/uploads\/2023\/08\/historia-colorida-sabrosa-tomate-conoce-monterosa-1024x657.jpg 1024w, https:\/\/www.tomatomonterosa.com\/wp-content\/uploads\/2023\/08\/historia-colorida-sabrosa-tomate-conoce-monterosa-150x96.jpg 150w, https:\/\/www.tomatomonterosa.com\/wp-content\/uploads\/2023\/08\/historia-colorida-sabrosa-tomate-conoce-monterosa-768x493.jpg 768w, https:\/\/www.tomatomonterosa.com\/wp-content\/uploads\/2023\/08\/historia-colorida-sabrosa-tomate-conoce-monterosa-600x385.jpg 600w\" sizes=\"(max-width: 1440px) 100vw, 1440px\" title=\"\"><\/div><\/a>\n\t\t\t\t<div class=\"elementor-post__text\">\n\t\t\t\t<h2 class=\"elementor-post__title\">\n\t\t\t<a href=\"https:\/\/www.tomatomonterosa.com\/it\/la-storia-colorata-e-gustosa-del-pomodoro-dalla-mesoamerica-al-tuo-piatto\/\" >\n\t\t\t\tLa Storia Colorata e Gustosa del Pomodoro: dalla Mesoamerica al tuo Piatto.\t\t\t<\/a>\n\t\t<\/h2>\n\t\t\t\t<div class=\"elementor-post__excerpt\">\n\t\t\t<p>Il pomodoro, quel frutto vivace e versatile che aggiunge freschezza e sapore a innumerevoli piatti in tutto il mondo, ha una storia affascinante che risale a migliaia di anni fa.<\/p>\n\t\t<\/div>\n\t\t\t\t\t<div class=\"elementor-post__read-more-wrapper\">\n\t\t\n\t\t<a class=\"elementor-post__read-more\" href=\"https:\/\/www.tomatomonterosa.com\/it\/la-storia-colorata-e-gustosa-del-pomodoro-dalla-mesoamerica-al-tuo-piatto\/\" aria-label=\"Read more about La Storia Colorata e Gustosa del Pomodoro: dalla Mesoamerica al tuo Piatto.\" tabindex=\"-1\" >\n\t\t\tLeggi di pi\u00f9 \u00bb\"\t\t<\/a>\n\n\t\t\t\t\t<\/div>\n\t\t\t\t<\/div>\n\t\t\t\t<div class=\"elementor-post__meta-data\">\n\t\t\t\t\t<span class=\"elementor-post-date\">\n\t\t\t30 Novembre, 2023\t\t<\/span>\n\t\t\t\t<span class=\"elementor-post-avatar\">\n\t\t\tNessun commento\t\t<\/span>\n\t\t\t\t<\/div>\n\t\t\t\t\t<\/div>\n\t\t<\/article>\n\t\t\t\t<article class=\"elementor-post elementor-grid-item post-23285 post type-post status-publish format-standard has-post-thumbnail hentry category-non-categorizzato\" role=\"listitem\">\n\t\t\t<div class=\"elementor-post__card\">\n\t\t\t\t<a class=\"elementor-post__thumbnail__link\" href=\"https:\/\/www.tomatomonterosa.com\/it\/la-storia-del-pomodoro\/\" tabindex=\"-1\" ><div class=\"elementor-post__thumbnail\"><img decoding=\"async\" width=\"1440\" height=\"924\" src=\"https:\/\/www.tomatomonterosa.com\/wp-content\/uploads\/2023\/08\/monterosa-la-historia-del-tomate.jpg\" class=\"attachment-full size-full wp-image-20944\" alt=\"Tomates monterosa apilados unos encima de otros. Por su forma y color est\u00e1n muy apetecibles.\" srcset=\"https:\/\/www.tomatomonterosa.com\/wp-content\/uploads\/2023\/08\/monterosa-la-historia-del-tomate.jpg 1440w, https:\/\/www.tomatomonterosa.com\/wp-content\/uploads\/2023\/08\/monterosa-la-historia-del-tomate-300x193.jpg 300w, https:\/\/www.tomatomonterosa.com\/wp-content\/uploads\/2023\/08\/monterosa-la-historia-del-tomate-1024x657.jpg 1024w, https:\/\/www.tomatomonterosa.com\/wp-content\/uploads\/2023\/08\/monterosa-la-historia-del-tomate-150x96.jpg 150w, https:\/\/www.tomatomonterosa.com\/wp-content\/uploads\/2023\/08\/monterosa-la-historia-del-tomate-768x493.jpg 768w, https:\/\/www.tomatomonterosa.com\/wp-content\/uploads\/2023\/08\/monterosa-la-historia-del-tomate-600x385.jpg 600w\" sizes=\"(max-width: 1440px) 100vw, 1440px\" title=\"\"><\/div><\/a>\n\t\t\t\t<div class=\"elementor-post__text\">\n\t\t\t\t<h2 class=\"elementor-post__title\">\n\t\t\t<a href=\"https:\/\/www.tomatomonterosa.com\/it\/la-storia-del-pomodoro\/\" >\n\t\t\t\tLa storia del pomodoro\t\t\t<\/a>\n\t\t<\/h2>\n\t\t\t\t<div class=\"elementor-post__excerpt\">\n\t\t\t<p>Devono esserci migliaia di piatti in cui il pomodoro \u00e8 l&#8217;ingrediente principale o l&#8217;elemento fondamentale. Grazie al suo colore, al suo sapore e alla sua variet\u00e0, il pomodoro ha fatto molta strada dalle antiche civilt\u00e0 azteche, al punto da diventare un alimento pressoch\u00e9 indispensabile nelle cucine di oggi&#8221;<\/p>\n\t\t<\/div>\n\t\t\t\t\t<div class=\"elementor-post__read-more-wrapper\">\n\t\t\n\t\t<a class=\"elementor-post__read-more\" href=\"https:\/\/www.tomatomonterosa.com\/it\/la-storia-del-pomodoro\/\" aria-label=\"Read more about La storia del pomodoro\" tabindex=\"-1\" >\n\t\t\tLeggi di pi\u00f9 \u00bb\"\t\t<\/a>\n\n\t\t\t\t\t<\/div>\n\t\t\t\t<\/div>\n\t\t\t\t<div class=\"elementor-post__meta-data\">\n\t\t\t\t\t<span class=\"elementor-post-date\">\n\t\t\t30 Novembre, 2023\t\t<\/span>\n\t\t\t\t<span class=\"elementor-post-avatar\">\n\t\t\tNessun commento\t\t<\/span>\n\t\t\t\t<\/div>\n\t\t\t\t\t<\/div>\n\t\t<\/article>\n\t\t\t\t<\/div>\n\t\t\t\t\t<span class=\"e-load-more-spinner\">\n\t\t\t\t<svg aria-hidden=\"true\" class=\"e-font-icon-svg e-fas-spinner\" viewBox=\"0 0 512 512\" xmlns=\"http:\/\/www.w3.org\/2000\/svg\"><path d=\"M304 48c0 26.51-21.49 48-48 48s-48-21.49-48-48 21.49-48 48-48 48 21.49 48 48zm-48 368c-26.51 0-48 21.49-48 48s21.49 48 48 48 48-21.49 48-48-21.49-48-48-48zm208-208c-26.51 0-48 21.49-48 48s21.49 48 48 48 48-21.49 48-48-21.49-48-48-48zM96 256c0-26.51-21.49-48-48-48S0 229.49 0 256s21.49 48 48 48 48-21.49 48-48zm12.922 99.078c-26.51 0-48 21.49-48 48s21.49 48 48 48 48-21.49 48-48c0-26.509-21.491-48-48-48zm294.156 0c-26.51 0-48 21.49-48 48s21.49 48 48 48 48-21.49 48-48c0-26.509-21.49-48-48-48zM108.922 60.922c-26.51 0-48 21.49-48 48s21.49 48 48 48 48-21.49 48-48-21.491-48-48-48z\"><\/path><\/svg>\t\t\t<\/span>\n\t\t\n\t\t\t\t\t\t<\/div>\n\t\t\t\t<\/div>\n\t\t\t\t\t<\/div>\n\t\t\t\t<\/div>\n\t\t\t\t<\/div>\n\t\t","protected":false},"excerpt":{"rendered":"<p>Blog<\/p>\n","protected":false},"author":1,"featured_media":0,"parent":0,"menu_order":0,"comment_status":"closed","ping_status":"closed","template":"","meta":{"_acf_changed":false,"footnotes":""},"class_list":["post-22625","page","type-page","status-publish","hentry"],"acf":[],"_links":{"self":[{"href":"https:\/\/www.tomatomonterosa.com\/it\/wp-json\/wp\/v2\/pages\/22625","targetHints":{"allow":["GET"]}}],"collection":[{"href":"https:\/\/www.tomatomonterosa.com\/it\/wp-json\/wp\/v2\/pages"}],"about":[{"href":"https:\/\/www.tomatomonterosa.com\/it\/wp-json\/wp\/v2\/types\/page"}],"author":[{"embeddable":true,"href":"https:\/\/www.tomatomonterosa.com\/it\/wp-json\/wp\/v2\/users\/1"}],"replies":[{"embeddable":true,"href":"https:\/\/www.tomatomonterosa.com\/it\/wp-json\/wp\/v2\/comments?post=22625"}],"version-history":[{"count":3,"href":"https:\/\/www.tomatomonterosa.com\/it\/wp-json\/wp\/v2\/pages\/22625\/revisions"}],"predecessor-version":[{"id":29025,"href":"https:\/\/www.tomatomonterosa.com\/it\/wp-json\/wp\/v2\/pages\/22625\/revisions\/29025"}],"wp:attachment":[{"href":"https:\/\/www.tomatomonterosa.com\/it\/wp-json\/wp\/v2\/media?parent=22625"}],"curies":[{"name":"wp","href":"https:\/\/api.w.org\/{rel}","templated":true}]}}