{"id":22973,"date":"2023-11-30T00:38:32","date_gmt":"2023-11-30T00:38:32","guid":{"rendered":"https:\/\/www.tomatomonterosa.com\/collaborations\/"},"modified":"2024-09-25T07:03:40","modified_gmt":"2024-09-25T07:03:40","slug":"collaborations","status":"publish","type":"page","link":"https:\/\/www.tomatomonterosa.com\/en\/monterosa-recipes\/collaborations\/","title":{"rendered":"Collaborations"},"content":{"rendered":"\t\t<div data-elementor-type=\"wp-page\" data-elementor-id=\"22973\" class=\"elementor elementor-22973 elementor-20488\" data-elementor-post-type=\"page\">\n\t\t\t\t<div data-particle_enable=\"false\" data-particle-mobile-disabled=\"false\" class=\"elementor-element elementor-element-5a9c9b58 wd-section-stretch-content e-flex e-con-boxed e-con e-parent\" data-id=\"5a9c9b58\" data-element_type=\"container\" data-settings=\"{&quot;background_background&quot;:&quot;classic&quot;}\">\n\t\t\t\t\t<div class=\"e-con-inner\">\n\t\t\t\t<div class=\"elementor-element elementor-element-378d011b elementor-widget__width-inherit elementor-absolute elementor-widget elementor-widget-heading\" data-id=\"378d011b\" data-element_type=\"widget\" data-settings=\"{&quot;_position&quot;:&quot;absolute&quot;}\" data-widget_type=\"heading.default\">\n\t\t\t\t<div class=\"elementor-widget-container\">\n\t\t\t\t\t<h1 class=\"elementor-heading-title elementor-size-default\">Collaborations<\/h1>\t\t\t\t<\/div>\n\t\t\t\t<\/div>\n\t\t\t\t\t<\/div>\n\t\t\t\t<\/div>\n\t\t<div data-particle_enable=\"false\" data-particle-mobile-disabled=\"false\" class=\"wd-negative-gap elementor-element elementor-element-5fda2e66 wd-section-stretch-content e-flex e-con-boxed e-con e-parent\" data-id=\"5fda2e66\" data-element_type=\"container\" data-settings=\"{&quot;background_background&quot;:&quot;classic&quot;}\">\n\t\t\t\t\t<div class=\"e-con-inner\">\n\t\t\t\t<div class=\"elementor-element elementor-element-37f99872 text-center color-scheme-inherit elementor-widget elementor-widget-text-editor\" data-id=\"37f99872\" data-element_type=\"widget\" data-widget_type=\"text-editor.default\">\n\t\t\t\t<div class=\"elementor-widget-container\">\n\t\t\t\t\t\t\t\t\t<p><span style=\"font-weight: 400;\">From the collaboration between <strong>Tomate Monterosa<\/strong> and the renowned food bloggers <strong>Delicious Martha, David Andr\u00e9s, Laura Garc\u00eda, Marina Ribas, and Realfooding<\/strong>, emerges a collection of exclusive and original <strong>recipes<\/strong> that will allow you to discover the unmatched <strong>flavor<\/strong> that makes Monterosa tomatoes a versatile and irresistible companion in your <strong>kitchen<\/strong>.<\/span><\/p>\n<p><span style=\"font-weight: 400;\">With a blend of <strong>talents<\/strong> spanning from photography to Advertising and Public Relations, these <strong>gastronomic influencers<\/strong> have united their passions to establish themselves as some of the most respected figures in Spain&#8217;s <strong>digital culinary<\/strong> sphere.<\/span><\/p>\n<p><span style=\"font-weight: 400;\">The <strong>culinary proposals<\/strong> highlight Monterosa tomatoes&#8217; distinctive characteristics: their robust flavor, unique texture, juiciness, and intense herbaceous aroma, inviting you to explore and enjoy cooking in the company of <strong>Monterosa<\/strong> and these renowned <strong>food bloggers<\/strong>.<\/span><\/p>\n<p><strong>Enjoy cooking in the company of Monterosa!<\/strong><\/p>\n\t\t\t\t\t\t\t\t<\/div>\n\t\t\t\t<\/div>\n\t\t\t\t\t<\/div>\n\t\t\t\t<\/div>\n\t\t\t\t<section data-particle_enable=\"false\" data-particle-mobile-disabled=\"false\" class=\"wd-negative-gap elementor-section elementor-top-section elementor-element elementor-element-c9f7d70 wd-section-stretch-content elementor-section-content-middle elementor-section-boxed elementor-section-height-default elementor-section-height-default\" data-id=\"c9f7d70\" data-element_type=\"section\">\n\t\t\t\t\t\t<div class=\"elementor-container elementor-column-gap-no\">\n\t\t\t\t\t<div class=\"elementor-column elementor-col-100 elementor-top-column elementor-element elementor-element-cc3e2d1\" data-id=\"cc3e2d1\" data-element_type=\"column\">\n\t\t\t<div class=\"elementor-widget-wrap elementor-element-populated\">\n\t\t\t\t\t\t<div class=\"elementor-element elementor-element-fde72ff elementor-widget elementor-widget-image\" data-id=\"fde72ff\" data-element_type=\"widget\" data-widget_type=\"image.default\">\n\t\t\t\t<div class=\"elementor-widget-container\">\n\t\t\t\t\t\t\t\t\t\t\t\t\t\t\t<img decoding=\"async\" width=\"1440\" height=\"800\" src=\"https:\/\/www.tomatomonterosa.com\/wp-content\/uploads\/2023\/08\/marta-sanahuja-calaboradora-tomate-monterosa.jpg\" class=\"attachment-full size-full wp-image-20508\" alt=\"En la imagen Marta Sanahuja sonriendo con una cocina al fondo. Colaboraci\u00f3n entre Tomate Monterosa y la food blogger\nDelicious Martha.\" srcset=\"https:\/\/www.tomatomonterosa.com\/wp-content\/uploads\/2023\/08\/marta-sanahuja-calaboradora-tomate-monterosa.jpg 1440w, https:\/\/www.tomatomonterosa.com\/wp-content\/uploads\/2023\/08\/marta-sanahuja-calaboradora-tomate-monterosa-300x167.jpg 300w, https:\/\/www.tomatomonterosa.com\/wp-content\/uploads\/2023\/08\/marta-sanahuja-calaboradora-tomate-monterosa-1024x569.jpg 1024w, https:\/\/www.tomatomonterosa.com\/wp-content\/uploads\/2023\/08\/marta-sanahuja-calaboradora-tomate-monterosa-150x83.jpg 150w, https:\/\/www.tomatomonterosa.com\/wp-content\/uploads\/2023\/08\/marta-sanahuja-calaboradora-tomate-monterosa-768x427.jpg 768w, https:\/\/www.tomatomonterosa.com\/wp-content\/uploads\/2023\/08\/marta-sanahuja-calaboradora-tomate-monterosa-600x333.jpg 600w\" sizes=\"(max-width: 1440px) 100vw, 1440px\" title=\"\">\t\t\t\t\t\t\t\t\t\t\t\t\t\t\t<\/div>\n\t\t\t\t<\/div>\n\t\t\t\t\t<\/div>\n\t\t<\/div>\n\t\t\t\t\t<\/div>\n\t\t<\/section>\n\t\t<div data-particle_enable=\"false\" data-particle-mobile-disabled=\"false\" class=\"wd-negative-gap elementor-element elementor-element-ff2b5df e-flex e-con-boxed e-con e-parent\" data-id=\"ff2b5df\" data-element_type=\"container\">\n\t\t\t\t\t<div class=\"e-con-inner\">\n\t\t\t\t<div class=\"elementor-element elementor-element-3904754 elementor-widget__width-initial elementor-widget elementor-widget-heading\" data-id=\"3904754\" data-element_type=\"widget\" data-widget_type=\"heading.default\">\n\t\t\t\t<div class=\"elementor-widget-container\">\n\t\t\t\t\t<h2 class=\"elementor-heading-title elementor-size-default\">Delicious Martha<\/h2>\t\t\t\t<\/div>\n\t\t\t\t<\/div>\n\t\t\t\t<div class=\"elementor-element elementor-element-560b972 elementor-align-left elementor-widget__width-initial elementor-widget elementor-widget-button\" data-id=\"560b972\" data-element_type=\"widget\" data-widget_type=\"button.default\">\n\t\t\t\t<div class=\"elementor-widget-container\">\n\t\t\t\t\t\t\t\t\t<div class=\"elementor-button-wrapper\">\n\t\t\t\t\t<a class=\"elementor-button elementor-button-link elementor-size-lg\" href=\"https:\/\/www.tomatomonterosa.com\/en\/monterosa-recipes\/by-delicious-martha\/\">\n\t\t\t\t\t\t<span class=\"elementor-button-content-wrapper\">\n\t\t\t\t\t\t\t\t\t<span class=\"elementor-button-text\">Check it out!<\/span>\n\t\t\t\t\t<\/span>\n\t\t\t\t\t<\/a>\n\t\t\t\t<\/div>\n\t\t\t\t\t\t\t\t<\/div>\n\t\t\t\t<\/div>\n\t\t\t\t\t<\/div>\n\t\t\t\t<\/div>\n\t\t\t\t<section data-particle_enable=\"false\" data-particle-mobile-disabled=\"false\" class=\"wd-negative-gap elementor-section elementor-top-section elementor-element elementor-element-1141a7e wd-section-stretch-content elementor-section-content-middle elementor-section-boxed elementor-section-height-default elementor-section-height-default\" data-id=\"1141a7e\" data-element_type=\"section\">\n\t\t\t\t\t\t<div class=\"elementor-container elementor-column-gap-no\">\n\t\t\t\t\t<div class=\"elementor-column elementor-col-100 elementor-top-column elementor-element elementor-element-10f09b0\" data-id=\"10f09b0\" data-element_type=\"column\">\n\t\t\t<div class=\"elementor-widget-wrap elementor-element-populated\">\n\t\t\t\t\t\t<div class=\"elementor-element elementor-element-3741826 elementor-widget elementor-widget-image\" data-id=\"3741826\" data-element_type=\"widget\" data-widget_type=\"image.default\">\n\t\t\t\t<div class=\"elementor-widget-container\">\n\t\t\t\t\t\t\t\t\t\t\t\t\t\t\t<img decoding=\"async\" width=\"1440\" height=\"805\" src=\"https:\/\/www.tomatomonterosa.com\/wp-content\/uploads\/2023\/08\/david-andres-calaboradora-tomate-monterosa.jpg\" class=\"attachment-full size-full wp-image-20522\" alt=\"Colaboraciones con tomate Monterosa\" srcset=\"https:\/\/www.tomatomonterosa.com\/wp-content\/uploads\/2023\/08\/david-andres-calaboradora-tomate-monterosa.jpg 1440w, https:\/\/www.tomatomonterosa.com\/wp-content\/uploads\/2023\/08\/david-andres-calaboradora-tomate-monterosa-300x168.jpg 300w, https:\/\/www.tomatomonterosa.com\/wp-content\/uploads\/2023\/08\/david-andres-calaboradora-tomate-monterosa-1024x572.jpg 1024w, https:\/\/www.tomatomonterosa.com\/wp-content\/uploads\/2023\/08\/david-andres-calaboradora-tomate-monterosa-150x84.jpg 150w, https:\/\/www.tomatomonterosa.com\/wp-content\/uploads\/2023\/08\/david-andres-calaboradora-tomate-monterosa-768x429.jpg 768w, https:\/\/www.tomatomonterosa.com\/wp-content\/uploads\/2023\/08\/david-andres-calaboradora-tomate-monterosa-600x335.jpg 600w\" sizes=\"(max-width: 1440px) 100vw, 1440px\" title=\"\">\t\t\t\t\t\t\t\t\t\t\t\t\t\t\t<\/div>\n\t\t\t\t<\/div>\n\t\t\t\t\t<\/div>\n\t\t<\/div>\n\t\t\t\t\t<\/div>\n\t\t<\/section>\n\t\t<div data-particle_enable=\"false\" data-particle-mobile-disabled=\"false\" class=\"wd-negative-gap elementor-element elementor-element-8d1777c e-flex e-con-boxed e-con e-parent\" data-id=\"8d1777c\" data-element_type=\"container\">\n\t\t\t\t\t<div class=\"e-con-inner\">\n\t\t\t\t<div class=\"elementor-element elementor-element-7c00d362 elementor-widget__width-initial elementor-widget elementor-widget-heading\" data-id=\"7c00d362\" data-element_type=\"widget\" data-widget_type=\"heading.default\">\n\t\t\t\t<div class=\"elementor-widget-container\">\n\t\t\t\t\t<h2 class=\"elementor-heading-title elementor-size-default\">David Andr\u00e9s<\/h2>\t\t\t\t<\/div>\n\t\t\t\t<\/div>\n\t\t\t\t<div class=\"elementor-element elementor-element-27d1309d elementor-align-left elementor-widget__width-initial elementor-widget elementor-widget-button\" data-id=\"27d1309d\" data-element_type=\"widget\" data-widget_type=\"button.default\">\n\t\t\t\t<div class=\"elementor-widget-container\">\n\t\t\t\t\t\t\t\t\t<div class=\"elementor-button-wrapper\">\n\t\t\t\t\t<a class=\"elementor-button elementor-button-link elementor-size-lg\" href=\"https:\/\/www.tomatomonterosa.com\/en\/monterosa-collection\/\">\n\t\t\t\t\t\t<span class=\"elementor-button-content-wrapper\">\n\t\t\t\t\t\t\t\t\t<span class=\"elementor-button-text\">Check it out!<\/span>\n\t\t\t\t\t<\/span>\n\t\t\t\t\t<\/a>\n\t\t\t\t<\/div>\n\t\t\t\t\t\t\t\t<\/div>\n\t\t\t\t<\/div>\n\t\t\t\t\t<\/div>\n\t\t\t\t<\/div>\n\t\t\t\t<section data-particle_enable=\"false\" data-particle-mobile-disabled=\"false\" class=\"wd-negative-gap elementor-section elementor-top-section elementor-element elementor-element-03a82b0 wd-section-stretch-content elementor-section-content-middle elementor-section-boxed elementor-section-height-default elementor-section-height-default\" data-id=\"03a82b0\" data-element_type=\"section\">\n\t\t\t\t\t\t<div class=\"elementor-container elementor-column-gap-no\">\n\t\t\t\t\t<div class=\"elementor-column elementor-col-100 elementor-top-column elementor-element elementor-element-cce966d\" data-id=\"cce966d\" data-element_type=\"column\">\n\t\t\t<div class=\"elementor-widget-wrap elementor-element-populated\">\n\t\t\t\t\t\t<div class=\"elementor-element elementor-element-f22d647 elementor-widget elementor-widget-image\" data-id=\"f22d647\" data-element_type=\"widget\" data-widget_type=\"image.default\">\n\t\t\t\t<div class=\"elementor-widget-container\">\n\t\t\t\t\t\t\t\t\t\t\t\t\t\t\t<img decoding=\"async\" width=\"1440\" height=\"805\" src=\"https:\/\/www.tomatomonterosa.com\/wp-content\/uploads\/2023\/10\/colaboracion-laura-garcia-influencer-recetas-tomate-monterosa.jpeg\" class=\"attachment-full size-full wp-image-21653\" alt=\"Influencer Laura Garc\u00eda. Colaboraciones con tomate Monterosa. En la imagen una foto de ella mirando de frente a la c\u00e1mara con los ojos algo gui\u00f1ado.\" srcset=\"https:\/\/www.tomatomonterosa.com\/wp-content\/uploads\/2023\/10\/colaboracion-laura-garcia-influencer-recetas-tomate-monterosa.jpeg 1440w, https:\/\/www.tomatomonterosa.com\/wp-content\/uploads\/2023\/10\/colaboracion-laura-garcia-influencer-recetas-tomate-monterosa-300x168.jpeg 300w, https:\/\/www.tomatomonterosa.com\/wp-content\/uploads\/2023\/10\/colaboracion-laura-garcia-influencer-recetas-tomate-monterosa-1024x572.jpeg 1024w, https:\/\/www.tomatomonterosa.com\/wp-content\/uploads\/2023\/10\/colaboracion-laura-garcia-influencer-recetas-tomate-monterosa-150x84.jpeg 150w, https:\/\/www.tomatomonterosa.com\/wp-content\/uploads\/2023\/10\/colaboracion-laura-garcia-influencer-recetas-tomate-monterosa-768x429.jpeg 768w, https:\/\/www.tomatomonterosa.com\/wp-content\/uploads\/2023\/10\/colaboracion-laura-garcia-influencer-recetas-tomate-monterosa-600x335.jpeg 600w\" sizes=\"(max-width: 1440px) 100vw, 1440px\" title=\"\">\t\t\t\t\t\t\t\t\t\t\t\t\t\t\t<\/div>\n\t\t\t\t<\/div>\n\t\t\t\t\t<\/div>\n\t\t<\/div>\n\t\t\t\t\t<\/div>\n\t\t<\/section>\n\t\t<div data-particle_enable=\"false\" data-particle-mobile-disabled=\"false\" class=\"wd-negative-gap elementor-element elementor-element-1e73453 e-flex e-con-boxed e-con e-parent\" data-id=\"1e73453\" data-element_type=\"container\">\n\t\t\t\t\t<div class=\"e-con-inner\">\n\t\t\t\t<div class=\"elementor-element elementor-element-90b4a1f elementor-widget__width-initial elementor-widget elementor-widget-heading\" data-id=\"90b4a1f\" data-element_type=\"widget\" data-widget_type=\"heading.default\">\n\t\t\t\t<div class=\"elementor-widget-container\">\n\t\t\t\t\t<h2 class=\"elementor-heading-title elementor-size-default\">Laura Garc\u00eda<\/h2>\t\t\t\t<\/div>\n\t\t\t\t<\/div>\n\t\t\t\t<div class=\"elementor-element elementor-element-d1eca4b elementor-align-left elementor-widget__width-initial elementor-widget elementor-widget-button\" data-id=\"d1eca4b\" data-element_type=\"widget\" data-widget_type=\"button.default\">\n\t\t\t\t<div class=\"elementor-widget-container\">\n\t\t\t\t\t\t\t\t\t<div class=\"elementor-button-wrapper\">\n\t\t\t\t\t<a class=\"elementor-button elementor-button-link elementor-size-lg\" href=\"https:\/\/www.tomatomonterosa.com\/en\/monterosa-recipes\/by-laura-garcia\/\">\n\t\t\t\t\t\t<span class=\"elementor-button-content-wrapper\">\n\t\t\t\t\t\t\t\t\t<span class=\"elementor-button-text\">Check it out!<\/span>\n\t\t\t\t\t<\/span>\n\t\t\t\t\t<\/a>\n\t\t\t\t<\/div>\n\t\t\t\t\t\t\t\t<\/div>\n\t\t\t\t<\/div>\n\t\t\t\t\t<\/div>\n\t\t\t\t<\/div>\n\t\t\t\t<section data-particle_enable=\"false\" data-particle-mobile-disabled=\"false\" class=\"wd-negative-gap elementor-section elementor-top-section elementor-element elementor-element-5e74ba4 wd-section-stretch-content elementor-section-content-middle elementor-section-boxed elementor-section-height-default elementor-section-height-default\" data-id=\"5e74ba4\" data-element_type=\"section\">\n\t\t\t\t\t\t<div class=\"elementor-container elementor-column-gap-no\">\n\t\t\t\t\t<div class=\"elementor-column elementor-col-100 elementor-top-column elementor-element elementor-element-3d27c02\" data-id=\"3d27c02\" data-element_type=\"column\">\n\t\t\t<div class=\"elementor-widget-wrap elementor-element-populated\">\n\t\t\t\t\t\t<div class=\"elementor-element elementor-element-f043432 elementor-widget elementor-widget-image\" data-id=\"f043432\" data-element_type=\"widget\" data-widget_type=\"image.default\">\n\t\t\t\t<div class=\"elementor-widget-container\">\n\t\t\t\t\t\t\t\t\t\t\t\t\t\t\t<img decoding=\"async\" width=\"1440\" height=\"805\" src=\"https:\/\/www.tomatomonterosa.com\/wp-content\/uploads\/2023\/10\/colaboracion-marina-ribas-recetas-tomate-monterosa.jpeg\" class=\"attachment-full size-full wp-image-21644\" alt=\"Blogger Marina Ribas. Colaboraciones con tomate Monterosa. En la imagen una foto de ella mirando a la c\u00e1mara de perfil.\" srcset=\"https:\/\/www.tomatomonterosa.com\/wp-content\/uploads\/2023\/10\/colaboracion-marina-ribas-recetas-tomate-monterosa.jpeg 1440w, https:\/\/www.tomatomonterosa.com\/wp-content\/uploads\/2023\/10\/colaboracion-marina-ribas-recetas-tomate-monterosa-300x168.jpeg 300w, https:\/\/www.tomatomonterosa.com\/wp-content\/uploads\/2023\/10\/colaboracion-marina-ribas-recetas-tomate-monterosa-1024x572.jpeg 1024w, https:\/\/www.tomatomonterosa.com\/wp-content\/uploads\/2023\/10\/colaboracion-marina-ribas-recetas-tomate-monterosa-150x84.jpeg 150w, https:\/\/www.tomatomonterosa.com\/wp-content\/uploads\/2023\/10\/colaboracion-marina-ribas-recetas-tomate-monterosa-768x429.jpeg 768w, https:\/\/www.tomatomonterosa.com\/wp-content\/uploads\/2023\/10\/colaboracion-marina-ribas-recetas-tomate-monterosa-600x335.jpeg 600w\" sizes=\"(max-width: 1440px) 100vw, 1440px\" title=\"\">\t\t\t\t\t\t\t\t\t\t\t\t\t\t\t<\/div>\n\t\t\t\t<\/div>\n\t\t\t\t\t<\/div>\n\t\t<\/div>\n\t\t\t\t\t<\/div>\n\t\t<\/section>\n\t\t<div data-particle_enable=\"false\" data-particle-mobile-disabled=\"false\" class=\"wd-negative-gap elementor-element elementor-element-58b6637 e-flex e-con-boxed e-con e-parent\" data-id=\"58b6637\" data-element_type=\"container\">\n\t\t\t\t\t<div class=\"e-con-inner\">\n\t\t\t\t<div class=\"elementor-element elementor-element-3b86d9c elementor-widget__width-initial elementor-widget elementor-widget-heading\" data-id=\"3b86d9c\" data-element_type=\"widget\" data-widget_type=\"heading.default\">\n\t\t\t\t<div class=\"elementor-widget-container\">\n\t\t\t\t\t<h2 class=\"elementor-heading-title elementor-size-default\">Marina Ribas<\/h2>\t\t\t\t<\/div>\n\t\t\t\t<\/div>\n\t\t\t\t<div class=\"elementor-element elementor-element-0a9268d elementor-align-left elementor-widget__width-initial elementor-widget elementor-widget-button\" data-id=\"0a9268d\" data-element_type=\"widget\" data-widget_type=\"button.default\">\n\t\t\t\t<div class=\"elementor-widget-container\">\n\t\t\t\t\t\t\t\t\t<div class=\"elementor-button-wrapper\">\n\t\t\t\t\t<a class=\"elementor-button elementor-button-link elementor-size-lg\" href=\"https:\/\/www.tomatomonterosa.com\/en\/monterosa-recipes\/by-marina-ribas\/\">\n\t\t\t\t\t\t<span class=\"elementor-button-content-wrapper\">\n\t\t\t\t\t\t\t\t\t<span class=\"elementor-button-text\">Check it out!<\/span>\n\t\t\t\t\t<\/span>\n\t\t\t\t\t<\/a>\n\t\t\t\t<\/div>\n\t\t\t\t\t\t\t\t<\/div>\n\t\t\t\t<\/div>\n\t\t\t\t\t<\/div>\n\t\t\t\t<\/div>\n\t\t\t\t<\/div>\n\t\t","protected":false},"excerpt":{"rendered":"<p>Collaborations From the collaboration between Tomate Monterosa and the renowned food bloggers Delicious Martha, David Andr\u00e9s, Laura Garc\u00eda, Marina Ribas,<\/p>\n","protected":false},"author":27,"featured_media":0,"parent":23068,"menu_order":0,"comment_status":"closed","ping_status":"closed","template":"","meta":{"_acf_changed":false,"footnotes":""},"class_list":["post-22973","page","type-page","status-publish","hentry"],"acf":[],"_links":{"self":[{"href":"https:\/\/www.tomatomonterosa.com\/en\/wp-json\/wp\/v2\/pages\/22973","targetHints":{"allow":["GET"]}}],"collection":[{"href":"https:\/\/www.tomatomonterosa.com\/en\/wp-json\/wp\/v2\/pages"}],"about":[{"href":"https:\/\/www.tomatomonterosa.com\/en\/wp-json\/wp\/v2\/types\/page"}],"author":[{"embeddable":true,"href":"https:\/\/www.tomatomonterosa.com\/en\/wp-json\/wp\/v2\/users\/27"}],"replies":[{"embeddable":true,"href":"https:\/\/www.tomatomonterosa.com\/en\/wp-json\/wp\/v2\/comments?post=22973"}],"version-history":[{"count":0,"href":"https:\/\/www.tomatomonterosa.com\/en\/wp-json\/wp\/v2\/pages\/22973\/revisions"}],"up":[{"embeddable":true,"href":"https:\/\/www.tomatomonterosa.com\/en\/wp-json\/wp\/v2\/pages\/23068"}],"wp:attachment":[{"href":"https:\/\/www.tomatomonterosa.com\/en\/wp-json\/wp\/v2\/media?parent=22973"}],"curies":[{"name":"wp","href":"https:\/\/api.w.org\/{rel}","templated":true}]}}