{"id":28926,"date":"2025-09-22T11:54:14","date_gmt":"2025-09-22T11:54:14","guid":{"rendered":"https:\/\/www.tomatomonterosa.com\/monterosa-mini\/"},"modified":"2025-10-06T09:46:12","modified_gmt":"2025-10-06T09:46:12","slug":"monterosa-mini","status":"publish","type":"page","link":"https:\/\/www.tomatomonterosa.com\/ca\/monterosa-mini\/","title":{"rendered":"Monterosa mini"},"content":{"rendered":"\t\t<div data-elementor-type=\"wp-page\" data-elementor-id=\"28926\" class=\"elementor elementor-28926 elementor-24118\" data-elementor-post-type=\"page\">\n\t\t\t\t<div data-particle_enable=\"false\" data-particle-mobile-disabled=\"false\" class=\"wd-negative-gap elementor-element elementor-element-53d4f76 wd-section-stretch-content e-flex e-con-boxed e-con e-parent\" data-id=\"53d4f76\" data-element_type=\"container\" data-settings=\"{&quot;background_background&quot;:&quot;classic&quot;}\">\n\t\t\t\t\t<div class=\"e-con-inner\">\n\t\t\t\t<div class=\"elementor-element elementor-element-5d0f50b elementor-widget elementor-widget-heading\" data-id=\"5d0f50b\" data-element_type=\"widget\" data-widget_type=\"heading.default\">\n\t\t\t\t<div class=\"elementor-widget-container\">\n\t\t\t\t\t<h1 class=\"elementor-heading-title elementor-size-default\">Una manera<br>sabrosa de viure<br>tamb\u00e9 en un<br>format m\u00e9s<br>petit<\/h1>\t\t\t\t<\/div>\n\t\t\t\t<\/div>\n\t\t\t\t\t<\/div>\n\t\t\t\t<\/div>\n\t\t<div data-particle_enable=\"false\" data-particle-mobile-disabled=\"false\" class=\"elementor-element elementor-element-71abe53 e-con-full e-flex e-con e-parent\" data-id=\"71abe53\" data-element_type=\"container\">\n\t\t<div data-particle_enable=\"false\" data-particle-mobile-disabled=\"false\" class=\"elementor-element elementor-element-124dd71 e-con-full e-flex e-con e-child\" data-id=\"124dd71\" data-element_type=\"container\">\n\t\t\t\t<div class=\"elementor-element elementor-element-7b391fd elementor-widget__width-initial elementor-widget elementor-widget-heading\" data-id=\"7b391fd\" data-element_type=\"widget\" data-widget_type=\"heading.default\">\n\t\t\t\t<div class=\"elementor-widget-container\">\n\t\t\t\t\t<h2 class=\"elementor-heading-title elementor-size-default\">Arriba Monterosa Mini, la nova incorporaci\u00f3 dins de la fam\u00edlia Monterosa.<\/h2>\t\t\t\t<\/div>\n\t\t\t\t<\/div>\n\t\t\t\t<div class=\"elementor-element elementor-element-1ea85f9 elementor-widget__width-initial color-scheme-inherit text-left elementor-widget elementor-widget-text-editor\" data-id=\"1ea85f9\" data-element_type=\"widget\" data-widget_type=\"text-editor.default\">\n\t\t\t\t<div class=\"elementor-widget-container\">\n\t\t\t\t\t\t\t\t\t<p>Qu\u00e8 \u00e9s el que el fa tan especial? Mantenir l\u2019excel\u00b7l\u00e8ncia i el sabor caracter\u00edstic de Monterosa en una mida m\u00e9s c\u00f2moda que mai!<\/p>\n\t\t\t\t\t\t\t\t<\/div>\n\t\t\t\t<\/div>\n\t\t\t\t<\/div>\n\t\t<div data-particle_enable=\"false\" data-particle-mobile-disabled=\"false\" class=\"elementor-element elementor-element-216a4fd e-con-full e-flex e-con e-child\" data-id=\"216a4fd\" data-element_type=\"container\">\n\t\t\t\t<div class=\"elementor-element elementor-element-04d1139 elementor-widget__width-initial elementor-widget elementor-widget-image\" data-id=\"04d1139\" data-element_type=\"widget\" data-widget_type=\"image.default\">\n\t\t\t\t<div class=\"elementor-widget-container\">\n\t\t\t\t\t\t\t\t\t\t\t\t\t\t\t<img decoding=\"async\" width=\"607\" height=\"459\" src=\"https:\/\/www.tomatomonterosa.com\/wp-content\/uploads\/2024\/03\/tomate-familia-monterosa.jpg\" class=\"attachment-full size-full wp-image-28929\" alt=\"\" srcset=\"https:\/\/www.tomatomonterosa.com\/wp-content\/uploads\/2024\/03\/tomate-familia-monterosa.jpg 607w, https:\/\/www.tomatomonterosa.com\/wp-content\/uploads\/2024\/03\/tomate-familia-monterosa-300x227.jpg 300w, https:\/\/www.tomatomonterosa.com\/wp-content\/uploads\/2024\/03\/tomate-familia-monterosa-150x113.jpg 150w\" sizes=\"(max-width: 607px) 100vw, 607px\" title=\"\">\t\t\t\t\t\t\t\t\t\t\t\t\t\t\t<\/div>\n\t\t\t\t<\/div>\n\t\t\t\t<\/div>\n\t\t\t\t<\/div>\n\t\t<div data-particle_enable=\"false\" data-particle-mobile-disabled=\"false\" class=\"elementor-element elementor-element-53ad2a5 wd-section-stretch-content e-flex e-con-boxed e-con e-parent\" data-id=\"53ad2a5\" data-element_type=\"container\" data-settings=\"{&quot;background_background&quot;:&quot;classic&quot;}\">\n\t\t\t\t\t<div class=\"e-con-inner\">\n\t\t\t\t\t<\/div>\n\t\t\t\t<\/div>\n\t\t<div data-particle_enable=\"false\" data-particle-mobile-disabled=\"false\" class=\"elementor-element elementor-element-73127d2 wd-section-stretch-content e-flex e-con-boxed e-con e-parent\" data-id=\"73127d2\" data-element_type=\"container\" data-settings=\"{&quot;background_background&quot;:&quot;classic&quot;}\">\n\t\t\t\t\t<div class=\"e-con-inner\">\n\t\t\t\t<div class=\"elementor-element elementor-element-3b72252 e-n-tabs-none elementor-widget elementor-widget-n-tabs\" data-id=\"3b72252\" data-element_type=\"widget\" data-settings=\"{&quot;tabs_justify_horizontal&quot;:&quot;center&quot;,&quot;horizontal_scroll&quot;:&quot;enable&quot;,&quot;tabs_justify_horizontal_widescreen&quot;:&quot;center&quot;,&quot;horizontal_scroll_mobile&quot;:&quot;enable&quot;}\" data-widget_type=\"nested-tabs.default\">\n\t\t\t\t<div class=\"elementor-widget-container\">\n\t\t\t\t\t\t\t<div class=\"e-n-tabs\" data-widget-number=\"62333522\" aria-label=\"Tabuladors. Obre elements amb Retorn o Espai, tanca amb Esc i navega amb les tecles de fletxa.\">\n\t\t\t<div class=\"e-n-tabs-heading\" role=\"tablist\">\n\t\t\t\t\t<button id=\"e-n-tab-title-623335221\" class=\"e-n-tab-title\" aria-selected=\"true\" data-tab-index=\"1\" role=\"tab\" tabindex=\"0\" aria-controls=\"e-n-tab-content-623335221\" style=\"--n-tabs-title-order: 1;\">\n\t\t\t\t\t\t<span class=\"e-n-tab-title-text\">\n\t\t\t\t\t\t\t<\/span>\n\t\t<\/button>\n\t\t\t\t<button id=\"e-n-tab-title-623335222\" class=\"e-n-tab-title\" aria-selected=\"false\" data-tab-index=\"2\" role=\"tab\" tabindex=\"-1\" aria-controls=\"e-n-tab-content-623335222\" style=\"--n-tabs-title-order: 2;\">\n\t\t\t\t\t\t<span class=\"e-n-tab-title-text\">\n\t\t\t\t\t\t\t<\/span>\n\t\t<\/button>\n\t\t\t\t<button id=\"e-n-tab-title-623335223\" class=\"e-n-tab-title\" aria-selected=\"false\" data-tab-index=\"3\" role=\"tab\" tabindex=\"-1\" aria-controls=\"e-n-tab-content-623335223\" style=\"--n-tabs-title-order: 3;\">\n\t\t\t\t\t\t<span class=\"e-n-tab-title-text\">\n\t\t\t\t\t\t\t<\/span>\n\t\t<\/button>\n\t\t\t\t\t<\/div>\n\t\t\t<div class=\"e-n-tabs-content\">\n\t\t\t\t<div data-particle_enable=\"false\" data-particle-mobile-disabled=\"false\" id=\"e-n-tab-content-623335221\" role=\"tabpanel\" aria-labelledby=\"e-n-tab-title-623335221\" data-tab-index=\"1\" style=\"--n-tabs-title-order: 1;\" class=\"e-active elementor-element elementor-element-ffba3d4 e-con-full e-flex e-con e-child\" data-id=\"ffba3d4\" data-element_type=\"container\">\n\t\t<div data-particle_enable=\"false\" data-particle-mobile-disabled=\"false\" class=\"elementor-element elementor-element-a70daec e-con-full e-flex e-con e-child\" data-id=\"a70daec\" data-element_type=\"container\">\n\t\t\t\t<div class=\"elementor-element elementor-element-8236a3b elementor-widget elementor-widget-heading\" data-id=\"8236a3b\" data-element_type=\"widget\" data-widget_type=\"heading.default\">\n\t\t\t\t<div class=\"elementor-widget-container\">\n\t\t\t\t\t<h2 class=\"elementor-heading-title elementor-size-default\">Sumem a una manera saborosa de viure<\/h2>\t\t\t\t<\/div>\n\t\t\t\t<\/div>\n\t\t\t\t<\/div>\n\t\t<div data-particle_enable=\"false\" data-particle-mobile-disabled=\"false\" class=\"elementor-element elementor-element-57f6f0e e-con-full e-flex e-con e-child\" data-id=\"57f6f0e\" data-element_type=\"container\">\n\t\t\t\t<div class=\"elementor-element elementor-element-134b7d8 elementor-widget__width-initial elementor-widget-mobile__width-inherit color-scheme-inherit text-left elementor-widget elementor-widget-text-editor\" data-id=\"134b7d8\" data-element_type=\"widget\" data-widget_type=\"text-editor.default\">\n\t\t\t\t<div class=\"elementor-widget-container\">\n\t\t\t\t\t\t\t\t\t<p>El Tom\u00e0quet Monterosa Mini mant\u00e9 l\u2019experi\u00e8ncia de sabor en cada mos. Cultivat amb la mateixa cura i dedicaci\u00f3 que caracteritza Monterosa, cada mini tom\u00e0quet \u00e9s una explosi\u00f3 de frescor i dol\u00e7or.<\/p>\n\t\t\t\t\t\t\t\t<\/div>\n\t\t\t\t<\/div>\n\t\t\t\t<\/div>\n\t\t\t\t<\/div>\n\t\t<div data-particle_enable=\"false\" data-particle-mobile-disabled=\"false\" id=\"e-n-tab-content-623335222\" role=\"tabpanel\" aria-labelledby=\"e-n-tab-title-623335222\" data-tab-index=\"2\" style=\"--n-tabs-title-order: 2;\" class=\" elementor-element elementor-element-a9e0b6b e-con-full e-flex e-con e-child\" data-id=\"a9e0b6b\" data-element_type=\"container\">\n\t\t<div data-particle_enable=\"false\" data-particle-mobile-disabled=\"false\" class=\"elementor-element elementor-element-a71e6f7 e-con-full e-flex e-con e-child\" data-id=\"a71e6f7\" data-element_type=\"container\">\n\t\t\t\t<div class=\"elementor-element elementor-element-6efa24c elementor-widget elementor-widget-heading\" data-id=\"6efa24c\" data-element_type=\"widget\" data-widget_type=\"heading.default\">\n\t\t\t\t<div class=\"elementor-widget-container\">\n\t\t\t\t\t<h2 class=\"elementor-heading-title elementor-size-default\">La qualitat que coneixes, en una mida m\u00e9s petita<\/h2>\t\t\t\t<\/div>\n\t\t\t\t<\/div>\n\t\t\t\t<\/div>\n\t\t<div data-particle_enable=\"false\" data-particle-mobile-disabled=\"false\" class=\"elementor-element elementor-element-7f7e636 e-con-full e-flex e-con e-child\" data-id=\"7f7e636\" data-element_type=\"container\">\n\t\t\t\t<div class=\"elementor-element elementor-element-b71b294 elementor-widget__width-initial elementor-widget-mobile__width-inherit color-scheme-inherit text-left elementor-widget elementor-widget-text-editor\" data-id=\"b71b294\" data-element_type=\"widget\" data-widget_type=\"text-editor.default\">\n\t\t\t\t<div class=\"elementor-widget-container\">\n\t\t\t\t\t\t\t\t\t<p>Imagina la perfecci\u00f3 de Monterosa, ara en un format m\u00e9s pr\u00e0ctic. Els tom\u00e0quets Monterosa Mini conserven tota la qualitat que esperes de la marca, per\u00f2 en una mida ideal per a racions individuals. Cap fruit no es desaprofita!<\/p>\n\t\t\t\t\t\t\t\t<\/div>\n\t\t\t\t<\/div>\n\t\t\t\t<\/div>\n\t\t\t\t<\/div>\n\t\t<div data-particle_enable=\"false\" data-particle-mobile-disabled=\"false\" id=\"e-n-tab-content-623335223\" role=\"tabpanel\" aria-labelledby=\"e-n-tab-title-623335223\" data-tab-index=\"3\" style=\"--n-tabs-title-order: 3;\" class=\" elementor-element elementor-element-f212bf9 e-con-full e-flex e-con e-child\" data-id=\"f212bf9\" data-element_type=\"container\">\n\t\t<div data-particle_enable=\"false\" data-particle-mobile-disabled=\"false\" class=\"elementor-element elementor-element-a1498b8 e-con-full e-flex e-con e-child\" data-id=\"a1498b8\" data-element_type=\"container\">\n\t\t\t\t<div class=\"elementor-element elementor-element-e7c8416 elementor-widget elementor-widget-heading\" data-id=\"e7c8416\" data-element_type=\"widget\" data-widget_type=\"heading.default\">\n\t\t\t\t<div class=\"elementor-widget-container\">\n\t\t\t\t\t<h2 class=\"elementor-heading-title elementor-size-default\">Identifica\u2019l en el seu env\u00e0s de marca<\/h2>\t\t\t\t<\/div>\n\t\t\t\t<\/div>\n\t\t\t\t<\/div>\n\t\t<div data-particle_enable=\"false\" data-particle-mobile-disabled=\"false\" class=\"elementor-element elementor-element-2de48ad e-con-full e-flex e-con e-child\" data-id=\"2de48ad\" data-element_type=\"container\">\n\t\t\t\t<div class=\"elementor-element elementor-element-b3f768f elementor-widget__width-initial elementor-widget-mobile__width-inherit color-scheme-inherit text-left elementor-widget elementor-widget-text-editor\" data-id=\"b3f768f\" data-element_type=\"widget\" data-widget_type=\"text-editor.default\">\n\t\t\t\t<div class=\"elementor-widget-container\">\n\t\t\t\t\t\t\t\t\t<p>Descobreix-lo etiquetat o en un pr\u00e0ctic pack i gaudeix del Monterosa que m\u00e9s s\u2019adapti al teu estil de vida sense renunciar al sabor del tom\u00e0quet tradicional.<\/p>\n\t\t\t\t\t\t\t\t<\/div>\n\t\t\t\t<\/div>\n\t\t\t\t<\/div>\n\t\t\t\t<\/div>\n\t\t\t\t\t<\/div>\n\t\t<\/div>\n\t\t\t\t\t\t<\/div>\n\t\t\t\t<\/div>\n\t\t\t\t\t<\/div>\n\t\t\t\t<\/div>\n\t\t\t\t<section data-particle_enable=\"false\" data-particle-mobile-disabled=\"false\" class=\"wd-negative-gap elementor-section elementor-top-section elementor-element elementor-element-2c6ea00 wd-section-stretch-content elementor-section-height-min-height elementor-section-boxed elementor-section-height-default elementor-section-items-middle\" data-id=\"2c6ea00\" data-element_type=\"section\" data-settings=\"{&quot;background_background&quot;:&quot;classic&quot;}\">\n\t\t\t\t\t\t<div class=\"elementor-container elementor-column-gap-no\">\n\t\t\t\t\t<div class=\"elementor-column elementor-col-100 elementor-top-column elementor-element elementor-element-edc0cf5\" data-id=\"edc0cf5\" data-element_type=\"column\">\n\t\t\t<div class=\"elementor-widget-wrap\">\n\t\t\t\t\t\t\t<\/div>\n\t\t<\/div>\n\t\t\t\t\t<\/div>\n\t\t<\/section>\n\t\t<div data-particle_enable=\"false\" data-particle-mobile-disabled=\"false\" class=\"elementor-element elementor-element-ee09385 e-con-full e-flex e-con e-parent\" data-id=\"ee09385\" data-element_type=\"container\">\n\t\t\t\t<div class=\"elementor-element elementor-element-b799c4c elementor-widget elementor-widget-heading\" data-id=\"b799c4c\" data-element_type=\"widget\" data-widget_type=\"heading.default\">\n\t\t\t\t<div class=\"elementor-widget-container\">\n\t\t\t\t\t<h3 class=\"elementor-heading-title elementor-size-default\">\u00bfOn comprar<\/br>Monterosa?<\/h3>\t\t\t\t<\/div>\n\t\t\t\t<\/div>\n\t\t\t\t<\/div>\n\t\t<div data-particle_enable=\"false\" data-particle-mobile-disabled=\"false\" class=\"elementor-element elementor-element-f5bc889 e-con-full e-flex e-con e-parent\" data-id=\"f5bc889\" data-element_type=\"container\">\n\t\t\t\t<div class=\"elementor-element elementor-element-f083d6d elementor-widget elementor-widget-eael-logo-carousel\" data-id=\"f083d6d\" data-element_type=\"widget\" data-settings=\"{&quot;items&quot;:{&quot;unit&quot;:&quot;px&quot;,&quot;size&quot;:8,&quot;sizes&quot;:[]},&quot;items_widescreen&quot;:{&quot;unit&quot;:&quot;px&quot;,&quot;size&quot;:10,&quot;sizes&quot;:[]},&quot;items_tablet&quot;:{&quot;unit&quot;:&quot;px&quot;,&quot;size&quot;:6,&quot;sizes&quot;:[]},&quot;items_mobile&quot;:{&quot;unit&quot;:&quot;px&quot;,&quot;size&quot;:3,&quot;sizes&quot;:[]},&quot;items_laptop&quot;:{&quot;unit&quot;:&quot;px&quot;,&quot;size&quot;:10,&quot;sizes&quot;:[]}}\" data-widget_type=\"eael-logo-carousel.default\">\n\t\t\t\t<div class=\"elementor-widget-container\">\n\t\t\t\t\t        <div class=\"swiper-container-wrap eael-logo-carousel-wrap swiper-container-wrap-dots-outside\">\n            <div class=\"swiper swiper-8 eael-logo-carousel swiper-container-f083d6d\" data-pagination=\".swiper-pagination-f083d6d\" data-arrow-next=\".swiper-button-next-f083d6d\" data-arrow-prev=\".swiper-button-prev-f083d6d\" data-items-mobile=\"3\" data-items-tablet=\"6\" data-items-laptop=\"10\" data-items-widescreen=\"10\" data-items=\"8\" data-margin=\"10\" data-effect=\"slide\" data-speed=\"400\" data-autoplay=\"500\" data-loop=\"1\">\n                <div class=\"swiper-wrapper\">\n\t\t\t\t\t                            <div class=\"swiper-slide\">\n                                <div class=\"eael-lc-logo-wrap\">\n\t\t\t\t\t\t\t\t\t                                    <div id=\"eael-lc-logo-6f76ebf\" class=\"eael-lc-logo\">\n\t\t\t\t\t\t\t\t\t\t<img decoding=\"async\" class=\"eael-lc-img-src\" src=\"https:\/\/www.tomatomonterosa.com\/wp-content\/uploads\/2023\/09\/condi-donde-comprar-tomate-monterosa.jpg\" alt=\"\" title=\"\">                                    <\/div>\n\t\t\t\t\t\t\t\t\t                                <\/div>\n                            <\/div>\n\t\t\t\t\t\t                            <div class=\"swiper-slide\">\n                                <div class=\"eael-lc-logo-wrap\">\n\t\t\t\t\t\t\t\t\t                                    <div id=\"eael-lc-logo-b05c69b\" class=\"eael-lc-logo\">\n\t\t\t\t\t\t\t\t\t\t<img decoding=\"async\" class=\"eael-lc-img-src\" src=\"https:\/\/www.tomatomonterosa.com\/wp-content\/uploads\/2023\/09\/ahorra-mas-donde-comprar-tomate-monterosa.jpg\" alt=\"\" title=\"\">                                    <\/div>\n\t\t\t\t\t\t\t\t\t                                <\/div>\n                            <\/div>\n\t\t\t\t\t\t                            <div class=\"swiper-slide\">\n                                <div class=\"eael-lc-logo-wrap\">\n\t\t\t\t\t\t\t\t\t                                    <div id=\"eael-lc-logo-b30f935\" class=\"eael-lc-logo\">\n\t\t\t\t\t\t\t\t\t\t<img decoding=\"async\" class=\"eael-lc-img-src\" src=\"https:\/\/www.tomatomonterosa.com\/wp-content\/uploads\/2023\/09\/carrefour-donde-comprar-tomate-monterosa.jpg\" alt=\"\" title=\"\">                                    <\/div>\n\t\t\t\t\t\t\t\t\t                                <\/div>\n                            <\/div>\n\t\t\t\t\t\t                            <div class=\"swiper-slide\">\n                                <div class=\"eael-lc-logo-wrap\">\n\t\t\t\t\t\t\t\t\t                                    <div id=\"eael-lc-logo-64894d9\" class=\"eael-lc-logo\">\n\t\t\t\t\t\t\t\t\t\t<img decoding=\"async\" class=\"eael-lc-img-src\" src=\"https:\/\/www.tomatomonterosa.com\/wp-content\/uploads\/2023\/09\/lidl-donde-comprar-tomate-monterosa.jpg\" alt=\"\" title=\"\">                                    <\/div>\n\t\t\t\t\t\t\t\t\t                                <\/div>\n                            <\/div>\n\t\t\t\t\t\t                            <div class=\"swiper-slide\">\n                                <div class=\"eael-lc-logo-wrap\">\n\t\t\t\t\t\t\t\t\t                                    <div id=\"eael-lc-logo-e834b85\" class=\"eael-lc-logo\">\n\t\t\t\t\t\t\t\t\t\t<img decoding=\"async\" class=\"eael-lc-img-src\" src=\"https:\/\/www.tomatomonterosa.com\/wp-content\/uploads\/2023\/09\/bon-preu-donde-comprar-tomate-monterosa.jpg\" alt=\"\" title=\"\">                                    <\/div>\n\t\t\t\t\t\t\t\t\t                                <\/div>\n                            <\/div>\n\t\t\t\t\t\t                            <div class=\"swiper-slide\">\n                                <div class=\"eael-lc-logo-wrap\">\n\t\t\t\t\t\t\t\t\t                                    <div id=\"eael-lc-logo-99ac716\" class=\"eael-lc-logo\">\n\t\t\t\t\t\t\t\t\t\t<img decoding=\"async\" class=\"eael-lc-img-src\" src=\"https:\/\/www.tomatomonterosa.com\/wp-content\/uploads\/2023\/09\/caprabo-donde-comprar-tomate-monterosa.jpg\" alt=\"\" title=\"\">                                    <\/div>\n\t\t\t\t\t\t\t\t\t                                <\/div>\n                            <\/div>\n\t\t\t\t\t\t                            <div class=\"swiper-slide\">\n                                <div class=\"eael-lc-logo-wrap\">\n\t\t\t\t\t\t\t\t\t                                    <div id=\"eael-lc-logo-7e9332e\" class=\"eael-lc-logo\">\n\t\t\t\t\t\t\t\t\t\t<img decoding=\"async\" class=\"eael-lc-img-src\" src=\"https:\/\/www.tomatomonterosa.com\/wp-content\/uploads\/2023\/10\/alpa-alimentos-frescos-donde-comprar-tomate-monterosa.png\" alt=\"\" title=\"\">                                    <\/div>\n\t\t\t\t\t\t\t\t\t                                <\/div>\n                            <\/div>\n\t\t\t\t\t\t                            <div class=\"swiper-slide\">\n                                <div class=\"eael-lc-logo-wrap\">\n\t\t\t\t\t\t\t\t\t                                    <div id=\"eael-lc-logo-5ee5c6e\" class=\"eael-lc-logo\">\n\t\t\t\t\t\t\t\t\t\t<img decoding=\"async\" class=\"eael-lc-img-src\" src=\"https:\/\/www.tomatomonterosa.com\/wp-content\/uploads\/2023\/10\/ametllet-origer-donde-comprar-tomate-monterosa.png\" alt=\"\" title=\"\">                                    <\/div>\n\t\t\t\t\t\t\t\t\t                                <\/div>\n                            <\/div>\n\t\t\t\t\t\t                            <div class=\"swiper-slide\">\n                                <div class=\"eael-lc-logo-wrap\">\n\t\t\t\t\t\t\t\t\t                                    <div id=\"eael-lc-logo-1ece867\" class=\"eael-lc-logo\">\n\t\t\t\t\t\t\t\t\t\t<img decoding=\"async\" class=\"eael-lc-img-src\" src=\"https:\/\/www.tomatomonterosa.com\/wp-content\/uploads\/2023\/10\/dia-supermercados-donde-comprar-tomate-monterosa.png\" alt=\"\" title=\"\">                                    <\/div>\n\t\t\t\t\t\t\t\t\t                                <\/div>\n                            <\/div>\n\t\t\t\t\t\t                            <div class=\"swiper-slide\">\n                                <div class=\"eael-lc-logo-wrap\">\n\t\t\t\t\t\t\t\t\t                                    <div id=\"eael-lc-logo-9ad57fb\" class=\"eael-lc-logo\">\n\t\t\t\t\t\t\t\t\t\t<img decoding=\"async\" class=\"eael-lc-img-src\" src=\"https:\/\/www.tomatomonterosa.com\/wp-content\/uploads\/2023\/10\/vegalsa-eroski-donorte-donde-comprar-tomate-monterosa.png\" alt=\"\" title=\"\">                                    <\/div>\n\t\t\t\t\t\t\t\t\t                                <\/div>\n                            <\/div>\n\t\t\t\t\t\t                <\/div>\n            <\/div>\n\t\t\t            <!-- Add Pagination -->\n            <div class=\"swiper-pagination swiper-pagination-f083d6d\"><\/div>\n\t\t        <\/div>\n\t\t\t\t\t\t<\/div>\n\t\t\t\t<\/div>\n\t\t\t\t<\/div>\n\t\t\t\t<\/div>\n\t\t","protected":false},"excerpt":{"rendered":"<p>Una manerasabrosa de viuretamb\u00e9 en unformat m\u00e9spetit Arriba Monterosa Mini, la nova incorporaci\u00f3 dins de la fam\u00edlia Monterosa. Qu\u00e8 \u00e9s<\/p>\n","protected":false},"author":27,"featured_media":0,"parent":0,"menu_order":0,"comment_status":"closed","ping_status":"closed","template":"","meta":{"_acf_changed":false,"footnotes":""},"class_list":["post-28926","page","type-page","status-publish","hentry"],"acf":[],"_links":{"self":[{"href":"https:\/\/www.tomatomonterosa.com\/ca\/wp-json\/wp\/v2\/pages\/28926","targetHints":{"allow":["GET"]}}],"collection":[{"href":"https:\/\/www.tomatomonterosa.com\/ca\/wp-json\/wp\/v2\/pages"}],"about":[{"href":"https:\/\/www.tomatomonterosa.com\/ca\/wp-json\/wp\/v2\/types\/page"}],"author":[{"embeddable":true,"href":"https:\/\/www.tomatomonterosa.com\/ca\/wp-json\/wp\/v2\/users\/27"}],"replies":[{"embeddable":true,"href":"https:\/\/www.tomatomonterosa.com\/ca\/wp-json\/wp\/v2\/comments?post=28926"}],"version-history":[{"count":3,"href":"https:\/\/www.tomatomonterosa.com\/ca\/wp-json\/wp\/v2\/pages\/28926\/revisions"}],"predecessor-version":[{"id":29094,"href":"https:\/\/www.tomatomonterosa.com\/ca\/wp-json\/wp\/v2\/pages\/28926\/revisions\/29094"}],"wp:attachment":[{"href":"https:\/\/www.tomatomonterosa.com\/ca\/wp-json\/wp\/v2\/media?parent=28926"}],"curies":[{"name":"wp","href":"https:\/\/api.w.org\/{rel}","templated":true}]}}