{"id":27532,"date":"2024-10-04T14:57:08","date_gmt":"2024-10-04T14:57:08","guid":{"rendered":"https:\/\/www.tomatomonterosa.com\/garcia-vaquero\/"},"modified":"2024-10-04T15:09:09","modified_gmt":"2024-10-04T15:09:09","slug":"garcia-vaquero","status":"publish","type":"page","link":"https:\/\/www.tomatomonterosa.com\/ca\/garcia-vaquero\/","title":{"rendered":"Garc\u00eda Vaquero"},"content":{"rendered":"\t\t<div data-elementor-type=\"wp-page\" data-elementor-id=\"27532\" class=\"elementor elementor-27532 elementor-25319\" data-elementor-post-type=\"page\">\n\t\t\t\t<div data-particle_enable=\"false\" data-particle-mobile-disabled=\"false\" class=\"elementor-element elementor-element-3582e6f e-con-full wd-section-stretch-content e-flex e-con e-parent\" data-id=\"3582e6f\" data-element_type=\"container\" data-settings=\"{&quot;background_background&quot;:&quot;classic&quot;}\">\n\t\t\t\t<\/div>\n\t\t<div data-particle_enable=\"false\" data-particle-mobile-disabled=\"false\" class=\"wd-negative-gap elementor-element elementor-element-00b1376 wd-section-stretch-content e-flex e-con-boxed e-con e-parent\" data-id=\"00b1376\" data-element_type=\"container\" data-settings=\"{&quot;background_background&quot;:&quot;classic&quot;}\">\n\t\t\t\t\t<div class=\"e-con-inner\">\n\t\t\t\t<div class=\"elementor-element elementor-element-0f7b7d6 elementor-widget__width-initial elementor-widget-mobile__width-inherit color-scheme-inherit text-left elementor-widget elementor-widget-text-editor\" data-id=\"0f7b7d6\" data-element_type=\"widget\" data-widget_type=\"text-editor.default\">\n\t\t\t\t<div class=\"elementor-widget-container\">\n\t\t\t\t\t\t\t\t\t<p><b>Monterosa i Garc\u00eda Vaquero: una col\u00b7laboraci\u00f3 que celebra el sabor aut\u00e8ntic<\/b><\/p>\n<p>Una col\u00b7laboraci\u00f3 molt especial entre Monterosa i Garc\u00eda Vaquero, dos referents del m\u00f3n de la gastronomia que s&#8217;uneixen per oferir-te una experi\u00e8ncia culin\u00e0ria incomparable.<\/p>\n<p><b>Una alian\u00e7a de tradici\u00f3 i excel\u00b7l\u00e8ncia<\/b><\/p>\n<p>Aquesta col\u00b7laboraci\u00f3 destaca el millor de la cuina mediterr\u00e0nia gr\u00e0cies a la combinaci\u00f3 de la frescor i la sucul\u00e8ncia dels nostres tom\u00e0quets amb la riquesa i el sabor dels productes Garc\u00eda Vaquero.<\/p>\n\t\t\t\t\t\t\t\t<\/div>\n\t\t\t\t<\/div>\n\t\t\t\t\t<\/div>\n\t\t\t\t<\/div>\n\t\t<div data-particle_enable=\"false\" data-particle-mobile-disabled=\"false\" class=\"elementor-element elementor-element-a7bec33 e-con-full wd-section-stretch-content e-flex e-con e-parent\" data-id=\"a7bec33\" data-element_type=\"container\">\n\t\t<div data-particle_enable=\"false\" data-particle-mobile-disabled=\"false\" class=\"elementor-element elementor-element-c9116f2 e-con-full e-flex e-con e-child\" data-id=\"c9116f2\" data-element_type=\"container\" data-settings=\"{&quot;background_background&quot;:&quot;classic&quot;}\">\n\t\t\t\t<\/div>\n\t\t<div data-particle_enable=\"false\" data-particle-mobile-disabled=\"false\" class=\"elementor-element elementor-element-b1b8106 e-con-full e-flex e-con e-child\" data-id=\"b1b8106\" data-element_type=\"container\">\n\t\t\t\t<div class=\"elementor-element elementor-element-a25e61f elementor-widget__width-initial elementor-widget-mobile__width-initial color-scheme-inherit text-left elementor-widget elementor-widget-text-editor\" data-id=\"a25e61f\" data-element_type=\"widget\" data-widget_type=\"text-editor.default\">\n\t\t\t\t<div class=\"elementor-widget-container\">\n\t\t\t\t\t\t\t\t\t<p>Prepara una deliciosa amanida Monterosa amb el sabor aut\u00e8ntic d&#8217;un tom\u00e0quet que t\u00e9 gust de tom\u00e0quet acompanyat de l&#8217;intens sabor de la naturalesa amb formatge d&#8217;ovella anyenc POK, de Garc\u00eda Baquero.<\/p>\n<p>1. Renta i talla els tom\u00e0quets Monterosa en rodanxes i col\u00b7loca-les en un plat<\/p>\n<p>2. Afegeix cirerols, olives i ceba tallada a la juliana<\/p>\n<p>3. Amaneix-ho amb oli, roman\u00ed i empolsa-ho amb una mica de pebre negre i sal al gust.<\/p>\n<p>4. Prepara una deliciosa taula de formatge d&#8217;ovella anyenc POK (de sabor intens i penetrant amb lleugeres notes picants) acompanyat amb nabius i picos.<\/p>\n<p>I llestos! Aix\u00ed de f\u00e0cil.<\/p>\n\t\t\t\t\t\t\t\t<\/div>\n\t\t\t\t<\/div>\n\t\t\t\t<\/div>\n\t\t\t\t<\/div>\n\t\t<div data-particle_enable=\"false\" data-particle-mobile-disabled=\"false\" class=\"elementor-element elementor-element-8129bb4 e-con-full wd-section-stretch-content e-flex e-con e-parent\" data-id=\"8129bb4\" data-element_type=\"container\">\n\t\t\t\t<div class=\"elementor-element elementor-element-f7e10de elementor-widget elementor-widget-image\" data-id=\"f7e10de\" data-element_type=\"widget\" data-widget_type=\"image.default\">\n\t\t\t\t<div class=\"elementor-widget-container\">\n\t\t\t\t\t\t\t\t\t\t\t\t\t\t\t<img decoding=\"async\" width=\"1366\" height=\"768\" src=\"https:\/\/www.tomatomonterosa.com\/wp-content\/uploads\/2024\/09\/garcia-vaquero-3.jpg\" class=\"attachment-full size-full wp-image-25327\" alt=\"\" srcset=\"https:\/\/www.tomatomonterosa.com\/wp-content\/uploads\/2024\/09\/garcia-vaquero-3.jpg 1366w, https:\/\/www.tomatomonterosa.com\/wp-content\/uploads\/2024\/09\/garcia-vaquero-3-300x169.jpg 300w, https:\/\/www.tomatomonterosa.com\/wp-content\/uploads\/2024\/09\/garcia-vaquero-3-1024x576.jpg 1024w, https:\/\/www.tomatomonterosa.com\/wp-content\/uploads\/2024\/09\/garcia-vaquero-3-150x84.jpg 150w, https:\/\/www.tomatomonterosa.com\/wp-content\/uploads\/2024\/09\/garcia-vaquero-3-768x432.jpg 768w\" sizes=\"(max-width: 1366px) 100vw, 1366px\" title=\"\">\t\t\t\t\t\t\t\t\t\t\t\t\t\t\t<\/div>\n\t\t\t\t<\/div>\n\t\t\t\t<\/div>\n\t\t\t\t<\/div>\n\t\t","protected":false},"excerpt":{"rendered":"<p>Monterosa i Garc\u00eda Vaquero: una col\u00b7laboraci\u00f3 que celebra el sabor aut\u00e8ntic Una col\u00b7laboraci\u00f3 molt especial entre Monterosa i Garc\u00eda Vaquero,<\/p>\n","protected":false},"author":333,"featured_media":0,"parent":0,"menu_order":0,"comment_status":"closed","ping_status":"closed","template":"","meta":{"_acf_changed":false,"footnotes":""},"class_list":["post-27532","page","type-page","status-publish","hentry"],"acf":[],"_links":{"self":[{"href":"https:\/\/www.tomatomonterosa.com\/ca\/wp-json\/wp\/v2\/pages\/27532","targetHints":{"allow":["GET"]}}],"collection":[{"href":"https:\/\/www.tomatomonterosa.com\/ca\/wp-json\/wp\/v2\/pages"}],"about":[{"href":"https:\/\/www.tomatomonterosa.com\/ca\/wp-json\/wp\/v2\/types\/page"}],"author":[{"embeddable":true,"href":"https:\/\/www.tomatomonterosa.com\/ca\/wp-json\/wp\/v2\/users\/333"}],"replies":[{"embeddable":true,"href":"https:\/\/www.tomatomonterosa.com\/ca\/wp-json\/wp\/v2\/comments?post=27532"}],"version-history":[{"count":0,"href":"https:\/\/www.tomatomonterosa.com\/ca\/wp-json\/wp\/v2\/pages\/27532\/revisions"}],"wp:attachment":[{"href":"https:\/\/www.tomatomonterosa.com\/ca\/wp-json\/wp\/v2\/media?parent=27532"}],"curies":[{"name":"wp","href":"https:\/\/api.w.org\/{rel}","templated":true}]}}