{"id":27528,"date":"2024-10-04T14:54:04","date_gmt":"2024-10-04T14:54:04","guid":{"rendered":"https:\/\/www.tomatomonterosa.com\/isabel-maria-cuartero\/"},"modified":"2024-10-04T15:09:02","modified_gmt":"2024-10-04T15:09:02","slug":"isabel-maria-cuartero","status":"publish","type":"page","link":"https:\/\/www.tomatomonterosa.com\/ca\/isabel-maria-cuartero\/","title":{"rendered":"Isabel Mar\u00eda Cuartero"},"content":{"rendered":"\t\t<div data-elementor-type=\"wp-page\" data-elementor-id=\"27528\" class=\"elementor elementor-27528 elementor-25359\" data-elementor-post-type=\"page\">\n\t\t\t\t<div data-particle_enable=\"false\" data-particle-mobile-disabled=\"false\" class=\"elementor-element elementor-element-3582e6f e-con-full wd-section-stretch-content e-flex e-con e-parent\" data-id=\"3582e6f\" data-element_type=\"container\" data-settings=\"{&quot;background_background&quot;:&quot;classic&quot;}\">\n\t\t\t\t<\/div>\n\t\t<div data-particle_enable=\"false\" data-particle-mobile-disabled=\"false\" class=\"wd-negative-gap elementor-element elementor-element-00b1376 wd-section-stretch-content e-flex e-con-boxed e-con e-parent\" data-id=\"00b1376\" data-element_type=\"container\" data-settings=\"{&quot;background_background&quot;:&quot;classic&quot;}\">\n\t\t\t\t\t<div class=\"e-con-inner\">\n\t\t\t\t<div class=\"elementor-element elementor-element-0f7b7d6 elementor-widget__width-initial elementor-widget-mobile__width-inherit color-scheme-inherit text-left elementor-widget elementor-widget-text-editor\" data-id=\"0f7b7d6\" data-element_type=\"widget\" data-widget_type=\"text-editor.default\">\n\t\t\t\t<div class=\"elementor-widget-container\">\n\t\t\t\t\t\t\t\t\t<p>Isabel Mar\u00eda Cuartero Navarro \u00e9s una destacada influenciadora culin\u00e0ria amb una impressionant comunitat de 360 k seguidors a Instagram i 63.1 k<br \/>\na TikTok.<\/p>\n<p>En les seves plataformes, comparteix receptes senzilles, r\u00e0pides i delicioses que inspiren als seus seguidors a explorar la cuina d\u2019una manera accessible i divertida.<\/p>\n<p>A m\u00e9s, la Isabel Mar\u00eda compta amb el canal de YouTube @la_cocina_de_isacn, on ofereix shorts de les seves receptes que aporten a l\u2019audi\u00e8ncia consells r\u00e0pids i pr\u00e0ctics per cuinar a casa.<\/p>\n\t\t\t\t\t\t\t\t<\/div>\n\t\t\t\t<\/div>\n\t\t\t\t\t<\/div>\n\t\t\t\t<\/div>\n\t\t<div data-particle_enable=\"false\" data-particle-mobile-disabled=\"false\" class=\"elementor-element elementor-element-406cb95 e-con-full wd-section-stretch-content e-flex e-con e-parent\" data-id=\"406cb95\" data-element_type=\"container\">\n\t\t\t\t<div class=\"elementor-element elementor-element-2f4d087 elementor-widget elementor-widget-image\" data-id=\"2f4d087\" data-element_type=\"widget\" data-widget_type=\"image.default\">\n\t\t\t\t<div class=\"elementor-widget-container\">\n\t\t\t\t\t\t\t\t\t\t\t\t\t\t\t<img decoding=\"async\" width=\"1366\" height=\"768\" src=\"https:\/\/www.tomatomonterosa.com\/wp-content\/uploads\/2024\/09\/isabel-2.jpg\" class=\"attachment-full size-full wp-image-25367\" alt=\"\" srcset=\"https:\/\/www.tomatomonterosa.com\/wp-content\/uploads\/2024\/09\/isabel-2.jpg 1366w, https:\/\/www.tomatomonterosa.com\/wp-content\/uploads\/2024\/09\/isabel-2-300x169.jpg 300w, https:\/\/www.tomatomonterosa.com\/wp-content\/uploads\/2024\/09\/isabel-2-1024x576.jpg 1024w, https:\/\/www.tomatomonterosa.com\/wp-content\/uploads\/2024\/09\/isabel-2-150x84.jpg 150w, https:\/\/www.tomatomonterosa.com\/wp-content\/uploads\/2024\/09\/isabel-2-768x432.jpg 768w\" sizes=\"(max-width: 1366px) 100vw, 1366px\" title=\"\">\t\t\t\t\t\t\t\t\t\t\t\t\t\t\t<\/div>\n\t\t\t\t<\/div>\n\t\t\t\t<\/div>\n\t\t<div data-particle_enable=\"false\" data-particle-mobile-disabled=\"false\" class=\"wd-negative-gap elementor-element elementor-element-98dbbe0 wd-section-stretch-content e-flex e-con-boxed e-con e-parent\" data-id=\"98dbbe0\" data-element_type=\"container\" data-settings=\"{&quot;background_background&quot;:&quot;classic&quot;}\">\n\t\t\t\t\t<div class=\"e-con-inner\">\n\t\t\t\t<div class=\"elementor-element elementor-element-31b0080 elementor-widget__width-initial elementor-widget-mobile__width-inherit color-scheme-inherit text-left elementor-widget elementor-widget-text-editor\" data-id=\"31b0080\" data-element_type=\"widget\" data-widget_type=\"text-editor.default\">\n\t\t\t\t<div class=\"elementor-widget-container\">\n\t\t\t\t\t\t\t\t\t<b>Col\u00b7laboraci\u00f3 amb Monterosa<\/b>\r\n\r\nPortem les vostres receptes a una nova dimensi\u00f3 gr\u00e0cies a la qualitat i el sabor del tom\u00e0quet Monterosa.\r\n\r\nJunts, celebren la frescor del tom\u00e0quet i la seva versatilitat a la cuina mediterr\u00e0nia. Busca a les xarxes de la Isabel Mar\u00eda les creacions delicioses que ha desenvolupat amb tom\u00e0quet Monterosa.\t\t\t\t\t\t\t\t<\/div>\n\t\t\t\t<\/div>\n\t\t\t\t\t<\/div>\n\t\t\t\t<\/div>\n\t\t<div data-particle_enable=\"false\" data-particle-mobile-disabled=\"false\" class=\"elementor-element elementor-element-4b0b3ae e-con-full wd-section-stretch-content e-flex e-con e-parent\" data-id=\"4b0b3ae\" data-element_type=\"container\">\n\t\t\t\t<div class=\"elementor-element elementor-element-30b848e elementor-widget elementor-widget-image\" data-id=\"30b848e\" data-element_type=\"widget\" data-widget_type=\"image.default\">\n\t\t\t\t<div class=\"elementor-widget-container\">\n\t\t\t\t\t\t\t\t\t\t\t\t\t\t\t<img decoding=\"async\" width=\"1366\" height=\"768\" src=\"https:\/\/www.tomatomonterosa.com\/wp-content\/uploads\/2024\/09\/isabel-3.jpg\" class=\"attachment-full size-full wp-image-25362\" alt=\"\" srcset=\"https:\/\/www.tomatomonterosa.com\/wp-content\/uploads\/2024\/09\/isabel-3.jpg 1366w, https:\/\/www.tomatomonterosa.com\/wp-content\/uploads\/2024\/09\/isabel-3-300x169.jpg 300w, https:\/\/www.tomatomonterosa.com\/wp-content\/uploads\/2024\/09\/isabel-3-1024x576.jpg 1024w, https:\/\/www.tomatomonterosa.com\/wp-content\/uploads\/2024\/09\/isabel-3-150x84.jpg 150w, https:\/\/www.tomatomonterosa.com\/wp-content\/uploads\/2024\/09\/isabel-3-768x432.jpg 768w\" sizes=\"(max-width: 1366px) 100vw, 1366px\" title=\"\">\t\t\t\t\t\t\t\t\t\t\t\t\t\t\t<\/div>\n\t\t\t\t<\/div>\n\t\t\t\t<\/div>\n\t\t\t\t<\/div>\n\t\t","protected":false},"excerpt":{"rendered":"<p>Isabel Mar\u00eda Cuartero Navarro \u00e9s una destacada influenciadora culin\u00e0ria amb una impressionant comunitat de 360 k seguidors a Instagram i<\/p>\n","protected":false},"author":333,"featured_media":0,"parent":0,"menu_order":0,"comment_status":"closed","ping_status":"closed","template":"","meta":{"_acf_changed":false,"footnotes":""},"class_list":["post-27528","page","type-page","status-publish","hentry"],"acf":[],"_links":{"self":[{"href":"https:\/\/www.tomatomonterosa.com\/ca\/wp-json\/wp\/v2\/pages\/27528","targetHints":{"allow":["GET"]}}],"collection":[{"href":"https:\/\/www.tomatomonterosa.com\/ca\/wp-json\/wp\/v2\/pages"}],"about":[{"href":"https:\/\/www.tomatomonterosa.com\/ca\/wp-json\/wp\/v2\/types\/page"}],"author":[{"embeddable":true,"href":"https:\/\/www.tomatomonterosa.com\/ca\/wp-json\/wp\/v2\/users\/333"}],"replies":[{"embeddable":true,"href":"https:\/\/www.tomatomonterosa.com\/ca\/wp-json\/wp\/v2\/comments?post=27528"}],"version-history":[{"count":0,"href":"https:\/\/www.tomatomonterosa.com\/ca\/wp-json\/wp\/v2\/pages\/27528\/revisions"}],"wp:attachment":[{"href":"https:\/\/www.tomatomonterosa.com\/ca\/wp-json\/wp\/v2\/media?parent=27528"}],"curies":[{"name":"wp","href":"https:\/\/api.w.org\/{rel}","templated":true}]}}