{"id":24690,"date":"2024-04-20T09:10:42","date_gmt":"2024-04-20T09:10:42","guid":{"rendered":"https:\/\/www.tomatomonterosa.com\/by-delicious-martha\/"},"modified":"2024-04-20T10:42:24","modified_gmt":"2024-04-20T10:42:24","slug":"by-delicious-martha","status":"publish","type":"page","link":"https:\/\/www.tomatomonterosa.com\/ca\/receptes-monterosa\/by-delicious-martha\/","title":{"rendered":"By Delicious Martha"},"content":{"rendered":"\t\t<div data-elementor-type=\"wp-page\" data-elementor-id=\"24690\" class=\"elementor elementor-24690 elementor-17051\" data-elementor-post-type=\"page\">\n\t\t\t\t<div data-particle_enable=\"false\" data-particle-mobile-disabled=\"false\" class=\"elementor-element elementor-element-5ad47f86 wd-section-stretch-content e-flex e-con-boxed e-con e-parent\" data-id=\"5ad47f86\" data-element_type=\"container\" data-settings=\"{&quot;background_background&quot;:&quot;classic&quot;}\">\n\t\t\t\t\t<div class=\"e-con-inner\">\n\t\t\t\t<div class=\"elementor-element elementor-element-3bdf6f1b elementor-widget__width-inherit elementor-absolute elementor-widget elementor-widget-heading\" data-id=\"3bdf6f1b\" data-element_type=\"widget\" data-settings=\"{&quot;_position&quot;:&quot;absolute&quot;}\" data-widget_type=\"heading.default\">\n\t\t\t\t<div class=\"elementor-widget-container\">\n\t\t\t\t\t<h1 class=\"elementor-heading-title elementor-size-default\">Delicious Martha<\/h1>\t\t\t\t<\/div>\n\t\t\t\t<\/div>\n\t\t\t\t\t<\/div>\n\t\t\t\t<\/div>\n\t\t<div data-particle_enable=\"false\" data-particle-mobile-disabled=\"false\" class=\"wd-negative-gap elementor-element elementor-element-4f331a95 wd-section-stretch-content e-flex e-con-boxed e-con e-parent\" data-id=\"4f331a95\" data-element_type=\"container\" data-settings=\"{&quot;background_background&quot;:&quot;classic&quot;}\">\n\t\t\t\t\t<div class=\"e-con-inner\">\n\t\t\t\t<div class=\"elementor-element elementor-element-626e13e2 text-center color-scheme-inherit elementor-widget elementor-widget-text-editor\" data-id=\"626e13e2\" data-element_type=\"widget\" data-widget_type=\"text-editor.default\">\n\t\t\t\t<div class=\"elementor-widget-container\">\n\t\t\t\t\t\t\t\t\t<p>De la col\u00b7laboraci\u00f3 entre<strong> Tomate Monterosa<\/strong> i la food blogger<br \/>\nDelicious Martha, ha nascut un llibre de receptes exclusives i<br \/>\noriginals, que us oferim en espanyol i catal\u00e0 en desc\u00e0rrega<br \/>\ngratu\u00efta, perqu\u00e8 pugueu gaudir d&#8217;aquest sabor \u00fanic que fa<br \/>\ndel tom\u00e0quet Monterosa un aliat vers\u00e0til i<br \/>\nirresistible a la vostra cuina.<\/p>\n<p>Entusiasta de la fotografia i amb una formaci\u00f3 en publicitat i relacions p\u00fabliques, la Delicious Martha ha estat capa\u00e7 d&#8217;unificar les seves<br \/>\npassions i \u00e9s, avui dia, una de les influencers gastron\u00f2miques espanyoles m\u00e9s populars de la xarxa, amb un llarg historial de col\u00b7laboracions en importants mitjans i plataformes relacionats amb el m\u00f3n de la gastronomia.<br \/>\nLes propostes que trobar\u00e0s en aquest receptari exalten les caracter\u00edstiques del tom\u00e0quet Monterosa, el seu sabor rotund, la seva textura \u00fanica, la seva sucositat i la seva intensa aroma herb\u00e0cia.<\/p>\n<p><strong>Descarregueu-lo ara mateix i gaudiu de la cuina en companyia de Monterosa i Delicious Martha!<\/strong><\/p>\n\t\t\t\t\t\t\t\t<\/div>\n\t\t\t\t<\/div>\n\t\t\t\t\t<\/div>\n\t\t\t\t<\/div>\n\t\t\t\t<section data-particle_enable=\"false\" data-particle-mobile-disabled=\"false\" class=\"wd-negative-gap elementor-section elementor-top-section elementor-element elementor-element-14e5d04a wd-section-stretch elementor-section-content-middle elementor-section-boxed elementor-section-height-default elementor-section-height-default\" data-id=\"14e5d04a\" data-element_type=\"section\" data-settings=\"{&quot;background_background&quot;:&quot;classic&quot;}\">\n\t\t\t\t\t\t<div class=\"elementor-container elementor-column-gap-default\">\n\t\t\t\t\t<div class=\"elementor-column elementor-col-100 elementor-top-column elementor-element elementor-element-1d7194d8\" data-id=\"1d7194d8\" data-element_type=\"column\">\n\t\t\t<div class=\"elementor-widget-wrap elementor-element-populated\">\n\t\t\t\t\t\t<div class=\"elementor-element elementor-element-5df24068 elementor-widget__width-auto elementor-widget elementor-widget-wd_button\" data-id=\"5df24068\" data-element_type=\"widget\" data-widget_type=\"wd_button.default\">\n\t\t\t\t<div class=\"elementor-widget-container\">\n\t\t\t\t\t\t\t<div class=\"wd-button-wrapper text-center\" >\n\t\t\t<a class=\"btn btn-style-default btn-shape-semi-round btn-size-default btn-color-primary btn-icon-pos-right\"  href=\"\/wp-content\/uploads\/2023\/08\/recetario-catalan-tomate-monterosa-by-delicius-martha.pdf\" target=\"_blank\">\n\t\t\t\t<span class=\"wd-btn-text\" data-elementor-setting-key=\"text\">\n\t\t\t\t\tDescarregar en catal\u00e0\t\t\t\t<\/span>\n\n\t\t\t\t\t\t\t<\/a>\n\t\t<\/div>\n\t\t\t\t\t\t<\/div>\n\t\t\t\t<\/div>\n\t\t\t\t<div class=\"elementor-element elementor-element-7c91b006 elementor-widget__width-auto elementor-widget elementor-widget-wd_button\" data-id=\"7c91b006\" data-element_type=\"widget\" data-widget_type=\"wd_button.default\">\n\t\t\t\t<div class=\"elementor-widget-container\">\n\t\t\t\t\t\t\t<div class=\"wd-button-wrapper text-center\" >\n\t\t\t<a class=\"btn btn-style-default btn-shape-semi-round btn-size-default btn-icon-pos-right\"  href=\"https:\/\/www.tomatomonterosa.com\/wp-content\/uploads\/2023\/08\/recetario-espanol-tomate-monterosa-by-delicius-martha.pdf\" target=\"_blank\" style=\"--btn-color:#fff;\">\n\t\t\t\t<span class=\"wd-btn-text\" data-elementor-setting-key=\"text\">\n\t\t\t\t\tDescarregar en castell\u00e0\t\t\t\t<\/span>\n\n\t\t\t\t\t\t\t<\/a>\n\t\t<\/div>\n\t\t\t\t\t\t<\/div>\n\t\t\t\t<\/div>\n\t\t\t\t\t<\/div>\n\t\t<\/div>\n\t\t\t\t\t<\/div>\n\t\t<\/section>\n\t\t\t\t<\/div>\n\t\t","protected":false},"excerpt":{"rendered":"<p>Delicious Martha De la col\u00b7laboraci\u00f3 entre Tomate Monterosa i la food blogger Delicious Martha, ha nascut un llibre de receptes<\/p>\n","protected":false},"author":27,"featured_media":24692,"parent":24781,"menu_order":0,"comment_status":"closed","ping_status":"closed","template":"","meta":{"_acf_changed":false,"footnotes":""},"class_list":["post-24690","page","type-page","status-publish","has-post-thumbnail","hentry"],"acf":[],"_links":{"self":[{"href":"https:\/\/www.tomatomonterosa.com\/ca\/wp-json\/wp\/v2\/pages\/24690","targetHints":{"allow":["GET"]}}],"collection":[{"href":"https:\/\/www.tomatomonterosa.com\/ca\/wp-json\/wp\/v2\/pages"}],"about":[{"href":"https:\/\/www.tomatomonterosa.com\/ca\/wp-json\/wp\/v2\/types\/page"}],"author":[{"embeddable":true,"href":"https:\/\/www.tomatomonterosa.com\/ca\/wp-json\/wp\/v2\/users\/27"}],"replies":[{"embeddable":true,"href":"https:\/\/www.tomatomonterosa.com\/ca\/wp-json\/wp\/v2\/comments?post=24690"}],"version-history":[{"count":0,"href":"https:\/\/www.tomatomonterosa.com\/ca\/wp-json\/wp\/v2\/pages\/24690\/revisions"}],"up":[{"embeddable":true,"href":"https:\/\/www.tomatomonterosa.com\/ca\/wp-json\/wp\/v2\/pages\/24781"}],"wp:featuredmedia":[{"embeddable":true,"href":"https:\/\/www.tomatomonterosa.com\/ca\/wp-json\/wp\/v2\/media\/24692"}],"wp:attachment":[{"href":"https:\/\/www.tomatomonterosa.com\/ca\/wp-json\/wp\/v2\/media?parent=24690"}],"curies":[{"name":"wp","href":"https:\/\/api.w.org\/{rel}","templated":true}]}}