{"id":24645,"date":"2024-04-18T07:50:06","date_gmt":"2024-04-18T07:50:06","guid":{"rendered":"https:\/\/www.tomatomonterosa.com\/contacte\/"},"modified":"2024-09-30T14:31:52","modified_gmt":"2024-09-30T14:31:52","slug":"contacte","status":"publish","type":"page","link":"https:\/\/www.tomatomonterosa.com\/ca\/contacte\/","title":{"rendered":"CONTACTE"},"content":{"rendered":"\t\t<div data-elementor-type=\"wp-page\" data-elementor-id=\"24645\" class=\"elementor elementor-24645 elementor-15014\" data-elementor-post-type=\"page\">\n\t\t\t\t<div data-particle_enable=\"false\" data-particle-mobile-disabled=\"false\" class=\"elementor-element elementor-element-4881600e wd-section-stretch-content e-flex e-con-boxed e-con e-parent\" data-id=\"4881600e\" data-element_type=\"container\" data-settings=\"{&quot;background_background&quot;:&quot;classic&quot;}\">\n\t\t\t\t\t<div class=\"e-con-inner\">\n\t\t\t\t<div class=\"elementor-element elementor-element-4df69df8 elementor-widget__width-inherit elementor-absolute elementor-widget elementor-widget-heading\" data-id=\"4df69df8\" data-element_type=\"widget\" data-settings=\"{&quot;_position&quot;:&quot;absolute&quot;}\" data-widget_type=\"heading.default\">\n\t\t\t\t<div class=\"elementor-widget-container\">\n\t\t\t\t\t<h1 class=\"elementor-heading-title elementor-size-default\">Contacte<\/h1>\t\t\t\t<\/div>\n\t\t\t\t<\/div>\n\t\t\t\t\t<\/div>\n\t\t\t\t<\/div>\n\t\t<div data-particle_enable=\"false\" data-particle-mobile-disabled=\"false\" class=\"wd-negative-gap elementor-element elementor-element-e09a6e4 wd-section-stretch-content e-flex e-con-boxed e-con e-parent\" data-id=\"e09a6e4\" data-element_type=\"container\" data-settings=\"{&quot;background_background&quot;:&quot;classic&quot;}\">\n\t\t\t\t\t<div class=\"e-con-inner\">\n\t\t\t\t<div class=\"elementor-element elementor-element-369d4920 elementor-widget elementor-widget-heading\" data-id=\"369d4920\" data-element_type=\"widget\" data-widget_type=\"heading.default\">\n\t\t\t\t<div class=\"elementor-widget-container\">\n\t\t\t\t\t<h2 class=\"elementor-heading-title elementor-size-default\">Podem<br>ajudar-te?<\/h2>\t\t\t\t<\/div>\n\t\t\t\t<\/div>\n\t\t\t\t<div class=\"elementor-element elementor-element-2fd3ef39 text-center color-scheme-inherit elementor-widget elementor-widget-text-editor\" data-id=\"2fd3ef39\" data-element_type=\"widget\" data-widget_type=\"text-editor.default\">\n\t\t\t\t<div class=\"elementor-widget-container\">\n\t\t\t\t\t\t\t\t\t<p>Per posar-vos en contacte amb Tomato Monterosa,<br \/>ompliu el formulari indicant les dades personals i<br \/>el motiu de la consulta.<\/p><p>Tamb\u00e9 podeu adre\u00e7ar-vos a la nostra<br \/>adre\u00e7a postal, n\u00famero de tel\u00e8fon<br \/>o correu electr\u00f2nic.<\/p>\t\t\t\t\t\t\t\t<\/div>\n\t\t\t\t<\/div>\n\t\t\t\t\t<\/div>\n\t\t\t\t<\/div>\n\t\t<div data-particle_enable=\"false\" data-particle-mobile-disabled=\"false\" class=\"wd-negative-gap elementor-element elementor-element-41297ed1 wd-section-stretch e-flex e-con-boxed e-con e-parent\" data-id=\"41297ed1\" data-element_type=\"container\" data-settings=\"{&quot;background_background&quot;:&quot;classic&quot;}\">\n\t\t\t\t\t<div class=\"e-con-inner\">\n\t\t\t\t<div class=\"elementor-element elementor-element-caa5552 elementor-widget__width-initial elementor-button-align-stretch elementor-widget elementor-widget-form\" data-id=\"caa5552\" data-element_type=\"widget\" data-settings=\"{&quot;step_next_label&quot;:&quot;Seg\\u00fcent&quot;,&quot;step_previous_label&quot;:&quot;Anterior&quot;,&quot;button_width&quot;:&quot;100&quot;,&quot;step_type&quot;:&quot;number_text&quot;,&quot;step_icon_shape&quot;:&quot;circle&quot;}\" data-widget_type=\"form.default\">\n\t\t\t\t<div class=\"elementor-widget-container\">\n\t\t\t\t\t\t\t<form class=\"elementor-form\" method=\"post\" name=\"Nou formulari\" aria-label=\"Nou formulari\">\n\t\t\t<input type=\"hidden\" name=\"post_id\" value=\"24645\"\/>\n\t\t\t<input type=\"hidden\" name=\"form_id\" value=\"caa5552\"\/>\n\t\t\t<input type=\"hidden\" name=\"referer_title\" value=\"Contacte I 10 Llocs On Trobar-nos | Tom\u00e0quet Monterosa\" \/>\n\n\t\t\t\t\t\t\t<input type=\"hidden\" name=\"queried_id\" value=\"24645\"\/>\n\t\t\t\n\t\t\t<div class=\"elementor-form-fields-wrapper elementor-labels-\">\n\t\t\t\t\t\t\t\t<div class=\"elementor-field-type-text elementor-field-group elementor-column elementor-field-group-name elementor-col-100\">\n\t\t\t\t\t\t\t\t\t\t\t\t<label for=\"form-field-name\" class=\"elementor-field-label elementor-screen-only\">\n\t\t\t\t\t\t\t\tNom *\t\t\t\t\t\t\t<\/label>\n\t\t\t\t\t\t\t\t\t\t\t\t\t\t<input size=\"1\" type=\"text\" name=\"form_fields[name]\" id=\"form-field-name\" class=\"elementor-field elementor-size-lg  elementor-field-textual\" placeholder=\"Nom *\">\n\t\t\t\t\t\t\t\t\t\t\t<\/div>\n\t\t\t\t\t\t\t\t<div class=\"elementor-field-type-email elementor-field-group elementor-column elementor-field-group-email elementor-col-100 elementor-field-required\">\n\t\t\t\t\t\t\t\t\t\t\t\t<label for=\"form-field-email\" class=\"elementor-field-label elementor-screen-only\">\n\t\t\t\t\t\t\t\tCorreu electr\u00f2nic *\t\t\t\t\t\t\t<\/label>\n\t\t\t\t\t\t\t\t\t\t\t\t\t\t<input size=\"1\" type=\"email\" name=\"form_fields[email]\" id=\"form-field-email\" class=\"elementor-field elementor-size-lg  elementor-field-textual\" placeholder=\"Correu electr\u00f2nic *\" required=\"required\">\n\t\t\t\t\t\t\t\t\t\t\t<\/div>\n\t\t\t\t\t\t\t\t<div class=\"elementor-field-type-text elementor-field-group elementor-column elementor-field-group-field_ae02b86 elementor-col-100 elementor-field-required\">\n\t\t\t\t\t\t\t\t\t\t\t\t<label for=\"form-field-field_ae02b86\" class=\"elementor-field-label elementor-screen-only\">\n\t\t\t\t\t\t\t\tAssumpte *\t\t\t\t\t\t\t<\/label>\n\t\t\t\t\t\t\t\t\t\t\t\t\t\t<input size=\"1\" type=\"text\" name=\"form_fields[field_ae02b86]\" id=\"form-field-field_ae02b86\" class=\"elementor-field elementor-size-lg  elementor-field-textual\" placeholder=\"Assumpte *\" required=\"required\">\n\t\t\t\t\t\t\t\t\t\t\t<\/div>\n\t\t\t\t\t\t\t\t<div class=\"elementor-field-type-textarea elementor-field-group elementor-column elementor-field-group-message elementor-col-100\">\n\t\t\t\t\t\t\t\t\t\t\t\t<label for=\"form-field-message\" class=\"elementor-field-label elementor-screen-only\">\n\t\t\t\t\t\t\t\tMissatge *\t\t\t\t\t\t\t<\/label>\n\t\t\t\t\t\t<textarea class=\"elementor-field-textual elementor-field  elementor-size-lg\" name=\"form_fields[message]\" id=\"form-field-message\" rows=\"4\" placeholder=\"Missatge *\"><\/textarea>\t\t\t\t<\/div>\n\t\t\t\t\t\t\t\t<div class=\"elementor-field-type-acceptance elementor-field-group elementor-column elementor-field-group-field_9ef1469 elementor-col-100\">\n\t\t\t\t\t\t\t<div class=\"elementor-field-subgroup\">\n\t\t\t<span class=\"elementor-field-option\">\n\t\t\t\t<input type=\"checkbox\" name=\"form_fields[field_9ef1469]\" id=\"form-field-field_9ef1469\" class=\"elementor-field elementor-size-lg  elementor-acceptance-field\">\n\t\t\t\t<label for=\"form-field-field_9ef1469\"><span style=\"color:#666666\"> He llegit i accepto les condicions del web, <a target=\"_blank\" rel=\"nofollow\" href=\"https:\/\/www.tomatomonterosa.com\/ca\/avis-legal\/\">l'av\u00eds legal<\/a> i la  <a target=\"_blank\" rel=\"nofollow\" href=\"\/politica-de-privacidad-y-cookies\/\">pol\u00edtica de privadesa<\/a>.<\/span><\/label>\t\t\t<\/span>\n\t\t<\/div>\n\t\t\t\t\t\t<\/div>\n\t\t\t\t\t\t\t\t<div class=\"elementor-field-type-recaptcha elementor-field-group elementor-column elementor-field-group-field_be3b445 elementor-col-100\">\n\t\t\t\t\t<div class=\"elementor-field\" id=\"form-field-field_be3b445\"><div class=\"elementor-g-recaptcha\" data-sitekey=\"6LewvuQpAAAAAG8rxdq2huNwdObn3FECOTm1ZHD3\" data-type=\"v2_checkbox\" data-theme=\"light\" data-size=\"normal\"><\/div><\/div>\t\t\t\t<\/div>\n\t\t\t\t\t\t\t\t<div class=\"elementor-field-group elementor-column elementor-field-type-submit elementor-col-100 e-form__buttons\">\n\t\t\t\t\t<button class=\"elementor-button elementor-size-md\" type=\"submit\">\n\t\t\t\t\t\t<span class=\"elementor-button-content-wrapper\">\n\t\t\t\t\t\t\t\t\t\t\t\t\t\t\t\t\t\t\t\t\t\t<span class=\"elementor-button-text\">Envieu<\/span>\n\t\t\t\t\t\t\t\t\t\t\t\t\t<\/span>\n\t\t\t\t\t<\/button>\n\t\t\t\t<\/div>\n\t\t\t<\/div>\n\t\t<\/form>\n\t\t\t\t\t\t<\/div>\n\t\t\t\t<\/div>\n\t\t\t\t\t<\/div>\n\t\t\t\t<\/div>\n\t\t<div data-particle_enable=\"false\" data-particle-mobile-disabled=\"false\" class=\"wd-negative-gap elementor-element elementor-element-8230c66 e-flex e-con-boxed e-con e-parent\" data-id=\"8230c66\" data-element_type=\"container\">\n\t\t\t\t\t<div class=\"e-con-inner\">\n\t\t\t\t<div class=\"elementor-element elementor-element-7c3d019 elementor-widget elementor-widget-heading\" data-id=\"7c3d019\" data-element_type=\"widget\" data-widget_type=\"heading.default\">\n\t\t\t\t<div class=\"elementor-widget-container\">\n\t\t\t\t\t<h3 class=\"elementor-heading-title elementor-size-default\">On puc comprar<br>Monterosa?<\/h3>\t\t\t\t<\/div>\n\t\t\t\t<\/div>\n\t\t\t\t\t<\/div>\n\t\t\t\t<\/div>\n\t\t<div data-particle_enable=\"false\" data-particle-mobile-disabled=\"false\" class=\"wd-negative-gap elementor-element elementor-element-d981132 e-flex e-con-boxed e-con e-parent\" data-id=\"d981132\" data-element_type=\"container\">\n\t\t\t\t\t<div class=\"e-con-inner\">\n\t\t\t\t<div class=\"elementor-element elementor-element-ce1175a elementor-widget elementor-widget-eael-logo-carousel\" data-id=\"ce1175a\" data-element_type=\"widget\" data-settings=\"{&quot;items&quot;:{&quot;unit&quot;:&quot;px&quot;,&quot;size&quot;:8,&quot;sizes&quot;:[]},&quot;items_widescreen&quot;:{&quot;unit&quot;:&quot;px&quot;,&quot;size&quot;:10,&quot;sizes&quot;:[]},&quot;items_tablet&quot;:{&quot;unit&quot;:&quot;px&quot;,&quot;size&quot;:6,&quot;sizes&quot;:[]},&quot;items_mobile&quot;:{&quot;unit&quot;:&quot;px&quot;,&quot;size&quot;:4,&quot;sizes&quot;:[]},&quot;items_laptop&quot;:{&quot;unit&quot;:&quot;px&quot;,&quot;size&quot;:10,&quot;sizes&quot;:[]}}\" data-widget_type=\"eael-logo-carousel.default\">\n\t\t\t\t<div class=\"elementor-widget-container\">\n\t\t\t\t\t        <div class=\"swiper-container-wrap eael-logo-carousel-wrap\">\n            <div class=\"swiper swiper-8 eael-logo-carousel swiper-container-ce1175a\" data-pagination=\".swiper-pagination-ce1175a\" data-arrow-next=\".swiper-button-next-ce1175a\" data-arrow-prev=\".swiper-button-prev-ce1175a\" data-items-mobile=\"4\" data-items-tablet=\"6\" data-items-laptop=\"10\" data-items-widescreen=\"10\" data-items=\"8\" data-margin=\"10\" data-effect=\"slide\" data-speed=\"400\" data-autoplay=\"500\" data-loop=\"1\">\n                <div class=\"swiper-wrapper\">\n\t\t\t\t\t                            <div class=\"swiper-slide\">\n                                <div class=\"eael-lc-logo-wrap\">\n\t\t\t\t\t\t\t\t\t                                    <div id=\"eael-lc-logo-6f76ebf\" class=\"eael-lc-logo\">\n\t\t\t\t\t\t\t\t\t\t<img decoding=\"async\" class=\"eael-lc-img-src\" src=\"https:\/\/www.tomatomonterosa.com\/wp-content\/uploads\/2023\/09\/condi-donde-comprar-tomate-monterosa.jpg\" alt=\"\" title=\"\">                                    <\/div>\n\t\t\t\t\t\t\t\t\t                                <\/div>\n                            <\/div>\n\t\t\t\t\t\t                            <div class=\"swiper-slide\">\n                                <div class=\"eael-lc-logo-wrap\">\n\t\t\t\t\t\t\t\t\t                                    <div id=\"eael-lc-logo-b05c69b\" class=\"eael-lc-logo\">\n\t\t\t\t\t\t\t\t\t\t<img decoding=\"async\" class=\"eael-lc-img-src\" src=\"https:\/\/www.tomatomonterosa.com\/wp-content\/uploads\/2023\/09\/ahorra-mas-donde-comprar-tomate-monterosa.jpg\" alt=\"\" title=\"\">                                    <\/div>\n\t\t\t\t\t\t\t\t\t                                <\/div>\n                            <\/div>\n\t\t\t\t\t\t                            <div class=\"swiper-slide\">\n                                <div class=\"eael-lc-logo-wrap\">\n\t\t\t\t\t\t\t\t\t                                    <div id=\"eael-lc-logo-b30f935\" class=\"eael-lc-logo\">\n\t\t\t\t\t\t\t\t\t\t<img decoding=\"async\" class=\"eael-lc-img-src\" src=\"https:\/\/www.tomatomonterosa.com\/wp-content\/uploads\/2023\/09\/carrefour-donde-comprar-tomate-monterosa.jpg\" alt=\"\" title=\"\">                                    <\/div>\n\t\t\t\t\t\t\t\t\t                                <\/div>\n                            <\/div>\n\t\t\t\t\t\t                            <div class=\"swiper-slide\">\n                                <div class=\"eael-lc-logo-wrap\">\n\t\t\t\t\t\t\t\t\t                                    <div id=\"eael-lc-logo-64894d9\" class=\"eael-lc-logo\">\n\t\t\t\t\t\t\t\t\t\t<img decoding=\"async\" class=\"eael-lc-img-src\" src=\"https:\/\/www.tomatomonterosa.com\/wp-content\/uploads\/2023\/09\/lidl-donde-comprar-tomate-monterosa.jpg\" alt=\"\" title=\"\">                                    <\/div>\n\t\t\t\t\t\t\t\t\t                                <\/div>\n                            <\/div>\n\t\t\t\t\t\t                            <div class=\"swiper-slide\">\n                                <div class=\"eael-lc-logo-wrap\">\n\t\t\t\t\t\t\t\t\t                                    <div id=\"eael-lc-logo-e834b85\" class=\"eael-lc-logo\">\n\t\t\t\t\t\t\t\t\t\t<img decoding=\"async\" class=\"eael-lc-img-src\" src=\"https:\/\/www.tomatomonterosa.com\/wp-content\/uploads\/2023\/09\/bon-preu-donde-comprar-tomate-monterosa.jpg\" alt=\"\" title=\"\">                                    <\/div>\n\t\t\t\t\t\t\t\t\t                                <\/div>\n                            <\/div>\n\t\t\t\t\t\t                            <div class=\"swiper-slide\">\n                                <div class=\"eael-lc-logo-wrap\">\n\t\t\t\t\t\t\t\t\t                                    <div id=\"eael-lc-logo-99ac716\" class=\"eael-lc-logo\">\n\t\t\t\t\t\t\t\t\t\t<img decoding=\"async\" class=\"eael-lc-img-src\" src=\"https:\/\/www.tomatomonterosa.com\/wp-content\/uploads\/2023\/09\/caprabo-donde-comprar-tomate-monterosa.jpg\" alt=\"\" title=\"\">                                    <\/div>\n\t\t\t\t\t\t\t\t\t                                <\/div>\n                            <\/div>\n\t\t\t\t\t\t                            <div class=\"swiper-slide\">\n                                <div class=\"eael-lc-logo-wrap\">\n\t\t\t\t\t\t\t\t\t                                    <div id=\"eael-lc-logo-7e9332e\" class=\"eael-lc-logo\">\n\t\t\t\t\t\t\t\t\t\t<img decoding=\"async\" class=\"eael-lc-img-src\" src=\"https:\/\/www.tomatomonterosa.com\/wp-content\/uploads\/2023\/10\/alpa-alimentos-frescos-donde-comprar-tomate-monterosa.png\" alt=\"\" title=\"\">                                    <\/div>\n\t\t\t\t\t\t\t\t\t                                <\/div>\n                            <\/div>\n\t\t\t\t\t\t                            <div class=\"swiper-slide\">\n                                <div class=\"eael-lc-logo-wrap\">\n\t\t\t\t\t\t\t\t\t                                    <div id=\"eael-lc-logo-5ee5c6e\" class=\"eael-lc-logo\">\n\t\t\t\t\t\t\t\t\t\t<img decoding=\"async\" class=\"eael-lc-img-src\" src=\"https:\/\/www.tomatomonterosa.com\/wp-content\/uploads\/2023\/10\/ametllet-origer-donde-comprar-tomate-monterosa.png\" alt=\"\" title=\"\">                                    <\/div>\n\t\t\t\t\t\t\t\t\t                                <\/div>\n                            <\/div>\n\t\t\t\t\t\t                            <div class=\"swiper-slide\">\n                                <div class=\"eael-lc-logo-wrap\">\n\t\t\t\t\t\t\t\t\t                                    <div id=\"eael-lc-logo-1ece867\" class=\"eael-lc-logo\">\n\t\t\t\t\t\t\t\t\t\t<img decoding=\"async\" class=\"eael-lc-img-src\" src=\"https:\/\/www.tomatomonterosa.com\/wp-content\/uploads\/2023\/10\/dia-supermercados-donde-comprar-tomate-monterosa.png\" alt=\"\" title=\"\">                                    <\/div>\n\t\t\t\t\t\t\t\t\t                                <\/div>\n                            <\/div>\n\t\t\t\t\t\t                            <div class=\"swiper-slide\">\n                                <div class=\"eael-lc-logo-wrap\">\n\t\t\t\t\t\t\t\t\t                                    <div id=\"eael-lc-logo-9ad57fb\" class=\"eael-lc-logo\">\n\t\t\t\t\t\t\t\t\t\t<img decoding=\"async\" class=\"eael-lc-img-src\" src=\"https:\/\/www.tomatomonterosa.com\/wp-content\/uploads\/2023\/10\/vegalsa-eroski-donorte-donde-comprar-tomate-monterosa.png\" alt=\"\" title=\"\">                                    <\/div>\n\t\t\t\t\t\t\t\t\t                                <\/div>\n                            <\/div>\n\t\t\t\t\t\t                <\/div>\n            <\/div>\n\t\t\t        <\/div>\n\t\t\t\t\t\t<\/div>\n\t\t\t\t<\/div>\n\t\t\t\t<div class=\"elementor-element elementor-element-dd03799 elementor-widget elementor-widget-heading\" data-id=\"dd03799\" data-element_type=\"widget\" data-widget_type=\"heading.default\">\n\t\t\t\t<div class=\"elementor-widget-container\">\n\t\t\t\t\t<h4 class=\"elementor-heading-title elementor-size-default\">Pregunteu tamb\u00e9 a la vostra fruiteria de confian\u00e7a!<\/h4>\t\t\t\t<\/div>\n\t\t\t\t<\/div>\n\t\t\t\t\t<\/div>\n\t\t\t\t<\/div>\n\t\t\t\t<\/div>\n\t\t","protected":false},"excerpt":{"rendered":"<p>Contacte Podemajudar-te? Per posar-vos en contacte amb Tomato Monterosa,ompliu el formulari indicant les dades personals iel motiu de la consulta.<\/p>\n","protected":false},"author":1,"featured_media":0,"parent":0,"menu_order":0,"comment_status":"open","ping_status":"open","template":"","meta":{"_acf_changed":false,"footnotes":""},"class_list":["post-24645","page","type-page","status-publish","hentry"],"acf":[],"_links":{"self":[{"href":"https:\/\/www.tomatomonterosa.com\/ca\/wp-json\/wp\/v2\/pages\/24645","targetHints":{"allow":["GET"]}}],"collection":[{"href":"https:\/\/www.tomatomonterosa.com\/ca\/wp-json\/wp\/v2\/pages"}],"about":[{"href":"https:\/\/www.tomatomonterosa.com\/ca\/wp-json\/wp\/v2\/types\/page"}],"author":[{"embeddable":true,"href":"https:\/\/www.tomatomonterosa.com\/ca\/wp-json\/wp\/v2\/users\/1"}],"replies":[{"embeddable":true,"href":"https:\/\/www.tomatomonterosa.com\/ca\/wp-json\/wp\/v2\/comments?post=24645"}],"version-history":[{"count":0,"href":"https:\/\/www.tomatomonterosa.com\/ca\/wp-json\/wp\/v2\/pages\/24645\/revisions"}],"wp:attachment":[{"href":"https:\/\/www.tomatomonterosa.com\/ca\/wp-json\/wp\/v2\/media?parent=24645"}],"curies":[{"name":"wp","href":"https:\/\/api.w.org\/{rel}","templated":true}]}}