{"id":24642,"date":"2024-04-18T07:43:34","date_gmt":"2024-04-18T07:43:34","guid":{"rendered":"https:\/\/www.tomatomonterosa.com\/blog\/"},"modified":"2025-09-23T11:58:00","modified_gmt":"2025-09-23T11:58:00","slug":"blog","status":"publish","type":"page","link":"https:\/\/www.tomatomonterosa.com\/ca\/blog\/","title":{"rendered":"Blog"},"content":{"rendered":"\t\t<div data-elementor-type=\"wp-page\" data-elementor-id=\"24642\" class=\"elementor elementor-24642 elementor-16564\" data-elementor-post-type=\"page\">\n\t\t\t\t<div data-particle_enable=\"false\" data-particle-mobile-disabled=\"false\" class=\"elementor-element elementor-element-2b4a9697 wd-section-stretch-content e-flex e-con-boxed e-con e-parent\" data-id=\"2b4a9697\" data-element_type=\"container\" data-settings=\"{&quot;background_background&quot;:&quot;classic&quot;}\">\n\t\t\t\t\t<div class=\"e-con-inner\">\n\t\t\t\t<div class=\"elementor-element elementor-element-6bf42eee elementor-widget__width-inherit elementor-absolute elementor-widget elementor-widget-heading\" data-id=\"6bf42eee\" data-element_type=\"widget\" data-settings=\"{&quot;_position&quot;:&quot;absolute&quot;}\" data-widget_type=\"heading.default\">\n\t\t\t\t<div class=\"elementor-widget-container\">\n\t\t\t\t\t<h1 class=\"elementor-heading-title elementor-size-default\">Blog<\/h1>\t\t\t\t<\/div>\n\t\t\t\t<\/div>\n\t\t\t\t\t<\/div>\n\t\t\t\t<\/div>\n\t\t<div data-particle_enable=\"false\" data-particle-mobile-disabled=\"false\" class=\"wd-negative-gap elementor-element elementor-element-03f6701 e-flex e-con-boxed e-con e-parent\" data-id=\"03f6701\" data-element_type=\"container\">\n\t\t\t\t\t<div class=\"e-con-inner\">\n\t\t\t\t<div class=\"elementor-element elementor-element-b69e57e elementor-grid-3 elementor-grid-tablet-2 elementor-grid-mobile-1 elementor-posts--thumbnail-top elementor-card-shadow-yes elementor-posts__hover-gradient elementor-widget elementor-widget-posts\" data-id=\"b69e57e\" data-element_type=\"widget\" data-settings=\"{&quot;pagination_type&quot;:&quot;load_more_infinite_scroll&quot;,&quot;cards_columns&quot;:&quot;3&quot;,&quot;cards_columns_tablet&quot;:&quot;2&quot;,&quot;cards_columns_mobile&quot;:&quot;1&quot;,&quot;cards_row_gap&quot;:{&quot;unit&quot;:&quot;px&quot;,&quot;size&quot;:35,&quot;sizes&quot;:[]},&quot;cards_row_gap_widescreen&quot;:{&quot;unit&quot;:&quot;px&quot;,&quot;size&quot;:&quot;&quot;,&quot;sizes&quot;:[]},&quot;cards_row_gap_laptop&quot;:{&quot;unit&quot;:&quot;px&quot;,&quot;size&quot;:&quot;&quot;,&quot;sizes&quot;:[]},&quot;cards_row_gap_tablet&quot;:{&quot;unit&quot;:&quot;px&quot;,&quot;size&quot;:&quot;&quot;,&quot;sizes&quot;:[]},&quot;cards_row_gap_mobile&quot;:{&quot;unit&quot;:&quot;px&quot;,&quot;size&quot;:&quot;&quot;,&quot;sizes&quot;:[]},&quot;load_more_spinner&quot;:{&quot;value&quot;:&quot;fas fa-spinner&quot;,&quot;library&quot;:&quot;fa-solid&quot;}}\" data-widget_type=\"posts.cards\">\n\t\t\t\t<div class=\"elementor-widget-container\">\n\t\t\t\t\t\t\t<div class=\"elementor-posts-container elementor-posts elementor-posts--skin-cards elementor-grid\" role=\"list\">\n\t\t\t\t<article class=\"elementor-post elementor-grid-item post-24724 post type-post status-publish format-standard has-post-thumbnail hentry category-sin-categorizar\" role=\"listitem\">\n\t\t\t<div class=\"elementor-post__card\">\n\t\t\t\t<a class=\"elementor-post__thumbnail__link\" href=\"https:\/\/www.tomatomonterosa.com\/ca\/la-historia-del-tomaquet\/\" tabindex=\"-1\" ><div class=\"elementor-post__thumbnail\"><img decoding=\"async\" width=\"1440\" height=\"924\" src=\"https:\/\/www.tomatomonterosa.com\/wp-content\/uploads\/2023\/08\/monterosa-la-historia-del-tomate.jpg\" class=\"attachment-full size-full wp-image-24725\" alt=\"\" srcset=\"https:\/\/www.tomatomonterosa.com\/wp-content\/uploads\/2023\/08\/monterosa-la-historia-del-tomate.jpg 1440w, https:\/\/www.tomatomonterosa.com\/wp-content\/uploads\/2023\/08\/monterosa-la-historia-del-tomate-300x193.jpg 300w, https:\/\/www.tomatomonterosa.com\/wp-content\/uploads\/2023\/08\/monterosa-la-historia-del-tomate-1024x657.jpg 1024w, https:\/\/www.tomatomonterosa.com\/wp-content\/uploads\/2023\/08\/monterosa-la-historia-del-tomate-150x96.jpg 150w, https:\/\/www.tomatomonterosa.com\/wp-content\/uploads\/2023\/08\/monterosa-la-historia-del-tomate-768x493.jpg 768w, https:\/\/www.tomatomonterosa.com\/wp-content\/uploads\/2023\/08\/monterosa-la-historia-del-tomate-600x385.jpg 600w\" sizes=\"(max-width: 1440px) 100vw, 1440px\" title=\"\"><\/div><\/a>\n\t\t\t\t<div class=\"elementor-post__text\">\n\t\t\t\t<h2 class=\"elementor-post__title\">\n\t\t\t<a href=\"https:\/\/www.tomatomonterosa.com\/ca\/la-historia-del-tomaquet\/\" >\n\t\t\t\tLa hist\u00f2ria del tom\u00e0quet\t\t\t<\/a>\n\t\t<\/h2>\n\t\t\t\t<div class=\"elementor-post__excerpt\">\n\t\t\t<p>Els plats en qu\u00e8 el tom\u00e0quet \u00e9s l&#8217;ingredient principal o l&#8217;element clau es compten per milers.<br \/>\nPel seu color, sabor i varietat, el tom\u00e0quet ha recorregut un llarg cam\u00ed des de les antigues civilitzacions asteques fins a convertir-se en un element gaireb\u00e9 imprescindible a les cuines d&#8217;avui.<\/p>\n\t\t<\/div>\n\t\t\t\t\t<div class=\"elementor-post__read-more-wrapper\">\n\t\t\n\t\t<a class=\"elementor-post__read-more\" href=\"https:\/\/www.tomatomonterosa.com\/ca\/la-historia-del-tomaquet\/\" aria-label=\"Read more about La hist\u00f2ria del tom\u00e0quet\" tabindex=\"-1\" >\n\t\t\tLlegir m\u00e9s \u00bb\t\t<\/a>\n\n\t\t\t\t\t<\/div>\n\t\t\t\t<\/div>\n\t\t\t\t<div class=\"elementor-post__meta-data\">\n\t\t\t\t\t<span class=\"elementor-post-date\">\n\t\t\t20 abril, 2024\t\t<\/span>\n\t\t\t\t<span class=\"elementor-post-avatar\">\n\t\t\tNo hi ha comentaris\t\t<\/span>\n\t\t\t\t<\/div>\n\t\t\t\t\t<\/div>\n\t\t<\/article>\n\t\t\t\t<article class=\"elementor-post elementor-grid-item post-24721 post type-post status-publish format-standard has-post-thumbnail hentry category-sin-categorizar\" role=\"listitem\">\n\t\t\t<div class=\"elementor-post__card\">\n\t\t\t\t<a class=\"elementor-post__thumbnail__link\" href=\"https:\/\/www.tomatomonterosa.com\/ca\/la-historia-colorada-i-saborosa-del-tomaquet-de-mesoamerica-a-taula\/\" tabindex=\"-1\" ><div class=\"elementor-post__thumbnail\"><img decoding=\"async\" width=\"1440\" height=\"924\" src=\"https:\/\/www.tomatomonterosa.com\/wp-content\/uploads\/2023\/08\/historia-colorida-sabrosa-tomate-conoce-monterosa.jpg\" class=\"attachment-full size-full wp-image-24722\" alt=\"\" srcset=\"https:\/\/www.tomatomonterosa.com\/wp-content\/uploads\/2023\/08\/historia-colorida-sabrosa-tomate-conoce-monterosa.jpg 1440w, https:\/\/www.tomatomonterosa.com\/wp-content\/uploads\/2023\/08\/historia-colorida-sabrosa-tomate-conoce-monterosa-300x193.jpg 300w, https:\/\/www.tomatomonterosa.com\/wp-content\/uploads\/2023\/08\/historia-colorida-sabrosa-tomate-conoce-monterosa-1024x657.jpg 1024w, https:\/\/www.tomatomonterosa.com\/wp-content\/uploads\/2023\/08\/historia-colorida-sabrosa-tomate-conoce-monterosa-150x96.jpg 150w, https:\/\/www.tomatomonterosa.com\/wp-content\/uploads\/2023\/08\/historia-colorida-sabrosa-tomate-conoce-monterosa-768x493.jpg 768w, https:\/\/www.tomatomonterosa.com\/wp-content\/uploads\/2023\/08\/historia-colorida-sabrosa-tomate-conoce-monterosa-600x385.jpg 600w\" sizes=\"(max-width: 1440px) 100vw, 1440px\" title=\"\"><\/div><\/a>\n\t\t\t\t<div class=\"elementor-post__text\">\n\t\t\t\t<h2 class=\"elementor-post__title\">\n\t\t\t<a href=\"https:\/\/www.tomatomonterosa.com\/ca\/la-historia-colorada-i-saborosa-del-tomaquet-de-mesoamerica-a-taula\/\" >\n\t\t\t\tLa hist\u00f2ria colorada i saborosa del tom\u00e0quet: De Mesoam\u00e8rica a taula\t\t\t<\/a>\n\t\t<\/h2>\n\t\t\t\t<div class=\"elementor-post__excerpt\">\n\t\t\t<p>El tom\u00e0quet, aquest fruit vibrant i vers\u00e0til que dona un toc de frescor i sabor a innombrables plats arreu del m\u00f3n, t\u00e9 una hist\u00f2ria fascinant que es remunta fa milers d&#8217;anys. <\/p>\n\t\t<\/div>\n\t\t\t\t\t<div class=\"elementor-post__read-more-wrapper\">\n\t\t\n\t\t<a class=\"elementor-post__read-more\" href=\"https:\/\/www.tomatomonterosa.com\/ca\/la-historia-colorada-i-saborosa-del-tomaquet-de-mesoamerica-a-taula\/\" aria-label=\"Read more about La hist\u00f2ria colorada i saborosa del tom\u00e0quet: De Mesoam\u00e8rica a taula\" tabindex=\"-1\" >\n\t\t\tLlegir m\u00e9s \u00bb\t\t<\/a>\n\n\t\t\t\t\t<\/div>\n\t\t\t\t<\/div>\n\t\t\t\t<div class=\"elementor-post__meta-data\">\n\t\t\t\t\t<span class=\"elementor-post-date\">\n\t\t\t20 abril, 2024\t\t<\/span>\n\t\t\t\t<span class=\"elementor-post-avatar\">\n\t\t\tNo hi ha comentaris\t\t<\/span>\n\t\t\t\t<\/div>\n\t\t\t\t\t<\/div>\n\t\t<\/article>\n\t\t\t\t<article class=\"elementor-post elementor-grid-item post-24718 post type-post status-publish format-standard has-post-thumbnail hentry category-sin-categorizar\" role=\"listitem\">\n\t\t\t<div class=\"elementor-post__card\">\n\t\t\t\t<a class=\"elementor-post__thumbnail__link\" href=\"https:\/\/www.tomatomonterosa.com\/ca\/lestrany-desti-del-tomaquet-de-veri-a-elixir-de-la-joventut\/\" tabindex=\"-1\" ><div class=\"elementor-post__thumbnail\"><img decoding=\"async\" width=\"1440\" height=\"924\" src=\"https:\/\/www.tomatomonterosa.com\/wp-content\/uploads\/2023\/08\/tomate-de-veneno-a-elixir-curiosidades-monterosa.jpg\" class=\"attachment-full size-full wp-image-24719\" alt=\"\" srcset=\"https:\/\/www.tomatomonterosa.com\/wp-content\/uploads\/2023\/08\/tomate-de-veneno-a-elixir-curiosidades-monterosa.jpg 1440w, https:\/\/www.tomatomonterosa.com\/wp-content\/uploads\/2023\/08\/tomate-de-veneno-a-elixir-curiosidades-monterosa-300x193.jpg 300w, https:\/\/www.tomatomonterosa.com\/wp-content\/uploads\/2023\/08\/tomate-de-veneno-a-elixir-curiosidades-monterosa-1024x657.jpg 1024w, https:\/\/www.tomatomonterosa.com\/wp-content\/uploads\/2023\/08\/tomate-de-veneno-a-elixir-curiosidades-monterosa-150x96.jpg 150w, https:\/\/www.tomatomonterosa.com\/wp-content\/uploads\/2023\/08\/tomate-de-veneno-a-elixir-curiosidades-monterosa-768x493.jpg 768w, https:\/\/www.tomatomonterosa.com\/wp-content\/uploads\/2023\/08\/tomate-de-veneno-a-elixir-curiosidades-monterosa-600x385.jpg 600w\" sizes=\"(max-width: 1440px) 100vw, 1440px\" title=\"\"><\/div><\/a>\n\t\t\t\t<div class=\"elementor-post__text\">\n\t\t\t\t<h2 class=\"elementor-post__title\">\n\t\t\t<a href=\"https:\/\/www.tomatomonterosa.com\/ca\/lestrany-desti-del-tomaquet-de-veri-a-elixir-de-la-joventut\/\" >\n\t\t\t\tL&#8217;estrany dest\u00ed del tom\u00e0quet: De ver\u00ed a elixir de la joventut\t\t\t<\/a>\n\t\t<\/h2>\n\t\t\t\t<div class=\"elementor-post__excerpt\">\n\t\t\t<p>La hist\u00f2ria del tom\u00e0quet, aquest ingredient culinari apreciat que ens delecta les papil\u00b7les gustatives en una gran varietat de plats, \u00e9s curiosa i admirable.<\/p>\n\t\t<\/div>\n\t\t\t\t\t<div class=\"elementor-post__read-more-wrapper\">\n\t\t\n\t\t<a class=\"elementor-post__read-more\" href=\"https:\/\/www.tomatomonterosa.com\/ca\/lestrany-desti-del-tomaquet-de-veri-a-elixir-de-la-joventut\/\" aria-label=\"Read more about L&#8217;estrany dest\u00ed del tom\u00e0quet: De ver\u00ed a elixir de la joventut\" tabindex=\"-1\" >\n\t\t\tLlegir m\u00e9s \u00bb\t\t<\/a>\n\n\t\t\t\t\t<\/div>\n\t\t\t\t<\/div>\n\t\t\t\t<div class=\"elementor-post__meta-data\">\n\t\t\t\t\t<span class=\"elementor-post-date\">\n\t\t\t20 abril, 2024\t\t<\/span>\n\t\t\t\t<span class=\"elementor-post-avatar\">\n\t\t\tNo hi ha comentaris\t\t<\/span>\n\t\t\t\t<\/div>\n\t\t\t\t\t<\/div>\n\t\t<\/article>\n\t\t\t\t<article class=\"elementor-post elementor-grid-item post-24715 post type-post status-publish format-standard has-post-thumbnail hentry category-sin-categorizar\" role=\"listitem\">\n\t\t\t<div class=\"elementor-post__card\">\n\t\t\t\t<a class=\"elementor-post__thumbnail__link\" href=\"https:\/\/www.tomatomonterosa.com\/ca\/calories-del-tomaquet-nutricio-i-sabor-a-cada-boci\/\" tabindex=\"-1\" ><div class=\"elementor-post__thumbnail\"><img decoding=\"async\" width=\"1440\" height=\"924\" src=\"https:\/\/www.tomatomonterosa.com\/wp-content\/uploads\/2023\/08\/tomate-nutricion-sabor-en-cada-bocado-monterosa.jpg\" class=\"attachment-full size-full wp-image-24716\" alt=\"\" srcset=\"https:\/\/www.tomatomonterosa.com\/wp-content\/uploads\/2023\/08\/tomate-nutricion-sabor-en-cada-bocado-monterosa.jpg 1440w, https:\/\/www.tomatomonterosa.com\/wp-content\/uploads\/2023\/08\/tomate-nutricion-sabor-en-cada-bocado-monterosa-300x193.jpg 300w, https:\/\/www.tomatomonterosa.com\/wp-content\/uploads\/2023\/08\/tomate-nutricion-sabor-en-cada-bocado-monterosa-1024x657.jpg 1024w, https:\/\/www.tomatomonterosa.com\/wp-content\/uploads\/2023\/08\/tomate-nutricion-sabor-en-cada-bocado-monterosa-150x96.jpg 150w, https:\/\/www.tomatomonterosa.com\/wp-content\/uploads\/2023\/08\/tomate-nutricion-sabor-en-cada-bocado-monterosa-768x493.jpg 768w, https:\/\/www.tomatomonterosa.com\/wp-content\/uploads\/2023\/08\/tomate-nutricion-sabor-en-cada-bocado-monterosa-600x385.jpg 600w\" sizes=\"(max-width: 1440px) 100vw, 1440px\" title=\"\"><\/div><\/a>\n\t\t\t\t<div class=\"elementor-post__text\">\n\t\t\t\t<h2 class=\"elementor-post__title\">\n\t\t\t<a href=\"https:\/\/www.tomatomonterosa.com\/ca\/calories-del-tomaquet-nutricio-i-sabor-a-cada-boci\/\" >\n\t\t\t\tCalories del tom\u00e0quet: Nutrici\u00f3 i sabor a cada boc\u00ed\t\t\t<\/a>\n\t\t<\/h2>\n\t\t\t\t<div class=\"elementor-post__excerpt\">\n\t\t\t<p>A la recerca d&#8217;una alimentaci\u00f3 equilibrada i saludable, con\u00e8ixer el contingut cal\u00f2ric dels aliments \u00e9s essencial. El tom\u00e0quet, aquest fruit vibrant i vers\u00e0til que aporta gust a innombrables plats, \u00e9s una opci\u00f3 popular a moltes cuines. En aquest article, desglossem les calories del tom\u00e0quet i explorem el seu perfil nutricional, demostrant que el seu baix contingut cal\u00f2ric no sacrifica en absolut el sabor i valor nutricional.<\/p>\n\t\t<\/div>\n\t\t\t\t\t<div class=\"elementor-post__read-more-wrapper\">\n\t\t\n\t\t<a class=\"elementor-post__read-more\" href=\"https:\/\/www.tomatomonterosa.com\/ca\/calories-del-tomaquet-nutricio-i-sabor-a-cada-boci\/\" aria-label=\"Read more about Calories del tom\u00e0quet: Nutrici\u00f3 i sabor a cada boc\u00ed\" tabindex=\"-1\" >\n\t\t\tLlegir m\u00e9s \u00bb\t\t<\/a>\n\n\t\t\t\t\t<\/div>\n\t\t\t\t<\/div>\n\t\t\t\t<div class=\"elementor-post__meta-data\">\n\t\t\t\t\t<span class=\"elementor-post-date\">\n\t\t\t20 abril, 2024\t\t<\/span>\n\t\t\t\t<span class=\"elementor-post-avatar\">\n\t\t\tNo hi ha comentaris\t\t<\/span>\n\t\t\t\t<\/div>\n\t\t\t\t\t<\/div>\n\t\t<\/article>\n\t\t\t\t<article class=\"elementor-post elementor-grid-item post-24712 post type-post status-publish format-standard has-post-thumbnail hentry category-sin-categorizar\" role=\"listitem\">\n\t\t\t<div class=\"elementor-post__card\">\n\t\t\t\t<a class=\"elementor-post__thumbnail__link\" href=\"https:\/\/www.tomatomonterosa.com\/ca\/sabeu-que\/\" tabindex=\"-1\" ><div class=\"elementor-post__thumbnail\"><img decoding=\"async\" width=\"1440\" height=\"924\" src=\"https:\/\/www.tomatomonterosa.com\/wp-content\/uploads\/2023\/08\/sabias-que-curiosidades-tomate-monterosa.jpg\" class=\"attachment-full size-full wp-image-24713\" alt=\"\" srcset=\"https:\/\/www.tomatomonterosa.com\/wp-content\/uploads\/2023\/08\/sabias-que-curiosidades-tomate-monterosa.jpg 1440w, https:\/\/www.tomatomonterosa.com\/wp-content\/uploads\/2023\/08\/sabias-que-curiosidades-tomate-monterosa-300x193.jpg 300w, https:\/\/www.tomatomonterosa.com\/wp-content\/uploads\/2023\/08\/sabias-que-curiosidades-tomate-monterosa-1024x657.jpg 1024w, https:\/\/www.tomatomonterosa.com\/wp-content\/uploads\/2023\/08\/sabias-que-curiosidades-tomate-monterosa-150x96.jpg 150w, https:\/\/www.tomatomonterosa.com\/wp-content\/uploads\/2023\/08\/sabias-que-curiosidades-tomate-monterosa-768x493.jpg 768w, https:\/\/www.tomatomonterosa.com\/wp-content\/uploads\/2023\/08\/sabias-que-curiosidades-tomate-monterosa-600x385.jpg 600w\" sizes=\"(max-width: 1440px) 100vw, 1440px\" title=\"\"><\/div><\/a>\n\t\t\t\t<div class=\"elementor-post__text\">\n\t\t\t\t<h2 class=\"elementor-post__title\">\n\t\t\t<a href=\"https:\/\/www.tomatomonterosa.com\/ca\/sabeu-que\/\" >\n\t\t\t\tSabeu que&#8230;\t\t\t<\/a>\n\t\t<\/h2>\n\t\t\t\t<div class=\"elementor-post__excerpt\">\n\t\t\t<p>La planta del tom\u00e0quet t\u00e9 sexe? I el fruit?<br \/>\nTotes les plantes tenen sexe, per\u00f2 en funci\u00f3 del tipus que es tracti es reproduir\u00e0 mitjan\u00e7ant mecanismes asexuals o sexuals.<\/p>\n\t\t<\/div>\n\t\t\t\t\t<div class=\"elementor-post__read-more-wrapper\">\n\t\t\n\t\t<a class=\"elementor-post__read-more\" href=\"https:\/\/www.tomatomonterosa.com\/ca\/sabeu-que\/\" aria-label=\"Read more about Sabeu que&#8230;\" tabindex=\"-1\" >\n\t\t\tLlegir m\u00e9s \u00bb\t\t<\/a>\n\n\t\t\t\t\t<\/div>\n\t\t\t\t<\/div>\n\t\t\t\t<div class=\"elementor-post__meta-data\">\n\t\t\t\t\t<span class=\"elementor-post-date\">\n\t\t\t20 abril, 2024\t\t<\/span>\n\t\t\t\t<span class=\"elementor-post-avatar\">\n\t\t\tNo hi ha comentaris\t\t<\/span>\n\t\t\t\t<\/div>\n\t\t\t\t\t<\/div>\n\t\t<\/article>\n\t\t\t\t<article class=\"elementor-post elementor-grid-item post-24708 post type-post status-publish format-standard has-post-thumbnail hentry category-sin-categorizar\" role=\"listitem\">\n\t\t\t<div class=\"elementor-post__card\">\n\t\t\t\t<a class=\"elementor-post__thumbnail__link\" href=\"https:\/\/www.tomatomonterosa.com\/ca\/que-es-el-tomaquet\/\" tabindex=\"-1\" ><div class=\"elementor-post__thumbnail\"><img decoding=\"async\" width=\"1440\" height=\"924\" src=\"https:\/\/www.tomatomonterosa.com\/wp-content\/uploads\/2023\/08\/que-es-el-tomate-curiosidades-monterosa.jpg\" class=\"attachment-full size-full wp-image-24709\" alt=\"\" srcset=\"https:\/\/www.tomatomonterosa.com\/wp-content\/uploads\/2023\/08\/que-es-el-tomate-curiosidades-monterosa.jpg 1440w, https:\/\/www.tomatomonterosa.com\/wp-content\/uploads\/2023\/08\/que-es-el-tomate-curiosidades-monterosa-300x193.jpg 300w, https:\/\/www.tomatomonterosa.com\/wp-content\/uploads\/2023\/08\/que-es-el-tomate-curiosidades-monterosa-1024x657.jpg 1024w, https:\/\/www.tomatomonterosa.com\/wp-content\/uploads\/2023\/08\/que-es-el-tomate-curiosidades-monterosa-150x96.jpg 150w, https:\/\/www.tomatomonterosa.com\/wp-content\/uploads\/2023\/08\/que-es-el-tomate-curiosidades-monterosa-768x493.jpg 768w, https:\/\/www.tomatomonterosa.com\/wp-content\/uploads\/2023\/08\/que-es-el-tomate-curiosidades-monterosa-600x385.jpg 600w\" sizes=\"(max-width: 1440px) 100vw, 1440px\" title=\"\"><\/div><\/a>\n\t\t\t\t<div class=\"elementor-post__text\">\n\t\t\t\t<h2 class=\"elementor-post__title\">\n\t\t\t<a href=\"https:\/\/www.tomatomonterosa.com\/ca\/que-es-el-tomaquet\/\" >\n\t\t\t\tQu\u00e8 \u00e9s el tom\u00e0quet?\t\t\t<\/a>\n\t\t<\/h2>\n\t\t\t\t<div class=\"elementor-post__excerpt\">\n\t\t\t<p>Per poder estudiar el tom\u00e0quet, cal comen\u00e7ar per q\u00fcestionar-nos les paraules. Sabem qu\u00e8 vol dir la paraula tom\u00e0quet? D&#8217;on ve el terme? T\u00e9 la mateixa denominaci\u00f3 en l&#8217;\u00e0mbit cient\u00edfic que des d\u2019un punt de vista col\u00b7loquial? En aquest cap\u00edtol intentarem explicar el concepte, des d&#8217;un punt de vista l\u00e8xic-sem\u00e0ntic, conceptual i comparatiu.<\/p>\n\t\t<\/div>\n\t\t\t\t\t<div class=\"elementor-post__read-more-wrapper\">\n\t\t\n\t\t<a class=\"elementor-post__read-more\" href=\"https:\/\/www.tomatomonterosa.com\/ca\/que-es-el-tomaquet\/\" aria-label=\"Read more about Qu\u00e8 \u00e9s el tom\u00e0quet?\" tabindex=\"-1\" >\n\t\t\tLlegir m\u00e9s \u00bb\t\t<\/a>\n\n\t\t\t\t\t<\/div>\n\t\t\t\t<\/div>\n\t\t\t\t<div class=\"elementor-post__meta-data\">\n\t\t\t\t\t<span class=\"elementor-post-date\">\n\t\t\t20 abril, 2024\t\t<\/span>\n\t\t\t\t<span class=\"elementor-post-avatar\">\n\t\t\tNo hi ha comentaris\t\t<\/span>\n\t\t\t\t<\/div>\n\t\t\t\t\t<\/div>\n\t\t<\/article>\n\t\t\t\t<\/div>\n\t\t\t\t\t<span class=\"e-load-more-spinner\">\n\t\t\t\t<svg aria-hidden=\"true\" class=\"e-font-icon-svg e-fas-spinner\" viewBox=\"0 0 512 512\" xmlns=\"http:\/\/www.w3.org\/2000\/svg\"><path d=\"M304 48c0 26.51-21.49 48-48 48s-48-21.49-48-48 21.49-48 48-48 48 21.49 48 48zm-48 368c-26.51 0-48 21.49-48 48s21.49 48 48 48 48-21.49 48-48-21.49-48-48-48zm208-208c-26.51 0-48 21.49-48 48s21.49 48 48 48 48-21.49 48-48-21.49-48-48-48zM96 256c0-26.51-21.49-48-48-48S0 229.49 0 256s21.49 48 48 48 48-21.49 48-48zm12.922 99.078c-26.51 0-48 21.49-48 48s21.49 48 48 48 48-21.49 48-48c0-26.509-21.491-48-48-48zm294.156 0c-26.51 0-48 21.49-48 48s21.49 48 48 48 48-21.49 48-48c0-26.509-21.49-48-48-48zM108.922 60.922c-26.51 0-48 21.49-48 48s21.49 48 48 48 48-21.49 48-48-21.491-48-48-48z\"><\/path><\/svg>\t\t\t<\/span>\n\t\t\n\t\t\t\t\t\t<\/div>\n\t\t\t\t<\/div>\n\t\t\t\t\t<\/div>\n\t\t\t\t<\/div>\n\t\t\t\t<\/div>\n\t\t","protected":false},"excerpt":{"rendered":"<p>Blog<\/p>\n","protected":false},"author":1,"featured_media":0,"parent":0,"menu_order":0,"comment_status":"closed","ping_status":"closed","template":"","meta":{"_acf_changed":false,"footnotes":""},"class_list":["post-24642","page","type-page","status-publish","hentry"],"acf":[],"_links":{"self":[{"href":"https:\/\/www.tomatomonterosa.com\/ca\/wp-json\/wp\/v2\/pages\/24642","targetHints":{"allow":["GET"]}}],"collection":[{"href":"https:\/\/www.tomatomonterosa.com\/ca\/wp-json\/wp\/v2\/pages"}],"about":[{"href":"https:\/\/www.tomatomonterosa.com\/ca\/wp-json\/wp\/v2\/types\/page"}],"author":[{"embeddable":true,"href":"https:\/\/www.tomatomonterosa.com\/ca\/wp-json\/wp\/v2\/users\/1"}],"replies":[{"embeddable":true,"href":"https:\/\/www.tomatomonterosa.com\/ca\/wp-json\/wp\/v2\/comments?post=24642"}],"version-history":[{"count":3,"href":"https:\/\/www.tomatomonterosa.com\/ca\/wp-json\/wp\/v2\/pages\/24642\/revisions"}],"predecessor-version":[{"id":29031,"href":"https:\/\/www.tomatomonterosa.com\/ca\/wp-json\/wp\/v2\/pages\/24642\/revisions\/29031"}],"wp:attachment":[{"href":"https:\/\/www.tomatomonterosa.com\/ca\/wp-json\/wp\/v2\/media?parent=24642"}],"curies":[{"name":"wp","href":"https:\/\/api.w.org\/{rel}","templated":true}]}}