{"id":24451,"date":"2024-04-15T10:20:08","date_gmt":"2024-04-15T10:20:08","guid":{"rendered":"https:\/\/www.tomatomonterosa.com\/avis-legal\/"},"modified":"2024-04-20T10:41:56","modified_gmt":"2024-04-20T10:41:56","slug":"avis-legal","status":"publish","type":"page","link":"https:\/\/www.tomatomonterosa.com\/ca\/avis-legal\/","title":{"rendered":"Av\u00eds legal"},"content":{"rendered":"<p>Aquest av\u00eds legal \u00e9s de visualitzaci\u00f3 obligada, i regula les condicions d&#8217;\u00fas que han de ser observades i respectades pels usuaris d&#8217;aquest lloc web. Us preguem que el llegiu atentament, ja que el fet d&#8217;accedir-hi implica que l\u2019usuari l\u2019ha llegit i accepta, sense reserves, les condicions seg\u00fcents.<\/p>\n<h3>1.- Informaci\u00f3 de conformitat amb la LSSI<\/h3>\n<p>Als efectes de l&#8217;art. 10 de la Llei 34\/2002, d\u201911 de juliol, de serveis de la societat de la informaci\u00f3 i de comer\u00e7 electr\u00f2nic, s&#8217;informa els usuaris de la p\u00e0gina web que el titular del lloc web \u00e9s la societat <strong>SEMILLAS FIT\u00d3, SA, Societat Unipersonal<\/strong> amb domicili social al c\/ Selva de Mar 111 (08019 Barcelona), prove\u00efda de CIF n\u00fam. A-08469215 i les dades registrals de les quals s\u00f3n les seg\u00fcents: inscrita al Registre Mercantil de Barcelona, al Tom 6.944, Foli 14, Full n\u00famero B-55064, inscripci\u00f3 1a. Tel. 93 303 63 60 Fax: 93 303 63 73. Adre\u00e7a de correu info@semillasfito.com.<\/p>\n<h3>2.- Condicions d&#8217;\u00fas del lloc web<\/h3>\n<p>L&#8217;usuari es compromet a fer un \u00fas diligent del lloc web i dels serveis accessibles des del mateix, i a no utilitzar els serveis o informacions continguts al lloc web per desenvolupar activitats contr\u00e0ries a la llei, a la moral i als bons costums, a l&#8217;ordre p\u00fablic i, en general, a fer-ne un \u00fas conforme aquest av\u00eds legal.<\/p>\n<p><strong>SEMILLAS FIT\u00d3<\/strong> pot interrompre temporalment o definitivament, segons el seu bon criteri, l&#8217;acc\u00e9s al lloc web, aix\u00ed com la prestaci\u00f3 de qualsevol o de tots els serveis que es presten a trav\u00e9s d&#8217;aquesta en qualsevol moment i sense av\u00eds previ.<\/p>\n<p>Aix\u00ed mateix, <strong>SEMILLAS FIT\u00d3<\/strong> es reserva el dret a denegar o retirar l&#8217;acc\u00e9s al portal web a qualsevol usuari que incompleixi les condicions d&#8217;\u00fas establertes en aquest av\u00eds legal, tot aix\u00f2 sense necessitat de cap preav\u00eds.<\/p>\n<p>Si <strong>SEMILLAS FIT\u00d3<\/strong> presta, a trav\u00e9s d\u2019aquest lloc web, algun tipus de servei especial o fa alguna promoci\u00f3 o oferta especial, s&#8217;establiran les condicions espec\u00edfiques que el regulin, l&#8217;aplicaci\u00f3 de les quals preval sobre les condicions d&#8217;\u00fas i la resta de previsions establertes en aquest av\u00eds legal, en cas d&#8217;incongru\u00e8ncia o incompatibilitat entre totes dues.<\/p>\n<h3>3.- Drets de propietat intel\u00b7lectual<\/h3>\n<p><strong>SEMILLAS FIT\u00d3<\/strong> \u00e9s titular o llicenciat\u00e0ria, si escau, dels drets de Propietat intel\u00b7lectual i industrial de la totalitat dels continguts d&#8217;aquest lloc web, incloent-hi la descripci\u00f3 de productes, text, imatges, fotografies, marques, logotips, botons, arxius de programari, combinacions de colors, aix\u00ed com l&#8217;estructura, la selecci\u00f3, l&#8217;ordenaci\u00f3 i la presentaci\u00f3 dels seus continguts, que estan protegits per la legislaci\u00f3 espanyola i internacional sobre propietat intel\u00b7lectual i industrial.<\/p>\n<p>En cap cas l&#8217;acc\u00e9s a aquest lloc web implica cap mena de ren\u00fancia, transmissi\u00f3 o cessi\u00f3 total ni parcial dels drets atorgats per la legislaci\u00f3 espanyola i internacional sobre propietat intel\u00b7lectual i industrial.<\/p>\n<p>Queda prohibida la reproducci\u00f3, la c\u00f2pia, l&#8217;\u00fas, la distribuci\u00f3, la reutilitzaci\u00f3, l&#8217;explotaci\u00f3, la realitzaci\u00f3 de segones c\u00f2pies, la tramesa per correu, la transmissi\u00f3, la modificaci\u00f3, la cessi\u00f3 o qualsevol altre acte que es faci amb la totalitat o part de la informaci\u00f3 continguda en aquest portal que no hagi estat expressament autoritzat per <strong>SEMILLAS FIT\u00d3.<\/strong><\/p>\n<p>L&#8217;usuari s&#8217;obliga a utilitzar els continguts de forma diligent, correcta i l\u00edcita i, en particular, es compromet a no suprimir, eludir o manipular el copyright i altres dades identificatives dels drets de <strong>SEMILLAS FIT\u00d3<\/strong> o dels seus titulars incorporats als continguts, aix\u00ed com els dispositius t\u00e8cnics de protecci\u00f3 o qualsevol mecanisme d&#8217;informaci\u00f3 que s\u2019incloguin en els continguts.<\/p>\n<p>Aix\u00ed mateix, l&#8217;usuari no pot fer servir els continguts i, en particular, la informaci\u00f3 de qualsevol classe obtinguda a trav\u00e9s del lloc web per remetre publicitat, comunicacions amb fins comercials, missatges no sol\u00b7licitats dirigits a una pluralitat de persones amb independ\u00e8ncia de la seva finalitat, aix\u00ed com de comercialitzar o divulgar de qualsevol manera aquesta informaci\u00f3.<\/p>\n<p>El lloc web correspon a un domini registrat per <strong>SEMILLAS FIT\u00d3<\/strong> i que no pot ser utilitzat, excepte autoritzaci\u00f3 expressa pr\u00e8via, en connexi\u00f3 amb altres serveis que no siguin de <strong>SEMILLAS FIT\u00d3<\/strong> de cap manera que pugui confondre els seus clients o desacreditar <strong>SEMILLAS FIT\u00d3.<\/strong><\/p>\n<p>En aquest sentit, les persones que vulguin establir un enlla\u00e7 o una URL entre la seva p\u00e0gina web i aquest lloc web, hauran de demanar l&#8217;autoritzaci\u00f3 expressa i per escrit de <strong>SEMILLAS FIT\u00d3<\/strong>, sense que aix\u00f2 impliqui una relaci\u00f3 entre <strong>SEMILLAS FIT\u00d3<\/strong> i el titular de la p\u00e0gina en qu\u00e8 s&#8217;estableixi l\u2019enlla\u00e7, ni l&#8217;aprovaci\u00f3 o acceptaci\u00f3 per part de <strong>SEMILLAS FIT\u00d3<\/strong> dels seus continguts o serveis.<\/p>\n<p>Queda terminantment prohibit realitzar, sense el previ consentiment de <strong>SEMILLAS FIT\u00d3<\/strong>, qualsevol manipulaci\u00f3 o alteraci\u00f3 d&#8217;aquest lloc web. En conseq\u00fc\u00e8ncia, <strong>SEMILLAS FIT\u00d3<\/strong> no assumir\u00e0 cap responsabilitat derivada, o que pogu\u00e9s derivar-se, d&#8217;aquesta alteraci\u00f3 o manipulaci\u00f3 per tercers.<\/p>\n<h3>4.- Limitaci\u00f3 de la responsabilitat<\/h3>\n<p><strong>SEMILLAS FIT\u00d3<\/strong> rebutja la responsabilitat respecte a qualsevol decisi\u00f3 adoptada per l&#8217;usuari a conseq\u00fc\u00e8ncia de la informaci\u00f3 continguda en aquest lloc web.<\/p>\n<p>Aix\u00ed mateix, <strong>SEMILLAS FIT\u00d3<\/strong> rebutja la responsabilitat sobre qualsevol informaci\u00f3 no elaborada o no publicada de forma autoritzada sota el seu nom, igual que la responsabilitat que es derivi de la mala utilitzaci\u00f3 dels continguts, i es reserva el dret a actualitzar-los, a eliminar-los, limitar-los o impedir-ne l&#8217;acc\u00e9s, de manera temporal o definitiva.<\/p>\n<p>Tot i prendre totes les precaucions necess\u00e0ries perqu\u00e8 el nostre lloc web contingui informacions actuals i exactes, <strong>SEMILLAS FIT\u00d3<\/strong> no pot garantir el rigor ni l&#8217;actualitat de tota la informaci\u00f3 facilitada, ni la inexist\u00e8ncia d&#8217;errors o omissions. En aquest sentit, l&#8217;usuari ha de ser conscient que la informaci\u00f3 a la qual t\u00e9 acc\u00e9s \u00e9s subministrada en les condicions detallades en aquest av\u00eds legal, sense cap garantia que aquestes siguin exactes i actualitzades.<\/p>\n<p>De la mateixa manera, <strong>SEMILLAS FIT\u00d3<\/strong> no pot garantir la continu\u00eftat del funcionament del lloc web, ni que aquest estigui operatiu i disponible en tot moment.<\/p>\n<p>Aix\u00ed mateix, <strong>SEMILLAS FIT\u00d3<\/strong> no es fa responsable dels danys i perjudicis directes o indirectes, inclosos els danys a sistemes inform\u00e0tics i la introducci\u00f3 de virus existents a la xarxa, derivats de la navegaci\u00f3 per Internet necess\u00e0ria per a l&#8217;\u00fas d&#8217;aquest lloc web.<\/p>\n<h3>5.- Obligaci\u00f3 dels usuaris.<\/h3>\n<p>L&#8217;usuari respondr\u00e0 dels danys i perjudicis que <strong>SEMILLAS FIT\u00d3<\/strong> pugui patir a conseq\u00fc\u00e8ncia de l&#8217;incompliment de qualsevol de les obligacions determinades en aquest av\u00eds legal.<\/p>\n<p>Pel que fa a la navegaci\u00f3, l&#8217;usuari es compromet a observar diligentment i fidelment les recomanacions de <strong>SEMILLAS FIT\u00d3<\/strong> al moment oport\u00fa relatives a l&#8217;\u00fas del lloc web i que es publicaran en aquest.<\/p>\n<h3>6.- Privadesa.<\/h3>\n<p>Durant la navegaci\u00f3 per aquest lloc web \u00e9s possible que l&#8217;usuari hagi o pugui facilitar determinades dades de car\u00e0cter personal, que <strong>SEMILLAS FIT\u00d3<\/strong> processar\u00e0 d&#8217;acord amb els termes descrits a la seva \u201c<strong>POL\u00cdTICA DE PRIVACITAT<\/strong>\u201d, que queda incorporada en aquest av\u00eds legal per remissi\u00f3 des d\u2019aquest apartat.<\/p>\n<h3>7.- Durada i modificaci\u00f3.<\/h3>\n<p><strong>SEMILLAS FIT\u00d3<\/strong> t\u00e9 dret a modificar els termes i condicions aqu\u00ed estipulades de forma unilateral, totalment o parcialment.<\/p>\n<p>La vig\u00e8ncia temporal d\u2019aquest av\u00eds legal coincideix, per tant, amb el temps de la vostra exposici\u00f3, fins al moment en qu\u00e8 <strong>SEMILLAS FIT\u00d3<\/strong> el modifiqui totalment o parcialment.<\/p>\n<p><strong>SEMILLAS FIT\u00d3<\/strong> pot acabar, suspendre o interrompre unilateralment l&#8217;operativitat d&#8217;aquest lloc web, sense possibilitat de sol\u00b7licitar cap indemnitzaci\u00f3 per part de l&#8217;usuari.<\/p>\n<h3>8.- Legislaci\u00f3 i jurisdicci\u00f3.<\/h3>\n<p>Aquest av\u00eds legal es regeix per la legislaci\u00f3 espanyola.<\/p>\n<p>Els usuaris i <strong>SEMILLAS FIT\u00d3<\/strong>, amb ren\u00fancia expressa del seu fur, sotmeten totes les interpretacions o conflictes que poguessin sorgir derivats d&#8217;aquest av\u00eds legal als Jutjats i Tribunals de la ciutat de Barcelona (Espanya).<\/p>\n","protected":false},"excerpt":{"rendered":"<p>Aquest av\u00eds legal \u00e9s de visualitzaci\u00f3 obligada, i regula les condicions d&#8217;\u00fas que han de ser observades i respectades pels<\/p>\n","protected":false},"author":1,"featured_media":0,"parent":0,"menu_order":0,"comment_status":"closed","ping_status":"open","template":"","meta":{"_acf_changed":false,"footnotes":""},"class_list":["post-24451","page","type-page","status-publish","hentry"],"acf":[],"_links":{"self":[{"href":"https:\/\/www.tomatomonterosa.com\/ca\/wp-json\/wp\/v2\/pages\/24451","targetHints":{"allow":["GET"]}}],"collection":[{"href":"https:\/\/www.tomatomonterosa.com\/ca\/wp-json\/wp\/v2\/pages"}],"about":[{"href":"https:\/\/www.tomatomonterosa.com\/ca\/wp-json\/wp\/v2\/types\/page"}],"author":[{"embeddable":true,"href":"https:\/\/www.tomatomonterosa.com\/ca\/wp-json\/wp\/v2\/users\/1"}],"replies":[{"embeddable":true,"href":"https:\/\/www.tomatomonterosa.com\/ca\/wp-json\/wp\/v2\/comments?post=24451"}],"version-history":[{"count":0,"href":"https:\/\/www.tomatomonterosa.com\/ca\/wp-json\/wp\/v2\/pages\/24451\/revisions"}],"wp:attachment":[{"href":"https:\/\/www.tomatomonterosa.com\/ca\/wp-json\/wp\/v2\/media?parent=24451"}],"curies":[{"name":"wp","href":"https:\/\/api.w.org\/{rel}","templated":true}]}}