{"id":24450,"date":"2024-04-15T10:15:47","date_gmt":"2024-04-15T10:15:47","guid":{"rendered":"https:\/\/www.tomatomonterosa.com\/politica-de-privadesa\/"},"modified":"2024-04-20T10:45:17","modified_gmt":"2024-04-20T10:45:17","slug":"politica-de-privadesa","status":"publish","type":"page","link":"https:\/\/www.tomatomonterosa.com\/ca\/politica-de-privadesa\/","title":{"rendered":"Pol\u00edtica de privadesa"},"content":{"rendered":"<p>D&#8217;acord amb el que disposa el <strong>Reglament (UE) 2016\/679 del Parlament Europeu i del Consell de 27 d&#8217;abril de 2016 relatiu a la protecci\u00f3 de les persones f\u00edsiques pel que fa al tractament de dades personals i a la lliure circulaci\u00f3 d&#8217;aquestes dades i pel qual es deroga la Directiva 95\/46\/CE (<\/strong>d&#8217;ara endavant,<strong> \u201cRGPD\u201d) <\/strong>i la<strong> Llei Org\u00e0nica 3\/2018, de 5 de desembre, de Protecci\u00f3 de Dades Personals i garantia dels drets digitals (\u201cLOPDGDD\u201d), <\/strong>a continuaci\u00f3 us informem de la nostra pol\u00edtica de protecci\u00f3 de dades.<\/p>\n<p><strong>1.Dades del Responsable del tractament.<\/strong><\/p>\n<table>\n<tbody>\n<tr>\n<td width=\"227\">Denominaci\u00f3 social:<\/td>\n<td width=\"342\">SEMILLAS FIT\u00d3, SAU<\/td>\n<\/tr>\n<tr>\n<td width=\"227\">NIF:<\/td>\n<td width=\"342\">A08469215<\/td>\n<\/tr>\n<tr>\n<td width=\"227\">Adre\u00e7a:<\/td>\n<td width=\"342\">c\/ Selva de Mar, n\u00fam. 111 (08019 Barcelona)<\/td>\n<\/tr>\n<tr>\n<td width=\"227\">Tel\u00e8fon:<\/td>\n<td width=\"342\">+ 34 933036360<\/td>\n<\/tr>\n<tr>\n<td width=\"227\">Tel\u00e8fon:<\/td>\n<td width=\"342\">info@semillasfito.com<\/td>\n<\/tr>\n<tr>\n<td width=\"227\">Dades de contacte del Delegat de protecci\u00f3 de dades (DPD):<\/td>\n<td width=\"342\"><a href=\"mailto:rgpd@semillasfito.com\">rgpd@semillasfito.com<\/a><\/td>\n<\/tr>\n<\/tbody>\n<\/table>\n<p><strong>2.Finalitat, legitimaci\u00f3 i termini de conservaci\u00f3 de les dades.<\/strong><\/p>\n<p>A continuaci\u00f3, trobareu una taula en qu\u00e8 s\u2019identifica la finalitat del tractament de les vostres dades personals, \u00e9s a dir, el motiu pel qual Semillas Fit\u00f3 tracta les vostres dades personals, la base legal que permet el tractament per a la finalitat indicada i el termini de conservaci\u00f3 de les vostres dades.<\/p>\n<table width=\"567\">\n<tbody>\n<tr>\n<td width=\"195\"><strong>finalitat del tractament<\/strong><\/td>\n<td width=\"201\"><strong>base legal<\/strong><\/td>\n<td width=\"171\"><strong>termini de conservaci\u00f3<\/strong><\/td>\n<\/tr>\n<tr>\n<td width=\"195\">Respondre una sol\u00b7licitud de contacte d&#8217;un usuari del web de Tomato MonteRosa.<\/td>\n<td width=\"201\">Execuci\u00f3 de l&#8217;acord derivat de l&#8217;emplenament del formulari de contacte habilitat al web de Tomato MonteRosa.<\/td>\n<td width=\"171\">Fins que es contesti a la consulta formulada.<\/td>\n<\/tr>\n<tr>\n<td width=\"195\">Gestionar el seu registre com a usuari al web de Tomato MonteRosa.<\/td>\n<td width=\"201\">Execuci\u00f3 de l&#8217;acord derivat del seu registre com a usuari al web de Tomato MonteRosa.<\/td>\n<td width=\"171\">Fins que manifesti el seu desig de donar-se de baixa com a usuari del web de Tomato MonteRosa.<\/td>\n<\/tr>\n<tr>\n<td width=\"195\">Gestionar la compra de productes, aix\u00ed com gestionar-ne la facturaci\u00f3 i l&#8217;enviament.<\/td>\n<td width=\"201\">Execuci\u00f3 del contracte derivat de la compra de productes del web de Tomato MonteRosa.<\/td>\n<td width=\"171\">Fins a la finalitzaci\u00f3 de la relaci\u00f3 contractual que ens uneix.<\/td>\n<\/tr>\n<tr>\n<td width=\"195\">Gesti\u00f3, si escau, dels seus drets com a interessat.<\/td>\n<td width=\"201\">El compliment d&#8217;una obligaci\u00f3 legal aplicable a SEMILLAS FIT\u00d3.<\/td>\n<td width=\"171\">Durant el temps necessari per resoldre les peticions i reclamacions.<\/td>\n<\/tr>\n<\/tbody>\n<\/table>\n<p>Si Semillas Fit\u00f3 tracta les vostres dades personals per a una finalitat diferent de la recollida a la taula anterior, Semillas Fit\u00f3 us informar\u00e0 amb anterioritat al tractament sobre la finalitat del mateix i us facilitar\u00e0 qualsevol altra informaci\u00f3 addicional pertinent d&#8217;acord amb la legislaci\u00f3 aplicable, i us sol\u00b7licitar\u00e0, si escau, el vostre consentiment, si \u00e9s necessari per justificar un tractament leg\u00edtim.<\/p>\n<p>Aix\u00ed mateix, us informem, que al marge dels per\u00edodes de retenci\u00f3 abans referits, conservarem les vostres dades durant els preceptius terminis de prescripci\u00f3 a fi de complir amb les nostres obligacions legals, i per a la gesti\u00f3 dels nostres drets (interposar o defensar, si escau, una reclamaci\u00f3), aplicant aix\u00ed mateix el que disposa la normativa corporativa relativa als per\u00edodes d&#8217;arxiu i retenci\u00f3 de documentaci\u00f3.<\/p>\n<p><strong>3.Destinataris de les dades: cessionaris i encarregats de tractament.<\/strong><\/p>\n<p>Us informem que les vostres dades no es <strong>comunicaran<\/strong> tercers, excepte obligaci\u00f3 legal.<\/p>\n<p>Addicionalment, us informem que, en determinats sup\u00f2sits, podem comunicar les vostres dades a altres entitats (incloent-hi empreses del Grup Fit\u00f3), en la seva condici\u00f3 d&#8217;encarregats de tractament de les dades titularitat de SEMILLAS FIT\u00d3 amb els quals, de conformitat amb el que preveu l&#8217;article 28 GDPR, s&#8217;ha formalitzat un contracte que legitima l&#8217;acc\u00e9s a les dades personals i que inclou les obligacions que cal contemplar en el tractament.<\/p>\n<p><strong><em><u>Transfer\u00e8ncies internacionals<\/u><\/em><\/strong><\/p>\n<p>SEMILLAS FIT\u00d3 no fa transfer\u00e8ncies internacionals de les dades personals.<\/p>\n<p>No obstant aix\u00f2, l&#8217;acc\u00e9s a les vostres dades per part d&#8217;Encarregats del Tractament pot comportar necess\u00e0riament la transfer\u00e8ncia internacional de dades que, en qualsevol cas, seran dutes a terme basades en una decisi\u00f3 d&#8217;adequaci\u00f3 (tercer pa\u00eds que garanteix un nivell de protecci\u00f3 adequat) o mitjan\u00e7ant garanties adequades (cl\u00e0usules tipus de protecci\u00f3 de dades, normes corporatives vinculants). Aquesta informaci\u00f3 es troba a la disposici\u00f3 dels interessats, podent sol\u00b7licitar informaci\u00f3 al respecte mitjan\u00e7ant correu electr\u00f2nic a l&#8217;adre\u00e7a de contacte del Delegat de Protecci\u00f3 de Dades.<\/p>\n<p><strong>4.Drets de l\u2019interessat.<\/strong><\/p>\n<p>A continuaci\u00f3 us informem que, amb relaci\u00f3 al tractament de les vostres dades de car\u00e0cter personal, <strong>teniu dret:<\/strong><\/p>\n<ul>\n<li>A obtenir confirmaci\u00f3 sobre si a Semillas Fit\u00f3 estem tractant dades personals que us concerneixen, o no.<\/li>\n<li>A sol\u00b7licitar l&#8217;acc\u00e9s, la rectificaci\u00f3 de dades inexactes o incompletes i, si escau, la supressi\u00f3 de les vostres dades quan, entre altres motius, aquestes ja no siguin necess\u00e0ries per a les finalitats per a les quals van ser recollides.<\/li>\n<li>En determinades circumst\u00e0ncies, teniu dret a:\n<ul>\n<li>Sol\u00b7licitar la limitaci\u00f3 del tractament de les vostres dades, i en aquest cas nom\u00e9s les conservarem per a l&#8217;exercici o la defensa de reclamacions.<\/li>\n<li>per motius relacionats amb la seva situaci\u00f3 particular, oposar-se al tractament de les vostres dades, cas en qu\u00e8 les deixarem de tractar, excepte per motius leg\u00edtims imperiosos, o per a l&#8217;exercici o la defensa de possibles reclamacions.<\/li>\n<\/ul>\n<\/li>\n<li>Rebre les dades personals que us incumbeixin i que ens hagi facilitat, en un format estructurat, d&#8217;\u00fas com\u00fa i lectura mec\u00e0nica, i a transmetre-les a un altre responsable del tractament sense que ho impedim. En aquest sentit, podeu sol\u00b7licitar que transmetem directament, si \u00e9s t\u00e8cnicament possible, les vostres dades personals al responsable del tractament que ens indiqui en la vostra comunicaci\u00f3.<\/li>\n<li>Retirar-ne el consentiment, en cas d&#8217;haver facilitat el consentiment per a una finalitat concreta. La retirada del consentiment no afecta la licitud del tractament basada en el consentiment previ a la seva retirada.<\/li>\n<\/ul>\n<p>Podeu <strong>exercir els vostres drets<\/strong> en qualsevol moment i de forma gratu\u00efta mitjan\u00e7ant:<\/p>\n<ul>\n<li>Correu electr\u00f2nic a l&#8217;adre\u00e7a <a href=\"mailto:rgpd@semillasfito.com\">rgpd@semillasfito.com<\/a>, signat digitalment (DNI electr\u00f2nic o altre certificat reconegut), o<\/li>\n<li>Comunicaci\u00f3 escrita dirigida a SEMILLAS FIT\u00d3, SAU, amb domicili als efectes del tractament de protecci\u00f3 de dades, al carrer Selva de Mar 111, 08019 Barcelona (Ref. RGPD).<\/li>\n<\/ul>\n<p>El contingut de la sol\u00b7licitud ha d&#8217;incloure el nom i els cognoms; fotoc\u00f2pia del seu DNI, passaport o altre document v\u00e0lid que us identifiqui i, si cal, de la persona que el representi, aix\u00ed com el document o instrument electr\u00f2nic acreditatiu de tal representaci\u00f3; detall de la petici\u00f3 que realitza i documents acreditatius d\u2019aquesta, si cal; adre\u00e7a a efectes de notificacions; data i signatura del sol\u00b7licitant.<\/p>\n<p>Podeu obtenir informaci\u00f3 addicional adre\u00e7ant-vos a la web de l&#8217;Ag\u00e8ncia Espanyola de Protecci\u00f3 de Dades https:\/\/www.aepd.es\/reglamento\/derechos\/index.html.<\/p>\n<p>Finalment, si considereu que el tractament de les vostres dades personals infringeix la normativa aplicable o, senzillament, no est\u00e0 satisfet amb l&#8217;exercici dels vostres drets, teniu dret a presentar una reclamaci\u00f3 davant l&#8217;Ag\u00e8ncia Espanyola de Protecci\u00f3 de Dades.<\/p>\n","protected":false},"excerpt":{"rendered":"<p>D&#8217;acord amb el que disposa el Reglament (UE) 2016\/679 del Parlament Europeu i del Consell de 27 d&#8217;abril de 2016<\/p>\n","protected":false},"author":1,"featured_media":0,"parent":0,"menu_order":0,"comment_status":"closed","ping_status":"closed","template":"","meta":{"_acf_changed":false,"footnotes":""},"class_list":["post-24450","page","type-page","status-publish","hentry"],"acf":[],"_links":{"self":[{"href":"https:\/\/www.tomatomonterosa.com\/ca\/wp-json\/wp\/v2\/pages\/24450","targetHints":{"allow":["GET"]}}],"collection":[{"href":"https:\/\/www.tomatomonterosa.com\/ca\/wp-json\/wp\/v2\/pages"}],"about":[{"href":"https:\/\/www.tomatomonterosa.com\/ca\/wp-json\/wp\/v2\/types\/page"}],"author":[{"embeddable":true,"href":"https:\/\/www.tomatomonterosa.com\/ca\/wp-json\/wp\/v2\/users\/1"}],"replies":[{"embeddable":true,"href":"https:\/\/www.tomatomonterosa.com\/ca\/wp-json\/wp\/v2\/comments?post=24450"}],"version-history":[{"count":0,"href":"https:\/\/www.tomatomonterosa.com\/ca\/wp-json\/wp\/v2\/pages\/24450\/revisions"}],"wp:attachment":[{"href":"https:\/\/www.tomatomonterosa.com\/ca\/wp-json\/wp\/v2\/media?parent=24450"}],"curies":[{"name":"wp","href":"https:\/\/api.w.org\/{rel}","templated":true}]}}